{"id":44,"date":"2016-06-29T06:35:38","date_gmt":"2016-06-29T06:35:38","guid":{"rendered":"http:\/\/jumbo-stehovani.cz\/nase-doporuceni\/"},"modified":"2025-09-25T13:03:45","modified_gmt":"2025-09-25T13:03:45","slug":"nase-doporuceni","status":"publish","type":"page","link":"https:\/\/jumbo-stehovani.cz\/en\/caste-dotazy\/nase-doporuceni\/","title":{"rendered":"Na\u0161e doporu\u010den\u00ed"},"content":{"rendered":"<div class=\"content article\">\n<ul class=\"multiline\">\n<li>Konzultujte sv\u00e9 st\u011bhov\u00e1n\u00ed s na\u0161imi profesion\u00e1ly. R\u00e1di v\u00e1m porad\u00edme jak\u00fdch chyb se p\u0159i st\u011bhov\u00e1n\u00ed vyvarovat.<\/li>\n<li>V p\u0159\u00edpad\u011b st\u011bhov\u00e1n\u00ed bytu, informujte sousedy v dom\u011b o pl\u00e1novan\u00e9m st\u011bhov\u00e1n\u00ed. P\u0159edejdete t\u00edm necht\u011bn\u00fdm nep\u0159\u00edjemnostem.<\/li>\n<li>Pokud pl\u00e1nujete st\u011bhov\u00e1n\u00ed o v\u00edkendu, je pot\u0159eba v\u0161e za\u010d\u00edt pl\u00e1novat se zna\u010dn\u00fdm p\u0159edstihem. V\u00edkendy b\u00fdvaj\u00ed v\u011bt\u0161inou v\u00edce obsazen\u00e9.<\/li>\n<li>Sestavte si seznam st\u011bhovan\u00fdch p\u0159edm\u011bt\u016f.<\/li>\n<li>Zajist\u011bte si kvalitn\u00ed bal\u00edc\u00ed slu\u017eby a dostatek kvalitn\u00edch obalov\u00fdch materi\u00e1l\u016f.<\/li>\n<li>Zabalen\u00e9 v\u011bci v\u017edy dob\u0159e ozna\u010dte. U\u0161et\u0159\u00edte si tak \u010das a zp\u0159ehledn\u00edte vybalov\u00e1n\u00ed.<\/li>\n<\/ul>\n<\/div>","protected":false},"excerpt":{"rendered":"<p>Konzultujte sv\u00e9 st\u011bhov\u00e1n\u00ed s na\u0161imi profesion\u00e1ly. R\u00e1di v\u00e1m porad\u00edme jak\u00fdch chyb se p\u0159i st\u011bhov\u00e1n\u00ed vyvarovat. V p\u0159\u00edpad\u011b st\u011bhov\u00e1n\u00ed bytu, informujte sousedy v dom\u011b o pl\u00e1novan\u00e9m st\u011bhov\u00e1n\u00ed. P\u0159edejdete t\u00edm necht\u011bn\u00fdm nep\u0159\u00edjemnostem. Pokud pl\u00e1nujete st\u011bhov\u00e1n\u00ed o v\u00edkendu, je pot\u0159eba v\u0161e za\u010d\u00edt pl\u00e1novat se zna\u010dn\u00fdm p\u0159edstihem. V\u00edkendy b\u00fdvaj\u00ed v\u011bt\u0161inou v\u00edce obsazen\u00e9. Sestavte si seznam st\u011bhovan\u00fdch p\u0159edm\u011bt\u016f. Zajist\u011bte si [&hellip;]<\/p>","protected":false},"author":1,"featured_media":0,"parent":18,"menu_order":19,"comment_status":"closed","ping_status":"closed","template":"","meta":{"ngg_post_thumbnail":0,"footnotes":""},"class_list":["post-44","page","type-page","status-publish","hentry"],"yoast_head":"<!-- This site is optimized with the Yoast SEO plugin v26.0 - https:\/\/yoast.com\/wordpress\/plugins\/seo\/ -->\n<title>Na\u0161e doporu\u010den\u00ed - Jumbo St\u011bhov\u00e1n\u00ed<\/title>\n<meta name=\"robots\" content=\"index, follow, max-snippet:-1, max-image-preview:large, max-video-preview:-1\" \/>\n<link rel=\"canonical\" href=\"https:\/\/jumbo-stehovani.cz\/en\/caste-dotazy\/nase-doporuceni\/\" \/>\n<meta property=\"og:locale\" content=\"en_GB\" \/>\n<meta property=\"og:type\" content=\"article\" \/>\n<meta property=\"og:title\" content=\"Na\u0161e doporu\u010den\u00ed - Jumbo St\u011bhov\u00e1n\u00ed\" \/>\n<meta property=\"og:description\" content=\"Konzultujte sv\u00e9 st\u011bhov\u00e1n\u00ed s na\u0161imi profesion\u00e1ly. R\u00e1di v\u00e1m porad\u00edme jak\u00fdch chyb se p\u0159i st\u011bhov\u00e1n\u00ed vyvarovat. V p\u0159\u00edpad\u011b st\u011bhov\u00e1n\u00ed bytu, informujte sousedy v dom\u011b o pl\u00e1novan\u00e9m st\u011bhov\u00e1n\u00ed. P\u0159edejdete t\u00edm necht\u011bn\u00fdm nep\u0159\u00edjemnostem. Pokud pl\u00e1nujete st\u011bhov\u00e1n\u00ed o v\u00edkendu, je pot\u0159eba v\u0161e za\u010d\u00edt pl\u00e1novat se zna\u010dn\u00fdm p\u0159edstihem. V\u00edkendy b\u00fdvaj\u00ed v\u011bt\u0161inou v\u00edce obsazen\u00e9. Sestavte si seznam st\u011bhovan\u00fdch p\u0159edm\u011bt\u016f. Zajist\u011bte si [&hellip;]\" \/>\n<meta property=\"og:url\" content=\"https:\/\/jumbo-stehovani.cz\/en\/caste-dotazy\/nase-doporuceni\/\" \/>\n<meta property=\"og:site_name\" content=\"Jumbo St\u011bhov\u00e1n\u00ed\" \/>\n<meta property=\"article:modified_time\" content=\"2025-09-25T13:03:45+00:00\" \/>\n<meta name=\"twitter:card\" content=\"summary_large_image\" \/>\n<meta name=\"twitter:label1\" content=\"Estimated reading time\" \/>\n\t<meta name=\"twitter:data1\" content=\"1 minute\" \/>\n<script type=\"application\/ld+json\" class=\"yoast-schema-graph\">{\"@context\":\"https:\/\/schema.org\",\"@graph\":[{\"@type\":\"WebPage\",\"@id\":\"https:\/\/jumbo-stehovani.cz\/en\/caste-dotazy\/nase-doporuceni\/\",\"url\":\"https:\/\/jumbo-stehovani.cz\/en\/caste-dotazy\/nase-doporuceni\/\",\"name\":\"Na\u0161e doporu\u010den\u00ed - Jumbo St\u011bhov\u00e1n\u00ed\",\"isPartOf\":{\"@id\":\"https:\/\/jumbo-stehovani.cz\/#website\"},\"datePublished\":\"2016-06-29T06:35:38+00:00\",\"dateModified\":\"2025-09-25T13:03:45+00:00\",\"breadcrumb\":{\"@id\":\"https:\/\/jumbo-stehovani.cz\/en\/caste-dotazy\/nase-doporuceni\/#breadcrumb\"},\"inLanguage\":\"en-GB\",\"potentialAction\":[{\"@type\":\"ReadAction\",\"target\":[\"https:\/\/jumbo-stehovani.cz\/en\/caste-dotazy\/nase-doporuceni\/\"]}]},{\"@type\":\"BreadcrumbList\",\"@id\":\"https:\/\/jumbo-stehovani.cz\/en\/caste-dotazy\/nase-doporuceni\/#breadcrumb\",\"itemListElement\":[{\"@type\":\"ListItem\",\"position\":1,\"name\":\"Dom\u016f\",\"item\":\"https:\/\/jumbo-stehovani.cz\/\"},{\"@type\":\"ListItem\",\"position\":2,\"name\":\"\u010cast\u00e9 dotazy\",\"item\":\"https:\/\/jumbo-stehovani.cz\/caste-dotazy\/\"},{\"@type\":\"ListItem\",\"position\":3,\"name\":\"Na\u0161e doporu\u010den\u00ed\"}]},{\"@type\":\"WebSite\",\"@id\":\"https:\/\/jumbo-stehovani.cz\/#website\",\"url\":\"https:\/\/jumbo-stehovani.cz\/\",\"name\":\"Jumbo St\u011bhov\u00e1n\u00ed\",\"description\":\"\",\"publisher\":{\"@id\":\"https:\/\/jumbo-stehovani.cz\/#organization\"},\"potentialAction\":[{\"@type\":\"SearchAction\",\"target\":{\"@type\":\"EntryPoint\",\"urlTemplate\":\"https:\/\/jumbo-stehovani.cz\/?s={search_term_string}\"},\"query-input\":{\"@type\":\"PropertyValueSpecification\",\"valueRequired\":true,\"valueName\":\"search_term_string\"}}],\"inLanguage\":\"en-GB\"},{\"@type\":\"Organization\",\"@id\":\"https:\/\/jumbo-stehovani.cz\/#organization\",\"name\":\"Jumbo St\u011bhov\u00e1n\u00ed\",\"url\":\"https:\/\/jumbo-stehovani.cz\/\",\"logo\":{\"@type\":\"ImageObject\",\"inLanguage\":\"en-GB\",\"@id\":\"https:\/\/jumbo-stehovani.cz\/#\/schema\/logo\/image\/\",\"url\":\"https:\/\/jumbo-stehovani.cz\/wp-content\/uploads\/2025\/09\/menu-logo.png\",\"contentUrl\":\"https:\/\/jumbo-stehovani.cz\/wp-content\/uploads\/2025\/09\/menu-logo.png\",\"width\":90,\"height\":47,\"caption\":\"Jumbo St\u011bhov\u00e1n\u00ed\"},\"image\":{\"@id\":\"https:\/\/jumbo-stehovani.cz\/#\/schema\/logo\/image\/\"}}]}<\/script>\n<!-- \/ Yoast SEO plugin. -->","yoast_head_json":{"title":"Na\u0161e doporu\u010den\u00ed - Jumbo St\u011bhov\u00e1n\u00ed","robots":{"index":"index","follow":"follow","max-snippet":"max-snippet:-1","max-image-preview":"max-image-preview:large","max-video-preview":"max-video-preview:-1"},"canonical":"https:\/\/jumbo-stehovani.cz\/en\/caste-dotazy\/nase-doporuceni\/","og_locale":"en_GB","og_type":"article","og_title":"Na\u0161e doporu\u010den\u00ed - Jumbo St\u011bhov\u00e1n\u00ed","og_description":"Konzultujte sv\u00e9 st\u011bhov\u00e1n\u00ed s na\u0161imi profesion\u00e1ly. R\u00e1di v\u00e1m porad\u00edme jak\u00fdch chyb se p\u0159i st\u011bhov\u00e1n\u00ed vyvarovat. V p\u0159\u00edpad\u011b st\u011bhov\u00e1n\u00ed bytu, informujte sousedy v dom\u011b o pl\u00e1novan\u00e9m st\u011bhov\u00e1n\u00ed. P\u0159edejdete t\u00edm necht\u011bn\u00fdm nep\u0159\u00edjemnostem. Pokud pl\u00e1nujete st\u011bhov\u00e1n\u00ed o v\u00edkendu, je pot\u0159eba v\u0161e za\u010d\u00edt pl\u00e1novat se zna\u010dn\u00fdm p\u0159edstihem. V\u00edkendy b\u00fdvaj\u00ed v\u011bt\u0161inou v\u00edce obsazen\u00e9. Sestavte si seznam st\u011bhovan\u00fdch p\u0159edm\u011bt\u016f. Zajist\u011bte si [&hellip;]","og_url":"https:\/\/jumbo-stehovani.cz\/en\/caste-dotazy\/nase-doporuceni\/","og_site_name":"Jumbo St\u011bhov\u00e1n\u00ed","article_modified_time":"2025-09-25T13:03:45+00:00","twitter_card":"summary_large_image","twitter_misc":{"Estimated reading time":"1 minute"},"schema":{"@context":"https:\/\/schema.org","@graph":[{"@type":"WebPage","@id":"https:\/\/jumbo-stehovani.cz\/en\/caste-dotazy\/nase-doporuceni\/","url":"https:\/\/jumbo-stehovani.cz\/en\/caste-dotazy\/nase-doporuceni\/","name":"Na\u0161e doporu\u010den\u00ed - Jumbo St\u011bhov\u00e1n\u00ed","isPartOf":{"@id":"https:\/\/jumbo-stehovani.cz\/#website"},"datePublished":"2016-06-29T06:35:38+00:00","dateModified":"2025-09-25T13:03:45+00:00","breadcrumb":{"@id":"https:\/\/jumbo-stehovani.cz\/en\/caste-dotazy\/nase-doporuceni\/#breadcrumb"},"inLanguage":"en-GB","potentialAction":[{"@type":"ReadAction","target":["https:\/\/jumbo-stehovani.cz\/en\/caste-dotazy\/nase-doporuceni\/"]}]},{"@type":"BreadcrumbList","@id":"https:\/\/jumbo-stehovani.cz\/en\/caste-dotazy\/nase-doporuceni\/#breadcrumb","itemListElement":[{"@type":"ListItem","position":1,"name":"Dom\u016f","item":"https:\/\/jumbo-stehovani.cz\/"},{"@type":"ListItem","position":2,"name":"\u010cast\u00e9 dotazy","item":"https:\/\/jumbo-stehovani.cz\/caste-dotazy\/"},{"@type":"ListItem","position":3,"name":"Na\u0161e doporu\u010den\u00ed"}]},{"@type":"WebSite","@id":"https:\/\/jumbo-stehovani.cz\/#website","url":"https:\/\/jumbo-stehovani.cz\/","name":"Jumbo St\u011bhov\u00e1n\u00ed","description":"","publisher":{"@id":"https:\/\/jumbo-stehovani.cz\/#organization"},"potentialAction":[{"@type":"SearchAction","target":{"@type":"EntryPoint","urlTemplate":"https:\/\/jumbo-stehovani.cz\/?s={search_term_string}"},"query-input":{"@type":"PropertyValueSpecification","valueRequired":true,"valueName":"search_term_string"}}],"inLanguage":"en-GB"},{"@type":"Organization","@id":"https:\/\/jumbo-stehovani.cz\/#organization","name":"Jumbo St\u011bhov\u00e1n\u00ed","url":"https:\/\/jumbo-stehovani.cz\/","logo":{"@type":"ImageObject","inLanguage":"en-GB","@id":"https:\/\/jumbo-stehovani.cz\/#\/schema\/logo\/image\/","url":"https:\/\/jumbo-stehovani.cz\/wp-content\/uploads\/2025\/09\/menu-logo.png","contentUrl":"https:\/\/jumbo-stehovani.cz\/wp-content\/uploads\/2025\/09\/menu-logo.png","width":90,"height":47,"caption":"Jumbo St\u011bhov\u00e1n\u00ed"},"image":{"@id":"https:\/\/jumbo-stehovani.cz\/#\/schema\/logo\/image\/"}}]}},"_links":{"self":[{"href":"https:\/\/jumbo-stehovani.cz\/en\/wp-json\/wp\/v2\/pages\/44","targetHints":{"allow":["GET"]}}],"collection":[{"href":"https:\/\/jumbo-stehovani.cz\/en\/wp-json\/wp\/v2\/pages"}],"about":[{"href":"https:\/\/jumbo-stehovani.cz\/en\/wp-json\/wp\/v2\/types\/page"}],"author":[{"embeddable":true,"href":"https:\/\/jumbo-stehovani.cz\/en\/wp-json\/wp\/v2\/users\/1"}],"replies":[{"embeddable":true,"href":"https:\/\/jumbo-stehovani.cz\/en\/wp-json\/wp\/v2\/comments?post=44"}],"version-history":[{"count":1,"href":"https:\/\/jumbo-stehovani.cz\/en\/wp-json\/wp\/v2\/pages\/44\/revisions"}],"predecessor-version":[{"id":168,"href":"https:\/\/jumbo-stehovani.cz\/en\/wp-json\/wp\/v2\/pages\/44\/revisions\/168"}],"up":[{"embeddable":true,"href":"https:\/\/jumbo-stehovani.cz\/en\/wp-json\/wp\/v2\/pages\/18"}],"wp:attachment":[{"href":"https:\/\/jumbo-stehovani.cz\/en\/wp-json\/wp\/v2\/media?parent=44"}],"curies":[{"name":"wp","href":"https:\/\/api.w.org\/{rel}","templated":true}]}}