{"id":40,"date":"2016-06-28T10:58:31","date_gmt":"2016-06-28T10:58:31","guid":{"rendered":"http:\/\/jumbo-stehovani.cz\/stehovani-praha\/"},"modified":"2025-09-25T14:56:46","modified_gmt":"2025-09-25T14:56:46","slug":"stehovani-praha","status":"publish","type":"page","link":"https:\/\/jumbo-stehovani.cz\/en\/sluzby\/stehovani-praha\/","title":{"rendered":"Moving in Prague"},"content":{"rendered":"<div class=\"content article\">\n<p>Jste z&nbsp;Prahy nebo jej\u00edho okol\u00ed a hled\u00e1te profesion\u00e1ln\u00ed st\u011bhovac\u00ed firmu, kter\u00e1 v\u00e1m nab\u00eddne pouze kvalitn\u00ed a spolehliv\u00e9 slu\u017eby? Pokud ano, jsme tady my, st\u011bhovac\u00ed firma JUMBO&nbsp;ST\u011aHOV\u00c1N\u00cd.<\/p>\n<h3>Co v\u00e1m nab\u00edz\u00edme?<\/h3>\n<p>Jsme zku\u0161en\u00e1 spole\u010dnost se s\u00eddlem v&nbsp;Praze&nbsp;10&nbsp;\u2011&nbsp;Michle, kter\u00e1 poskytuje st\u011bhovac\u00ed slu\u017eby nejen pra\u017esk\u00fdm klient\u016fm a klient\u016fm z&nbsp;cel\u00e9 \u010cesk\u00e9&nbsp;republiky, ale tak\u00e9 klient\u016fm z&nbsp;Evropy.<\/p>\n<h3>Na\u0161e st\u011bhovac\u00ed slu\u017eby se orientuj\u00ed na:<\/h3>\n<ul>\n\n<li><a href=\"\/en\/sluzby\/stehovani-tezkych-bremen\/\" hreflang=\"cs\">moving heavy loads<\/a><\/li>\n\n<li><a href=\"\/en\/sluzby\/stehovani-bytu\/\" hreflang=\"cs\">st\u011bhov\u00e1n\u00ed rodinn\u00fdch dom\u016f, byt\u016f, sklep\u016f<\/a><\/li>\n\n<li><a href=\"\/en\/sluzby\/stehovani-firem-a-kancelari\/\" hreflang=\"cs\">st\u011bhov\u00e1n\u00ed kancel\u00e1\u0159\u00ed a firemn\u00edch prostor<\/a><\/li>\n\n<li><a href=\"\/en\/sluzby\/stehovani-firem-a-kancelari\/\" hreflang=\"cs\">st\u011bhov\u00e1n\u00ed bank a \u00fa\u0159ad\u016f<\/a><\/li>\n\n<li><a href=\"\/en\/sluzby\/stehovani-pro-firmy\/\" hreflang=\"cs\">st\u011bhov\u00e1n\u00ed chlad\u00edc\u00edch za\u0159\u00edzen\u00ed a klimatizac\u00ed<\/a><\/li>\n\n<li><a href=\"\/en\/sluzby\/stehovani-firem-a-kancelari\/\" hreflang=\"cs\">st\u011bhov\u00e1n\u00ed sklad\u016f a d\u00edlen<\/a><\/li>\n\n<li>a st\u011bhov\u00e1n\u00ed mnoh\u00fdch dal\u0161\u00edch prostor&#8230;<\/li>\n<\/ul>\n<p>Sou\u010d\u00e1st\u00ed na\u0161ich st\u011bhovac\u00edch slu\u017eeb je nab\u00eddka st\u011bhov\u00e1n\u00ed na kl\u00ed\u010d, co\u017e zahrnuje spolehliv\u00e9 a kvalitn\u00ed slu\u017eby po\u010d\u00ednaje zabalen\u00edm a kon\u010de vybalen\u00edm va\u0161ich v\u011bc\u00ed.<\/p>\n<h3>St\u011bhov\u00e1n\u00ed v&nbsp;Praze s&nbsp;JUMBO&nbsp;ST\u011aHOV\u00c1N\u00cd<\/h3>\n<p>P\u0159ich\u00e1z\u00edme k&nbsp;v\u00e1m s&nbsp;nab\u00eddkou rychl\u00e9ho zaji\u0161t\u011bn\u00ed p\u0159est\u011bhov\u00e1n\u00ed va\u0161eho majetku. Sv\u00e9 <a href=\"\/en\/sluzby\/stehovaci-sluzby-profesionalne\/\" hreflang=\"cs\">moving services<\/a> c\u00edl\u00edme tak\u00e9 na klienta z&nbsp;Prahy, pro kter\u00e9 r\u00e1di vytvo\u0159\u00edme st\u011bhovac\u00ed pl\u00e1n p\u0159esn\u011b podle pot\u0159eb a po\u017eadavk\u016f ka\u017ed\u00e9ho klienta. Sv\u00e9 st\u011bhovac\u00ed slu\u017eby tak\u00e9 pod\u0159izujeme ur\u010dit\u011b lokalit\u011b a dostupnosti m\u00edsta.<\/p>\n<p>Sou\u010d\u00e1st\u00ed na\u0161ich slu\u017eby St\u011bhov\u00e1n\u00ed v&nbsp;Praze zajist\u00edme tak\u00e9 ve\u0161kerou pot\u0159ebnou dokumentaci, d\u00e1le demont\u00e1\u017e r\u016fzn\u00fdch za\u0159\u00edzen\u00ed, odpojen\u00ed p\u0159edm\u011bt\u016f, zabalen\u00ed, nalo\u017een\u00ed, zajist\u00edme bezpe\u010dn\u00fd p\u0159evoz s&nbsp;maxim\u00e1ln\u00edm d\u016frazem na bezpe\u010dnost a ochranu st\u011bhovan\u00fdch p\u0159edm\u011bt\u016f.<\/p>\n<p>D\u00edky na\u0161im bohat\u00fdm zku\u0161enostem a dlouhodob\u00e9mu pohybu v&nbsp;oboru v\u00e1m m\u016f\u017eete zajistit skute\u010dnou kvalitu na\u0161ich slu\u017eeb a maxim\u00e1ln\u00ed spolehlivost.<\/p>\n<\/div>","protected":false},"excerpt":{"rendered":"<p>Jste z&nbsp;Prahy nebo jej\u00edho okol\u00ed a hled\u00e1te profesion\u00e1ln\u00ed st\u011bhovac\u00ed firmu, kter\u00e1 v\u00e1m nab\u00eddne pouze kvalitn\u00ed a spolehliv\u00e9 slu\u017eby? Pokud ano, jsme tady my, st\u011bhovac\u00ed firma JUMBO&nbsp;ST\u011aHOV\u00c1N\u00cd. Co v\u00e1m nab\u00edz\u00edme? Jsme zku\u0161en\u00e1 spole\u010dnost se s\u00eddlem v&nbsp;Praze&nbsp;10&nbsp;\u2011&nbsp;Michle, kter\u00e1 poskytuje st\u011bhovac\u00ed slu\u017eby nejen pra\u017esk\u00fdm klient\u016fm a klient\u016fm z&nbsp;cel\u00e9 \u010cesk\u00e9&nbsp;republiky, ale tak\u00e9 klient\u016fm z&nbsp;Evropy. Na\u0161e st\u011bhovac\u00ed slu\u017eby se orientuj\u00ed [&hellip;]<\/p>","protected":false},"author":1,"featured_media":0,"parent":15,"menu_order":20,"comment_status":"closed","ping_status":"closed","template":"","meta":{"ngg_post_thumbnail":0,"footnotes":""},"class_list":["post-40","page","type-page","status-publish","hentry"],"yoast_head":"<!-- This site is optimized with the Yoast SEO plugin v26.0 - https:\/\/yoast.com\/wordpress\/plugins\/seo\/ -->\n<title>St\u011bhov\u00e1n\u00ed Praha - Jumbo St\u011bhov\u00e1n\u00ed<\/title>\n<meta name=\"robots\" content=\"index, follow, max-snippet:-1, max-image-preview:large, max-video-preview:-1\" \/>\n<link rel=\"canonical\" href=\"https:\/\/jumbo-stehovani.cz\/en\/sluzby\/stehovani-praha\/\" \/>\n<meta property=\"og:locale\" content=\"en_GB\" \/>\n<meta property=\"og:type\" content=\"article\" \/>\n<meta property=\"og:title\" content=\"St\u011bhov\u00e1n\u00ed Praha - Jumbo St\u011bhov\u00e1n\u00ed\" \/>\n<meta property=\"og:description\" content=\"Jste z&nbsp;Prahy nebo jej\u00edho okol\u00ed a hled\u00e1te profesion\u00e1ln\u00ed st\u011bhovac\u00ed firmu, kter\u00e1 v\u00e1m nab\u00eddne pouze kvalitn\u00ed a spolehliv\u00e9 slu\u017eby? Pokud ano, jsme tady my, st\u011bhovac\u00ed firma JUMBO&nbsp;ST\u011aHOV\u00c1N\u00cd. Co v\u00e1m nab\u00edz\u00edme? Jsme zku\u0161en\u00e1 spole\u010dnost se s\u00eddlem v&nbsp;Praze&nbsp;10&nbsp;\u2011&nbsp;Michle, kter\u00e1 poskytuje st\u011bhovac\u00ed slu\u017eby nejen pra\u017esk\u00fdm klient\u016fm a klient\u016fm z&nbsp;cel\u00e9 \u010cesk\u00e9&nbsp;republiky, ale tak\u00e9 klient\u016fm z&nbsp;Evropy. Na\u0161e st\u011bhovac\u00ed slu\u017eby se orientuj\u00ed [&hellip;]\" \/>\n<meta property=\"og:url\" content=\"https:\/\/jumbo-stehovani.cz\/en\/sluzby\/stehovani-praha\/\" \/>\n<meta property=\"og:site_name\" content=\"Jumbo St\u011bhov\u00e1n\u00ed\" \/>\n<meta property=\"article:modified_time\" content=\"2025-09-25T14:56:46+00:00\" \/>\n<meta name=\"twitter:card\" content=\"summary_large_image\" \/>\n<meta name=\"twitter:label1\" content=\"Estimated reading time\" \/>\n\t<meta name=\"twitter:data1\" content=\"2 minutes\" \/>\n<script type=\"application\/ld+json\" class=\"yoast-schema-graph\">{\"@context\":\"https:\/\/schema.org\",\"@graph\":[{\"@type\":\"WebPage\",\"@id\":\"https:\/\/jumbo-stehovani.cz\/en\/sluzby\/stehovani-praha\/\",\"url\":\"https:\/\/jumbo-stehovani.cz\/en\/sluzby\/stehovani-praha\/\",\"name\":\"St\u011bhov\u00e1n\u00ed Praha - Jumbo St\u011bhov\u00e1n\u00ed\",\"isPartOf\":{\"@id\":\"https:\/\/jumbo-stehovani.cz\/#website\"},\"datePublished\":\"2016-06-28T10:58:31+00:00\",\"dateModified\":\"2025-09-25T14:56:46+00:00\",\"breadcrumb\":{\"@id\":\"https:\/\/jumbo-stehovani.cz\/en\/sluzby\/stehovani-praha\/#breadcrumb\"},\"inLanguage\":\"en-GB\",\"potentialAction\":[{\"@type\":\"ReadAction\",\"target\":[\"https:\/\/jumbo-stehovani.cz\/en\/sluzby\/stehovani-praha\/\"]}]},{\"@type\":\"BreadcrumbList\",\"@id\":\"https:\/\/jumbo-stehovani.cz\/en\/sluzby\/stehovani-praha\/#breadcrumb\",\"itemListElement\":[{\"@type\":\"ListItem\",\"position\":1,\"name\":\"Dom\u016f\",\"item\":\"https:\/\/jumbo-stehovani.cz\/\"},{\"@type\":\"ListItem\",\"position\":2,\"name\":\"Slu\u017eby\",\"item\":\"https:\/\/jumbo-stehovani.cz\/sluzby\/\"},{\"@type\":\"ListItem\",\"position\":3,\"name\":\"St\u011bhov\u00e1n\u00ed Praha\"}]},{\"@type\":\"WebSite\",\"@id\":\"https:\/\/jumbo-stehovani.cz\/#website\",\"url\":\"https:\/\/jumbo-stehovani.cz\/\",\"name\":\"Jumbo St\u011bhov\u00e1n\u00ed\",\"description\":\"\",\"publisher\":{\"@id\":\"https:\/\/jumbo-stehovani.cz\/#organization\"},\"potentialAction\":[{\"@type\":\"SearchAction\",\"target\":{\"@type\":\"EntryPoint\",\"urlTemplate\":\"https:\/\/jumbo-stehovani.cz\/?s={search_term_string}\"},\"query-input\":{\"@type\":\"PropertyValueSpecification\",\"valueRequired\":true,\"valueName\":\"search_term_string\"}}],\"inLanguage\":\"en-GB\"},{\"@type\":\"Organization\",\"@id\":\"https:\/\/jumbo-stehovani.cz\/#organization\",\"name\":\"Jumbo St\u011bhov\u00e1n\u00ed\",\"url\":\"https:\/\/jumbo-stehovani.cz\/\",\"logo\":{\"@type\":\"ImageObject\",\"inLanguage\":\"en-GB\",\"@id\":\"https:\/\/jumbo-stehovani.cz\/#\/schema\/logo\/image\/\",\"url\":\"https:\/\/jumbo-stehovani.cz\/wp-content\/uploads\/2025\/09\/menu-logo.png\",\"contentUrl\":\"https:\/\/jumbo-stehovani.cz\/wp-content\/uploads\/2025\/09\/menu-logo.png\",\"width\":90,\"height\":47,\"caption\":\"Jumbo St\u011bhov\u00e1n\u00ed\"},\"image\":{\"@id\":\"https:\/\/jumbo-stehovani.cz\/#\/schema\/logo\/image\/\"}}]}<\/script>\n<!-- \/ Yoast SEO plugin. -->","yoast_head_json":{"title":"St\u011bhov\u00e1n\u00ed Praha - Jumbo St\u011bhov\u00e1n\u00ed","robots":{"index":"index","follow":"follow","max-snippet":"max-snippet:-1","max-image-preview":"max-image-preview:large","max-video-preview":"max-video-preview:-1"},"canonical":"https:\/\/jumbo-stehovani.cz\/en\/sluzby\/stehovani-praha\/","og_locale":"en_GB","og_type":"article","og_title":"St\u011bhov\u00e1n\u00ed Praha - Jumbo St\u011bhov\u00e1n\u00ed","og_description":"Jste z&nbsp;Prahy nebo jej\u00edho okol\u00ed a hled\u00e1te profesion\u00e1ln\u00ed st\u011bhovac\u00ed firmu, kter\u00e1 v\u00e1m nab\u00eddne pouze kvalitn\u00ed a spolehliv\u00e9 slu\u017eby? Pokud ano, jsme tady my, st\u011bhovac\u00ed firma JUMBO&nbsp;ST\u011aHOV\u00c1N\u00cd. Co v\u00e1m nab\u00edz\u00edme? Jsme zku\u0161en\u00e1 spole\u010dnost se s\u00eddlem v&nbsp;Praze&nbsp;10&nbsp;\u2011&nbsp;Michle, kter\u00e1 poskytuje st\u011bhovac\u00ed slu\u017eby nejen pra\u017esk\u00fdm klient\u016fm a klient\u016fm z&nbsp;cel\u00e9 \u010cesk\u00e9&nbsp;republiky, ale tak\u00e9 klient\u016fm z&nbsp;Evropy. Na\u0161e st\u011bhovac\u00ed slu\u017eby se orientuj\u00ed [&hellip;]","og_url":"https:\/\/jumbo-stehovani.cz\/en\/sluzby\/stehovani-praha\/","og_site_name":"Jumbo St\u011bhov\u00e1n\u00ed","article_modified_time":"2025-09-25T14:56:46+00:00","twitter_card":"summary_large_image","twitter_misc":{"Estimated reading time":"2 minutes"},"schema":{"@context":"https:\/\/schema.org","@graph":[{"@type":"WebPage","@id":"https:\/\/jumbo-stehovani.cz\/en\/sluzby\/stehovani-praha\/","url":"https:\/\/jumbo-stehovani.cz\/en\/sluzby\/stehovani-praha\/","name":"St\u011bhov\u00e1n\u00ed Praha - Jumbo St\u011bhov\u00e1n\u00ed","isPartOf":{"@id":"https:\/\/jumbo-stehovani.cz\/#website"},"datePublished":"2016-06-28T10:58:31+00:00","dateModified":"2025-09-25T14:56:46+00:00","breadcrumb":{"@id":"https:\/\/jumbo-stehovani.cz\/en\/sluzby\/stehovani-praha\/#breadcrumb"},"inLanguage":"en-GB","potentialAction":[{"@type":"ReadAction","target":["https:\/\/jumbo-stehovani.cz\/en\/sluzby\/stehovani-praha\/"]}]},{"@type":"BreadcrumbList","@id":"https:\/\/jumbo-stehovani.cz\/en\/sluzby\/stehovani-praha\/#breadcrumb","itemListElement":[{"@type":"ListItem","position":1,"name":"Dom\u016f","item":"https:\/\/jumbo-stehovani.cz\/"},{"@type":"ListItem","position":2,"name":"Slu\u017eby","item":"https:\/\/jumbo-stehovani.cz\/sluzby\/"},{"@type":"ListItem","position":3,"name":"St\u011bhov\u00e1n\u00ed Praha"}]},{"@type":"WebSite","@id":"https:\/\/jumbo-stehovani.cz\/#website","url":"https:\/\/jumbo-stehovani.cz\/","name":"Jumbo St\u011bhov\u00e1n\u00ed","description":"","publisher":{"@id":"https:\/\/jumbo-stehovani.cz\/#organization"},"potentialAction":[{"@type":"SearchAction","target":{"@type":"EntryPoint","urlTemplate":"https:\/\/jumbo-stehovani.cz\/?s={search_term_string}"},"query-input":{"@type":"PropertyValueSpecification","valueRequired":true,"valueName":"search_term_string"}}],"inLanguage":"en-GB"},{"@type":"Organization","@id":"https:\/\/jumbo-stehovani.cz\/#organization","name":"Jumbo St\u011bhov\u00e1n\u00ed","url":"https:\/\/jumbo-stehovani.cz\/","logo":{"@type":"ImageObject","inLanguage":"en-GB","@id":"https:\/\/jumbo-stehovani.cz\/#\/schema\/logo\/image\/","url":"https:\/\/jumbo-stehovani.cz\/wp-content\/uploads\/2025\/09\/menu-logo.png","contentUrl":"https:\/\/jumbo-stehovani.cz\/wp-content\/uploads\/2025\/09\/menu-logo.png","width":90,"height":47,"caption":"Jumbo St\u011bhov\u00e1n\u00ed"},"image":{"@id":"https:\/\/jumbo-stehovani.cz\/#\/schema\/logo\/image\/"}}]}},"_links":{"self":[{"href":"https:\/\/jumbo-stehovani.cz\/en\/wp-json\/wp\/v2\/pages\/40","targetHints":{"allow":["GET"]}}],"collection":[{"href":"https:\/\/jumbo-stehovani.cz\/en\/wp-json\/wp\/v2\/pages"}],"about":[{"href":"https:\/\/jumbo-stehovani.cz\/en\/wp-json\/wp\/v2\/types\/page"}],"author":[{"embeddable":true,"href":"https:\/\/jumbo-stehovani.cz\/en\/wp-json\/wp\/v2\/users\/1"}],"replies":[{"embeddable":true,"href":"https:\/\/jumbo-stehovani.cz\/en\/wp-json\/wp\/v2\/comments?post=40"}],"version-history":[{"count":3,"href":"https:\/\/jumbo-stehovani.cz\/en\/wp-json\/wp\/v2\/pages\/40\/revisions"}],"predecessor-version":[{"id":314,"href":"https:\/\/jumbo-stehovani.cz\/en\/wp-json\/wp\/v2\/pages\/40\/revisions\/314"}],"up":[{"embeddable":true,"href":"https:\/\/jumbo-stehovani.cz\/en\/wp-json\/wp\/v2\/pages\/15"}],"wp:attachment":[{"href":"https:\/\/jumbo-stehovani.cz\/en\/wp-json\/wp\/v2\/media?parent=40"}],"curies":[{"name":"wp","href":"https:\/\/api.w.org\/{rel}","templated":true}]}}