{"id":39,"date":"2016-06-28T09:12:14","date_gmt":"2016-06-28T09:12:14","guid":{"rendered":"http:\/\/jumbo-stehovani.cz\/stehovani-s-nami\/"},"modified":"2025-09-25T14:54:30","modified_gmt":"2025-09-25T14:54:30","slug":"stehovani-s-nami","status":"publish","type":"page","link":"https:\/\/jumbo-stehovani.cz\/en\/sluzby\/stehovani-s-nami\/","title":{"rendered":"St\u011bhov\u00e1n\u00ed s n\u00e1mi"},"content":{"rendered":"<div class=\"content article\">\n<p>Pro v\u0161echny sv\u00e9 klienty nejen z&nbsp;\u010cesk\u00e9&nbsp;republiky, ale tak\u00e9 z&nbsp;cel\u00e9 Evropy jsme zde my, profesion\u00e1ln\u00ed spole\u010dnost JUMBO ST\u011aHOV\u00c1N\u00cd. Na\u0161\u00ed specializac\u00ed jsou st\u011bhovac\u00ed slu\u017eby pro \u0161irok\u00fd rozsah z\u00e1kazn\u00edk\u016f. Nab\u00edz\u00edme prvot\u0159\u00eddn\u00ed kvality, rychlost, spolehlivost a dokonal\u00e9 slu\u017eby podpo\u0159en\u00e9 vlastn\u00edm technick\u00fdm i pracovn\u00edm potenci\u00e1lem.<\/p>\n<p>Na jak\u00e9 st\u011bhovac\u00ed slu\u017eby se specializujeme?<\/p>\n<ul>\n\n<li><a href=\"\/en\/sluzby\/stehovani-tezkych-bremen\/\">moving heavy loads<\/a> do v\u00e1hy a\u017e 300 tun<\/li>\n\n<li><a href=\"\/en\/sluzby\/stehovani-bytu\/\">moving apartments<\/a> a <a href=\"\/en\/sluzby\/stehovani-firem-a-kancelari\/\">kancel\u00e1\u0159\u00ed<\/a><\/li>\n\n<li><a href=\"\/en\/sluzby\/stehovani-firem-a-kancelari\/\">st\u011bhov\u00e1n\u00ed firem a jejich prostor<\/a><\/li>\n\n<li><a href=\"\/en\/sluzby\/stehovani-firem-a-kancelari\/\">st\u011bhov\u00e1n\u00ed bank a \u00fa\u0159ad\u016f<\/a><\/li>\n\n<li><a href=\"\/en\/sluzby\/stehovani-pro-firmy\/\">st\u011bhov\u00e1n\u00ed chlad\u00edc\u00edch za\u0159\u00edzen\u00ed a klimatizac\u00ed<\/a><\/li>\n\n<li><a href=\"\/en\/sluzby\/stehovani-firem-a-kancelari\/\">st\u011bhov\u00e1n\u00ed sklad\u016f a d\u00edlen<\/a><\/li>\n\n<li><a href=\"\/en\/sluzby\/stehovani-bytu\/\">st\u011bhov\u00e1n\u00ed dom\u00e1cnost\u00ed, byt\u016f a rodinn\u00fdch dom\u016f<\/a><\/li>\n\n<li><a href=\"\/en\/sluzby\/stehovani-bytu\/\">st\u011bhov\u00e1n\u00ed sklep\u016f a p\u016fd<\/a><\/li>\n\n<\/ul>\n<h3>Jak si m\u016f\u017eete objednat na\u0161e slu\u017eby?<\/h3>\n<p>Je to jednoduch\u00e9. Vyu\u017eijte n\u00e1\u0161 nez\u00e1vazn\u00fd <a href=\"\/en\/poptavka\/\">popt\u00e1vkov\u00fd formul\u00e1\u0159<\/a>. Jakmile va\u0161i popt\u00e1vku zpracujeme, zkontaktujeme se s&nbsp;v\u00e1mi v&nbsp;co nejkrat\u0161\u00ed dob\u011b a domluv\u00edme s&nbsp;v\u00e1mi podrobnosti a n\u00e1le\u017eit\u00e9 podm\u00ednky st\u011bhov\u00e1n\u00ed z&nbsp;va\u0161\u00ed i na\u0161\u00ed strany.<\/p>\n<p>K&nbsp;dispozici jsou v\u00e1m tak\u00e9 na\u0161e kontaktn\u00ed \u00fadaje jak telefonick\u00e9, tak mobiln\u00ed i emailov\u00e9, kter\u00e9 naleznete v sekci <a href=\"\/en\/kontakty\/\">Contacts<\/a>.<\/p>\n<p>\u017d\u00e1d\u00e1te-li si p\u0159est\u011bhovat va\u0161e v\u011bci a majetky rychle, bez probl\u00e9m\u016f, bezpe\u010dn\u011b a kvalitn\u011b, <a href=\"\/en\/kontakty\/\">kontaktujte n\u00e1s<\/a>. Na\u0161e st\u011bhovac\u00ed firma ud\u011bl\u00e1 r\u00e1da v\u0161e pro va\u0161i maxim\u00e1ln\u00ed spokojenost.<\/p>\n<h3>Moving in Prague<\/h3>\n<p>Are you from Prague and need help with moving? Contact us and we will <a href=\"\/en\/sluzby\/stehovani-praha\/\">with moving in Prague<\/a> gladly help.<\/p>\n<\/div>","protected":false},"excerpt":{"rendered":"<p>Pro v\u0161echny sv\u00e9 klienty nejen z&nbsp;\u010cesk\u00e9&nbsp;republiky, ale tak\u00e9 z&nbsp;cel\u00e9 Evropy jsme zde my, profesion\u00e1ln\u00ed spole\u010dnost JUMBO ST\u011aHOV\u00c1N\u00cd. Na\u0161\u00ed specializac\u00ed jsou st\u011bhovac\u00ed slu\u017eby pro \u0161irok\u00fd rozsah z\u00e1kazn\u00edk\u016f. Nab\u00edz\u00edme prvot\u0159\u00eddn\u00ed kvality, rychlost, spolehlivost a dokonal\u00e9 slu\u017eby podpo\u0159en\u00e9 vlastn\u00edm technick\u00fdm i pracovn\u00edm potenci\u00e1lem. Na jak\u00e9 st\u011bhovac\u00ed slu\u017eby se specializujeme? st\u011bhov\u00e1n\u00ed t\u011b\u017ek\u00fdch b\u0159emen do v\u00e1hy a\u017e 300 tun st\u011bhov\u00e1n\u00ed [&hellip;]<\/p>","protected":false},"author":1,"featured_media":0,"parent":15,"menu_order":21,"comment_status":"closed","ping_status":"closed","template":"","meta":{"ngg_post_thumbnail":0,"footnotes":""},"class_list":["post-39","page","type-page","status-publish","hentry"],"yoast_head":"<!-- This site is optimized with the Yoast SEO plugin v26.0 - https:\/\/yoast.com\/wordpress\/plugins\/seo\/ -->\n<title>St\u011bhov\u00e1n\u00ed s n\u00e1mi - Jumbo St\u011bhov\u00e1n\u00ed<\/title>\n<meta name=\"robots\" content=\"index, follow, max-snippet:-1, max-image-preview:large, max-video-preview:-1\" \/>\n<link rel=\"canonical\" href=\"https:\/\/jumbo-stehovani.cz\/en\/sluzby\/stehovani-s-nami\/\" \/>\n<meta property=\"og:locale\" content=\"en_GB\" \/>\n<meta property=\"og:type\" content=\"article\" \/>\n<meta property=\"og:title\" content=\"St\u011bhov\u00e1n\u00ed s n\u00e1mi - Jumbo St\u011bhov\u00e1n\u00ed\" \/>\n<meta property=\"og:description\" content=\"Pro v\u0161echny sv\u00e9 klienty nejen z&nbsp;\u010cesk\u00e9&nbsp;republiky, ale tak\u00e9 z&nbsp;cel\u00e9 Evropy jsme zde my, profesion\u00e1ln\u00ed spole\u010dnost JUMBO ST\u011aHOV\u00c1N\u00cd. Na\u0161\u00ed specializac\u00ed jsou st\u011bhovac\u00ed slu\u017eby pro \u0161irok\u00fd rozsah z\u00e1kazn\u00edk\u016f. Nab\u00edz\u00edme prvot\u0159\u00eddn\u00ed kvality, rychlost, spolehlivost a dokonal\u00e9 slu\u017eby podpo\u0159en\u00e9 vlastn\u00edm technick\u00fdm i pracovn\u00edm potenci\u00e1lem. Na jak\u00e9 st\u011bhovac\u00ed slu\u017eby se specializujeme? st\u011bhov\u00e1n\u00ed t\u011b\u017ek\u00fdch b\u0159emen do v\u00e1hy a\u017e 300 tun st\u011bhov\u00e1n\u00ed [&hellip;]\" \/>\n<meta property=\"og:url\" content=\"https:\/\/jumbo-stehovani.cz\/en\/sluzby\/stehovani-s-nami\/\" \/>\n<meta property=\"og:site_name\" content=\"Jumbo St\u011bhov\u00e1n\u00ed\" \/>\n<meta property=\"article:modified_time\" content=\"2025-09-25T14:54:30+00:00\" \/>\n<meta name=\"twitter:card\" content=\"summary_large_image\" \/>\n<meta name=\"twitter:label1\" content=\"Estimated reading time\" \/>\n\t<meta name=\"twitter:data1\" content=\"1 minute\" \/>\n<script type=\"application\/ld+json\" class=\"yoast-schema-graph\">{\"@context\":\"https:\/\/schema.org\",\"@graph\":[{\"@type\":\"WebPage\",\"@id\":\"https:\/\/jumbo-stehovani.cz\/sluzby\/stehovani-s-nami\/\",\"url\":\"https:\/\/jumbo-stehovani.cz\/sluzby\/stehovani-s-nami\/\",\"name\":\"St\u011bhov\u00e1n\u00ed s n\u00e1mi - Jumbo St\u011bhov\u00e1n\u00ed\",\"isPartOf\":{\"@id\":\"https:\/\/jumbo-stehovani.cz\/#website\"},\"datePublished\":\"2016-06-28T09:12:14+00:00\",\"dateModified\":\"2025-09-25T14:54:30+00:00\",\"breadcrumb\":{\"@id\":\"https:\/\/jumbo-stehovani.cz\/sluzby\/stehovani-s-nami\/#breadcrumb\"},\"inLanguage\":\"en-GB\",\"potentialAction\":[{\"@type\":\"ReadAction\",\"target\":[\"https:\/\/jumbo-stehovani.cz\/sluzby\/stehovani-s-nami\/\"]}]},{\"@type\":\"BreadcrumbList\",\"@id\":\"https:\/\/jumbo-stehovani.cz\/sluzby\/stehovani-s-nami\/#breadcrumb\",\"itemListElement\":[{\"@type\":\"ListItem\",\"position\":1,\"name\":\"Dom\u016f\",\"item\":\"https:\/\/jumbo-stehovani.cz\/\"},{\"@type\":\"ListItem\",\"position\":2,\"name\":\"Slu\u017eby\",\"item\":\"https:\/\/jumbo-stehovani.cz\/sluzby\/\"},{\"@type\":\"ListItem\",\"position\":3,\"name\":\"St\u011bhov\u00e1n\u00ed s n\u00e1mi\"}]},{\"@type\":\"WebSite\",\"@id\":\"https:\/\/jumbo-stehovani.cz\/#website\",\"url\":\"https:\/\/jumbo-stehovani.cz\/\",\"name\":\"Jumbo St\u011bhov\u00e1n\u00ed\",\"description\":\"\",\"publisher\":{\"@id\":\"https:\/\/jumbo-stehovani.cz\/#organization\"},\"potentialAction\":[{\"@type\":\"SearchAction\",\"target\":{\"@type\":\"EntryPoint\",\"urlTemplate\":\"https:\/\/jumbo-stehovani.cz\/?s={search_term_string}\"},\"query-input\":{\"@type\":\"PropertyValueSpecification\",\"valueRequired\":true,\"valueName\":\"search_term_string\"}}],\"inLanguage\":\"en-GB\"},{\"@type\":\"Organization\",\"@id\":\"https:\/\/jumbo-stehovani.cz\/#organization\",\"name\":\"Jumbo St\u011bhov\u00e1n\u00ed\",\"url\":\"https:\/\/jumbo-stehovani.cz\/\",\"logo\":{\"@type\":\"ImageObject\",\"inLanguage\":\"en-GB\",\"@id\":\"https:\/\/jumbo-stehovani.cz\/#\/schema\/logo\/image\/\",\"url\":\"https:\/\/jumbo-stehovani.cz\/wp-content\/uploads\/2025\/09\/menu-logo.png\",\"contentUrl\":\"https:\/\/jumbo-stehovani.cz\/wp-content\/uploads\/2025\/09\/menu-logo.png\",\"width\":90,\"height\":47,\"caption\":\"Jumbo St\u011bhov\u00e1n\u00ed\"},\"image\":{\"@id\":\"https:\/\/jumbo-stehovani.cz\/#\/schema\/logo\/image\/\"}}]}<\/script>\n<!-- \/ Yoast SEO plugin. -->","yoast_head_json":{"title":"St\u011bhov\u00e1n\u00ed s n\u00e1mi - Jumbo St\u011bhov\u00e1n\u00ed","robots":{"index":"index","follow":"follow","max-snippet":"max-snippet:-1","max-image-preview":"max-image-preview:large","max-video-preview":"max-video-preview:-1"},"canonical":"https:\/\/jumbo-stehovani.cz\/en\/sluzby\/stehovani-s-nami\/","og_locale":"en_GB","og_type":"article","og_title":"St\u011bhov\u00e1n\u00ed s n\u00e1mi - Jumbo St\u011bhov\u00e1n\u00ed","og_description":"Pro v\u0161echny sv\u00e9 klienty nejen z&nbsp;\u010cesk\u00e9&nbsp;republiky, ale tak\u00e9 z&nbsp;cel\u00e9 Evropy jsme zde my, profesion\u00e1ln\u00ed spole\u010dnost JUMBO ST\u011aHOV\u00c1N\u00cd. Na\u0161\u00ed specializac\u00ed jsou st\u011bhovac\u00ed slu\u017eby pro \u0161irok\u00fd rozsah z\u00e1kazn\u00edk\u016f. Nab\u00edz\u00edme prvot\u0159\u00eddn\u00ed kvality, rychlost, spolehlivost a dokonal\u00e9 slu\u017eby podpo\u0159en\u00e9 vlastn\u00edm technick\u00fdm i pracovn\u00edm potenci\u00e1lem. Na jak\u00e9 st\u011bhovac\u00ed slu\u017eby se specializujeme? st\u011bhov\u00e1n\u00ed t\u011b\u017ek\u00fdch b\u0159emen do v\u00e1hy a\u017e 300 tun st\u011bhov\u00e1n\u00ed [&hellip;]","og_url":"https:\/\/jumbo-stehovani.cz\/en\/sluzby\/stehovani-s-nami\/","og_site_name":"Jumbo St\u011bhov\u00e1n\u00ed","article_modified_time":"2025-09-25T14:54:30+00:00","twitter_card":"summary_large_image","twitter_misc":{"Estimated reading time":"1 minute"},"schema":{"@context":"https:\/\/schema.org","@graph":[{"@type":"WebPage","@id":"https:\/\/jumbo-stehovani.cz\/sluzby\/stehovani-s-nami\/","url":"https:\/\/jumbo-stehovani.cz\/sluzby\/stehovani-s-nami\/","name":"St\u011bhov\u00e1n\u00ed s n\u00e1mi - Jumbo St\u011bhov\u00e1n\u00ed","isPartOf":{"@id":"https:\/\/jumbo-stehovani.cz\/#website"},"datePublished":"2016-06-28T09:12:14+00:00","dateModified":"2025-09-25T14:54:30+00:00","breadcrumb":{"@id":"https:\/\/jumbo-stehovani.cz\/sluzby\/stehovani-s-nami\/#breadcrumb"},"inLanguage":"en-GB","potentialAction":[{"@type":"ReadAction","target":["https:\/\/jumbo-stehovani.cz\/sluzby\/stehovani-s-nami\/"]}]},{"@type":"BreadcrumbList","@id":"https:\/\/jumbo-stehovani.cz\/sluzby\/stehovani-s-nami\/#breadcrumb","itemListElement":[{"@type":"ListItem","position":1,"name":"Dom\u016f","item":"https:\/\/jumbo-stehovani.cz\/"},{"@type":"ListItem","position":2,"name":"Slu\u017eby","item":"https:\/\/jumbo-stehovani.cz\/sluzby\/"},{"@type":"ListItem","position":3,"name":"St\u011bhov\u00e1n\u00ed s n\u00e1mi"}]},{"@type":"WebSite","@id":"https:\/\/jumbo-stehovani.cz\/#website","url":"https:\/\/jumbo-stehovani.cz\/","name":"Jumbo St\u011bhov\u00e1n\u00ed","description":"","publisher":{"@id":"https:\/\/jumbo-stehovani.cz\/#organization"},"potentialAction":[{"@type":"SearchAction","target":{"@type":"EntryPoint","urlTemplate":"https:\/\/jumbo-stehovani.cz\/?s={search_term_string}"},"query-input":{"@type":"PropertyValueSpecification","valueRequired":true,"valueName":"search_term_string"}}],"inLanguage":"en-GB"},{"@type":"Organization","@id":"https:\/\/jumbo-stehovani.cz\/#organization","name":"Jumbo St\u011bhov\u00e1n\u00ed","url":"https:\/\/jumbo-stehovani.cz\/","logo":{"@type":"ImageObject","inLanguage":"en-GB","@id":"https:\/\/jumbo-stehovani.cz\/#\/schema\/logo\/image\/","url":"https:\/\/jumbo-stehovani.cz\/wp-content\/uploads\/2025\/09\/menu-logo.png","contentUrl":"https:\/\/jumbo-stehovani.cz\/wp-content\/uploads\/2025\/09\/menu-logo.png","width":90,"height":47,"caption":"Jumbo St\u011bhov\u00e1n\u00ed"},"image":{"@id":"https:\/\/jumbo-stehovani.cz\/#\/schema\/logo\/image\/"}}]}},"_links":{"self":[{"href":"https:\/\/jumbo-stehovani.cz\/en\/wp-json\/wp\/v2\/pages\/39","targetHints":{"allow":["GET"]}}],"collection":[{"href":"https:\/\/jumbo-stehovani.cz\/en\/wp-json\/wp\/v2\/pages"}],"about":[{"href":"https:\/\/jumbo-stehovani.cz\/en\/wp-json\/wp\/v2\/types\/page"}],"author":[{"embeddable":true,"href":"https:\/\/jumbo-stehovani.cz\/en\/wp-json\/wp\/v2\/users\/1"}],"replies":[{"embeddable":true,"href":"https:\/\/jumbo-stehovani.cz\/en\/wp-json\/wp\/v2\/comments?post=39"}],"version-history":[{"count":3,"href":"https:\/\/jumbo-stehovani.cz\/en\/wp-json\/wp\/v2\/pages\/39\/revisions"}],"predecessor-version":[{"id":312,"href":"https:\/\/jumbo-stehovani.cz\/en\/wp-json\/wp\/v2\/pages\/39\/revisions\/312"}],"up":[{"embeddable":true,"href":"https:\/\/jumbo-stehovani.cz\/en\/wp-json\/wp\/v2\/pages\/15"}],"wp:attachment":[{"href":"https:\/\/jumbo-stehovani.cz\/en\/wp-json\/wp\/v2\/media?parent=39"}],"curies":[{"name":"wp","href":"https:\/\/api.w.org\/{rel}","templated":true}]}}