{"id":38,"date":"2016-06-28T09:06:00","date_gmt":"2016-06-28T09:06:00","guid":{"rendered":"http:\/\/jumbo-stehovani.cz\/stehovaci-sluzby-profesionalne\/"},"modified":"2025-09-27T15:07:26","modified_gmt":"2025-09-27T15:07:26","slug":"stehovaci-sluzby-profesionalne","status":"publish","type":"page","link":"https:\/\/jumbo-stehovani.cz\/en\/sluzby\/stehovaci-sluzby-profesionalne\/","title":{"rendered":"St\u011bhovac\u00ed slu\u017eby profesion\u00e1ln\u011b"},"content":{"rendered":"<div class=\"content article\">\n<p>We are a professional moving company offering our moving services to a wide range of clients. Our services are aimed at both individuals and large companies. We offer <a href=\"\/en\/sluzby\/stehovani-bytu\/\" hreflang=\"cs\">moving apartments<\/a>, not only <a href=\"\/en\/sluzby\/stehovani-pro-firmy\/\" hreflang=\"cs\">moving for companies<\/a>but also <a href=\"\/en\/<a href=\/\">moving entire companies<\/a>including <a href=\"\/en\/sluzby\/stehovani-stroju\/\" hreflang=\"cs\">moving machines<\/a>, <a href=\"\/en\/sluzby\/stehovani-tezkych-bremen\/\" hreflang=\"cs\">moving heavy loads<\/a>.<\/p>\n<figure><img decoding=\"async\" class=\"right\" src=\"http:\/\/jumbo-stehovani.cz\/wp-content\/uploads\/2016\/06\/stehovani-pro-firmy.jpg\" alt=\"\"><\/figure><p><\/p>\n<h3>What can we move for you?<\/h3>\n<p>Anything that fits within the maximum weight limit of 300 tons.<\/p>\n<ul>\n\n<li><a href=\"\/en\/sluzby\/stehovani-tezkych-bremen\/\" hreflang=\"cs\">We move heavy loads<\/a> and <a href=\"\/en\/sluzby\/stehovani-stroju\/\" hreflang=\"cs\">machines<\/a>.<\/li>\n\n<li><a href=\"\/en\/sluzby\/stehovani-bytu\/\" hreflang=\"cs\">We will move your house with all its furnishings, your apartment, and even your basement.<\/a><\/li>\n\n<li><a href=\"\/en\/sluzby\/stehovani-firem-a-kancelari\/\" hreflang=\"cs\">We will relocate your office and all your company's premises.<\/a><\/li>\n\n<li><a href=\"\/en\/sluzby\/stehovani-firem-a-kancelari\/\" hreflang=\"cs\">We will relocate the bank and government offices.<\/a><\/li>\n\n<li><a href=\"\/en\/sluzby\/stehovani-bytu\/\" hreflang=\"cs\">We will move cellars, attics<\/a>, <a href=\"\/en\/sluzby\/stehovani-firem-a-kancelari\/\" hreflang=\"cs\">warehouses and workshops<\/a>.<\/li>\n\n<li><a href=\"\/en\/sluzby\/stehovani-pro-firmy\/\" hreflang=\"cs\">We will move refrigeration equipment, air conditioning units, and pianos.<\/a><\/li>\n\n<\/ul>\n<p>Moving with us means maximum certainty of speed, adherence to pre-agreed moving dates, security of your property, and, thanks to constant supervision of the entire moving process, elimination of the possibility of loss of moved items.<\/p>\n<h3>Moving in Prague<\/h3>\n<p>Are you from Prague and need help with moving? Contact us and we will <a href=\"\/en\/sluzby\/stehovani-praha\/\" hreflang=\"cs\">with moving in Prague<\/a> gladly help.<\/p>\n<h3>Professional moving services<\/h3>\n<p>Thanks to our experience and sophisticated moving system, we can offer you unique quality services.<\/p>\n<p>We are a well-coordinated team of professionals who have a perfect overview of the entire moving process. This includes all necessary activities, from the moving plan and schedule to the actual moving process itself, to the handover of your belongings, which have been transported and placed at your destination.<\/p>\n<p>We offer all our customers an individual approach based on your requirements and ideas about moving.<\/p>\n<\/div>","protected":false},"excerpt":{"rendered":"<p>Jsme profesion\u00e1ln\u00ed st\u011bhovac\u00ed firma, kter\u00e1 nab\u00edz\u00ed sv\u00e9 st\u011bhovac\u00ed slu\u017eby \u0161irok\u00e9mu okruhu klient\u016f. Sv\u00e9 slu\u017eby c\u00edl\u00edme jak na jednotlivce, tak tak\u00e9 na rozs\u00e1hl\u00e9 spole\u010dnosti. Nab\u00edz\u00edme st\u011bhov\u00e1n\u00ed byt\u016f, nejen st\u011bhov\u00e1n\u00ed pro firmy, ale i<\/p>","protected":false},"author":1,"featured_media":34,"parent":15,"menu_order":22,"comment_status":"closed","ping_status":"closed","template":"","meta":{"ngg_post_thumbnail":0,"footnotes":""},"class_list":["post-38","page","type-page","status-publish","hentry"],"yoast_head":"<!-- This site is optimized with the Yoast SEO plugin v26.0 - https:\/\/yoast.com\/wordpress\/plugins\/seo\/ -->\n<title>St\u011bhovac\u00ed slu\u017eby profesion\u00e1ln\u011b - Jumbo St\u011bhov\u00e1n\u00ed<\/title>\n<meta name=\"robots\" content=\"index, follow, max-snippet:-1, max-image-preview:large, max-video-preview:-1\" \/>\n<link rel=\"canonical\" href=\"https:\/\/jumbo-stehovani.cz\/en\/sluzby\/stehovaci-sluzby-profesionalne\/\" \/>\n<meta property=\"og:locale\" content=\"en_GB\" \/>\n<meta property=\"og:type\" content=\"article\" \/>\n<meta property=\"og:title\" content=\"St\u011bhovac\u00ed slu\u017eby profesion\u00e1ln\u011b - Jumbo St\u011bhov\u00e1n\u00ed\" \/>\n<meta property=\"og:description\" content=\"Jsme profesion\u00e1ln\u00ed st\u011bhovac\u00ed firma, kter\u00e1 nab\u00edz\u00ed sv\u00e9 st\u011bhovac\u00ed slu\u017eby \u0161irok\u00e9mu okruhu klient\u016f. Sv\u00e9 slu\u017eby c\u00edl\u00edme jak na jednotlivce, tak tak\u00e9 na rozs\u00e1hl\u00e9 spole\u010dnosti. Nab\u00edz\u00edme st\u011bhov\u00e1n\u00ed byt\u016f, nejen st\u011bhov\u00e1n\u00ed pro firmy, ale i\" \/>\n<meta property=\"og:url\" content=\"https:\/\/jumbo-stehovani.cz\/en\/sluzby\/stehovaci-sluzby-profesionalne\/\" \/>\n<meta property=\"og:site_name\" content=\"Jumbo St\u011bhov\u00e1n\u00ed\" \/>\n<meta property=\"article:modified_time\" content=\"2025-09-27T15:07:26+00:00\" \/>\n<meta property=\"og:image\" content=\"https:\/\/jumbo-stehovani.cz\/wp-content\/uploads\/2016\/06\/stehovani-pro-firmy.jpg\" \/>\n\t<meta property=\"og:image:width\" content=\"300\" \/>\n\t<meta property=\"og:image:height\" content=\"225\" \/>\n\t<meta property=\"og:image:type\" content=\"image\/jpeg\" \/>\n<meta name=\"twitter:card\" content=\"summary_large_image\" \/>\n<script type=\"application\/ld+json\" class=\"yoast-schema-graph\">{\"@context\":\"https:\/\/schema.org\",\"@graph\":[{\"@type\":\"WebPage\",\"@id\":\"https:\/\/jumbo-stehovani.cz\/en\/sluzby\/stehovaci-sluzby-profesionalne\/\",\"url\":\"https:\/\/jumbo-stehovani.cz\/en\/sluzby\/stehovaci-sluzby-profesionalne\/\",\"name\":\"St\u011bhovac\u00ed slu\u017eby profesion\u00e1ln\u011b - Jumbo St\u011bhov\u00e1n\u00ed\",\"isPartOf\":{\"@id\":\"https:\/\/jumbo-stehovani.cz\/#website\"},\"primaryImageOfPage\":{\"@id\":\"https:\/\/jumbo-stehovani.cz\/en\/sluzby\/stehovaci-sluzby-profesionalne\/#primaryimage\"},\"image\":{\"@id\":\"https:\/\/jumbo-stehovani.cz\/en\/sluzby\/stehovaci-sluzby-profesionalne\/#primaryimage\"},\"thumbnailUrl\":\"https:\/\/jumbo-stehovani.cz\/wp-content\/uploads\/2016\/06\/stehovani-pro-firmy.jpg\",\"datePublished\":\"2016-06-28T09:06:00+00:00\",\"dateModified\":\"2025-09-27T15:07:26+00:00\",\"breadcrumb\":{\"@id\":\"https:\/\/jumbo-stehovani.cz\/en\/sluzby\/stehovaci-sluzby-profesionalne\/#breadcrumb\"},\"inLanguage\":\"en-GB\",\"potentialAction\":[{\"@type\":\"ReadAction\",\"target\":[\"https:\/\/jumbo-stehovani.cz\/en\/sluzby\/stehovaci-sluzby-profesionalne\/\"]}]},{\"@type\":\"ImageObject\",\"inLanguage\":\"en-GB\",\"@id\":\"https:\/\/jumbo-stehovani.cz\/en\/sluzby\/stehovaci-sluzby-profesionalne\/#primaryimage\",\"url\":\"https:\/\/jumbo-stehovani.cz\/wp-content\/uploads\/2016\/06\/stehovani-pro-firmy.jpg\",\"contentUrl\":\"https:\/\/jumbo-stehovani.cz\/wp-content\/uploads\/2016\/06\/stehovani-pro-firmy.jpg\",\"width\":300,\"height\":225},{\"@type\":\"BreadcrumbList\",\"@id\":\"https:\/\/jumbo-stehovani.cz\/en\/sluzby\/stehovaci-sluzby-profesionalne\/#breadcrumb\",\"itemListElement\":[{\"@type\":\"ListItem\",\"position\":1,\"name\":\"Dom\u016f\",\"item\":\"https:\/\/jumbo-stehovani.cz\/\"},{\"@type\":\"ListItem\",\"position\":2,\"name\":\"Slu\u017eby\",\"item\":\"https:\/\/jumbo-stehovani.cz\/sluzby\/\"},{\"@type\":\"ListItem\",\"position\":3,\"name\":\"St\u011bhovac\u00ed slu\u017eby profesion\u00e1ln\u011b\"}]},{\"@type\":\"WebSite\",\"@id\":\"https:\/\/jumbo-stehovani.cz\/#website\",\"url\":\"https:\/\/jumbo-stehovani.cz\/\",\"name\":\"Jumbo St\u011bhov\u00e1n\u00ed\",\"description\":\"\",\"publisher\":{\"@id\":\"https:\/\/jumbo-stehovani.cz\/#organization\"},\"potentialAction\":[{\"@type\":\"SearchAction\",\"target\":{\"@type\":\"EntryPoint\",\"urlTemplate\":\"https:\/\/jumbo-stehovani.cz\/?s={search_term_string}\"},\"query-input\":{\"@type\":\"PropertyValueSpecification\",\"valueRequired\":true,\"valueName\":\"search_term_string\"}}],\"inLanguage\":\"en-GB\"},{\"@type\":\"Organization\",\"@id\":\"https:\/\/jumbo-stehovani.cz\/#organization\",\"name\":\"Jumbo St\u011bhov\u00e1n\u00ed\",\"url\":\"https:\/\/jumbo-stehovani.cz\/\",\"logo\":{\"@type\":\"ImageObject\",\"inLanguage\":\"en-GB\",\"@id\":\"https:\/\/jumbo-stehovani.cz\/#\/schema\/logo\/image\/\",\"url\":\"https:\/\/jumbo-stehovani.cz\/wp-content\/uploads\/2025\/09\/menu-logo.png\",\"contentUrl\":\"https:\/\/jumbo-stehovani.cz\/wp-content\/uploads\/2025\/09\/menu-logo.png\",\"width\":90,\"height\":47,\"caption\":\"Jumbo St\u011bhov\u00e1n\u00ed\"},\"image\":{\"@id\":\"https:\/\/jumbo-stehovani.cz\/#\/schema\/logo\/image\/\"}}]}<\/script>\n<!-- \/ Yoast SEO plugin. -->","yoast_head_json":{"title":"St\u011bhovac\u00ed slu\u017eby profesion\u00e1ln\u011b - Jumbo St\u011bhov\u00e1n\u00ed","robots":{"index":"index","follow":"follow","max-snippet":"max-snippet:-1","max-image-preview":"max-image-preview:large","max-video-preview":"max-video-preview:-1"},"canonical":"https:\/\/jumbo-stehovani.cz\/en\/sluzby\/stehovaci-sluzby-profesionalne\/","og_locale":"en_GB","og_type":"article","og_title":"St\u011bhovac\u00ed slu\u017eby profesion\u00e1ln\u011b - Jumbo St\u011bhov\u00e1n\u00ed","og_description":"Jsme profesion\u00e1ln\u00ed st\u011bhovac\u00ed firma, kter\u00e1 nab\u00edz\u00ed sv\u00e9 st\u011bhovac\u00ed slu\u017eby \u0161irok\u00e9mu okruhu klient\u016f. Sv\u00e9 slu\u017eby c\u00edl\u00edme jak na jednotlivce, tak tak\u00e9 na rozs\u00e1hl\u00e9 spole\u010dnosti. Nab\u00edz\u00edme st\u011bhov\u00e1n\u00ed byt\u016f, nejen st\u011bhov\u00e1n\u00ed pro firmy, ale i","og_url":"https:\/\/jumbo-stehovani.cz\/en\/sluzby\/stehovaci-sluzby-profesionalne\/","og_site_name":"Jumbo St\u011bhov\u00e1n\u00ed","article_modified_time":"2025-09-27T15:07:26+00:00","og_image":[{"width":300,"height":225,"url":"https:\/\/jumbo-stehovani.cz\/wp-content\/uploads\/2016\/06\/stehovani-pro-firmy.jpg","type":"image\/jpeg"}],"twitter_card":"summary_large_image","schema":{"@context":"https:\/\/schema.org","@graph":[{"@type":"WebPage","@id":"https:\/\/jumbo-stehovani.cz\/en\/sluzby\/stehovaci-sluzby-profesionalne\/","url":"https:\/\/jumbo-stehovani.cz\/en\/sluzby\/stehovaci-sluzby-profesionalne\/","name":"St\u011bhovac\u00ed slu\u017eby profesion\u00e1ln\u011b - Jumbo St\u011bhov\u00e1n\u00ed","isPartOf":{"@id":"https:\/\/jumbo-stehovani.cz\/#website"},"primaryImageOfPage":{"@id":"https:\/\/jumbo-stehovani.cz\/en\/sluzby\/stehovaci-sluzby-profesionalne\/#primaryimage"},"image":{"@id":"https:\/\/jumbo-stehovani.cz\/en\/sluzby\/stehovaci-sluzby-profesionalne\/#primaryimage"},"thumbnailUrl":"https:\/\/jumbo-stehovani.cz\/wp-content\/uploads\/2016\/06\/stehovani-pro-firmy.jpg","datePublished":"2016-06-28T09:06:00+00:00","dateModified":"2025-09-27T15:07:26+00:00","breadcrumb":{"@id":"https:\/\/jumbo-stehovani.cz\/en\/sluzby\/stehovaci-sluzby-profesionalne\/#breadcrumb"},"inLanguage":"en-GB","potentialAction":[{"@type":"ReadAction","target":["https:\/\/jumbo-stehovani.cz\/en\/sluzby\/stehovaci-sluzby-profesionalne\/"]}]},{"@type":"ImageObject","inLanguage":"en-GB","@id":"https:\/\/jumbo-stehovani.cz\/en\/sluzby\/stehovaci-sluzby-profesionalne\/#primaryimage","url":"https:\/\/jumbo-stehovani.cz\/wp-content\/uploads\/2016\/06\/stehovani-pro-firmy.jpg","contentUrl":"https:\/\/jumbo-stehovani.cz\/wp-content\/uploads\/2016\/06\/stehovani-pro-firmy.jpg","width":300,"height":225},{"@type":"BreadcrumbList","@id":"https:\/\/jumbo-stehovani.cz\/en\/sluzby\/stehovaci-sluzby-profesionalne\/#breadcrumb","itemListElement":[{"@type":"ListItem","position":1,"name":"Dom\u016f","item":"https:\/\/jumbo-stehovani.cz\/"},{"@type":"ListItem","position":2,"name":"Slu\u017eby","item":"https:\/\/jumbo-stehovani.cz\/sluzby\/"},{"@type":"ListItem","position":3,"name":"St\u011bhovac\u00ed slu\u017eby profesion\u00e1ln\u011b"}]},{"@type":"WebSite","@id":"https:\/\/jumbo-stehovani.cz\/#website","url":"https:\/\/jumbo-stehovani.cz\/","name":"Jumbo St\u011bhov\u00e1n\u00ed","description":"","publisher":{"@id":"https:\/\/jumbo-stehovani.cz\/#organization"},"potentialAction":[{"@type":"SearchAction","target":{"@type":"EntryPoint","urlTemplate":"https:\/\/jumbo-stehovani.cz\/?s={search_term_string}"},"query-input":{"@type":"PropertyValueSpecification","valueRequired":true,"valueName":"search_term_string"}}],"inLanguage":"en-GB"},{"@type":"Organization","@id":"https:\/\/jumbo-stehovani.cz\/#organization","name":"Jumbo St\u011bhov\u00e1n\u00ed","url":"https:\/\/jumbo-stehovani.cz\/","logo":{"@type":"ImageObject","inLanguage":"en-GB","@id":"https:\/\/jumbo-stehovani.cz\/#\/schema\/logo\/image\/","url":"https:\/\/jumbo-stehovani.cz\/wp-content\/uploads\/2025\/09\/menu-logo.png","contentUrl":"https:\/\/jumbo-stehovani.cz\/wp-content\/uploads\/2025\/09\/menu-logo.png","width":90,"height":47,"caption":"Jumbo St\u011bhov\u00e1n\u00ed"},"image":{"@id":"https:\/\/jumbo-stehovani.cz\/#\/schema\/logo\/image\/"}}]}},"_links":{"self":[{"href":"https:\/\/jumbo-stehovani.cz\/en\/wp-json\/wp\/v2\/pages\/38","targetHints":{"allow":["GET"]}}],"collection":[{"href":"https:\/\/jumbo-stehovani.cz\/en\/wp-json\/wp\/v2\/pages"}],"about":[{"href":"https:\/\/jumbo-stehovani.cz\/en\/wp-json\/wp\/v2\/types\/page"}],"author":[{"embeddable":true,"href":"https:\/\/jumbo-stehovani.cz\/en\/wp-json\/wp\/v2\/users\/1"}],"replies":[{"embeddable":true,"href":"https:\/\/jumbo-stehovani.cz\/en\/wp-json\/wp\/v2\/comments?post=38"}],"version-history":[{"count":5,"href":"https:\/\/jumbo-stehovani.cz\/en\/wp-json\/wp\/v2\/pages\/38\/revisions"}],"predecessor-version":[{"id":435,"href":"https:\/\/jumbo-stehovani.cz\/en\/wp-json\/wp\/v2\/pages\/38\/revisions\/435"}],"up":[{"embeddable":true,"href":"https:\/\/jumbo-stehovani.cz\/en\/wp-json\/wp\/v2\/pages\/15"}],"wp:featuredmedia":[{"embeddable":true,"href":"https:\/\/jumbo-stehovani.cz\/en\/wp-json\/wp\/v2\/media\/34"}],"wp:attachment":[{"href":"https:\/\/jumbo-stehovani.cz\/en\/wp-json\/wp\/v2\/media?parent=38"}],"curies":[{"name":"wp","href":"https:\/\/api.w.org\/{rel}","templated":true}]}}