{"id":37,"date":"2016-06-28T09:04:54","date_gmt":"2016-06-28T09:04:54","guid":{"rendered":"http:\/\/jumbo-stehovani.cz\/stehovani-firem-a-kancelari\/"},"modified":"2025-09-25T14:28:07","modified_gmt":"2025-09-25T14:28:07","slug":"stehovani-firem-a-kancelari","status":"publish","type":"page","link":"https:\/\/jumbo-stehovani.cz\/en\/sluzby\/stehovani-firem-a-kancelari\/","title":{"rendered":"St\u011bhov\u00e1n\u00ed firem a kancel\u00e1\u0159\u00ed"},"content":{"rendered":"<div class=\"content article\">\n<p>Moving of companies, offices and institutions requires plenty of experience and good organizational plan. Take advantage of our longtime experience in your favor. Jumbo Stehovani ensures that moving of your office will go smoothly and won't disrupt your work. Whether you are a small business or a large factory, contact the professionals. We will move you quickly and efficiently. We also offer the possibility of simultaneous moving across multiple locations.<\/p>\n<h3>Complete moving of companies<\/h3>\n<p>Our company provides turnkey corporate relocation services, which include all necessary work from high-quality packing and safe transport to unpacking and assembling all items. Our offer naturally includes the necessary cleaning work.<\/p>\n<p>We typically perform company relocations on weekdays, but if necessary, we can also relocate you over the weekend or on holidays so that the move has as little impact as possible on the operation of your company or office. You can finish your work at your old address on Friday and continue your activities at your new address on Monday.<\/p>\n<figure><img decoding=\"async\" class=\"right\" src=\"http:\/\/jumbo-stehovani.cz\/wp-content\/uploads\/2016\/06\/stehovani-pro-firmy.jpg\" alt=\"\"><\/figure><p><\/p>\n<h3>All moving services in one package<\/h3>\n<p>We offer comprehensive services related to everything you need when moving. We will draw up a detailed moving schedule to ensure that the entire process runs smoothly. We tailor this plan to each client's individual requirements and the location where we will be working.<\/p>\n<p>We communicate with you throughout the move and are able to respond flexibly to changing requirements and new circumstances. We plan the route of the move in detail, which is very important, especially when moving large loads. This allows us to avoid any complications on the road and traffic jams.<\/p>\n<p>We take care of all the paperwork. If you're moving outside of Czechia, we'll handle the customs formalities. We use reliable, well-maintained IVECO DAILY, FIAT SCUDO, and MERCEDES-BENZ vehicles for transport.<\/p>\n<h3>Moving according to your wishes<\/h3>\n<p>Our specialists professionally dismantle heavy machinery, safely store it in prepared transport boxes, and reassemble all machine components at the destination so that you can resume your activities as quickly as possible.<\/p>\n<p>No job is impossible. We accommodate all your requirements, needs, and wishes.<\/p>\n<h3>Moving valuables<\/h3>\n<p>We move fragile, valuable, and antique items. For this purpose, we are equipped with durable packaging technology that ensures gentle transport of cargo to its destination. Our employees handle the moved material with great care. Nevertheless, we are insured up to CZK 15 million against possible damage to the transported cargo.<\/p>\n<h3>Moving furniture and IT &amp; Technology<\/h3>\n<p>We will safely dismantle all equipment and furniture, pack it, transport it to your new address, unpack it, reassemble it, and move it to its destination according to your instructions. We will dispose of any unwanted furniture. We will professionally disconnect your IT equipment, pack it securely, transport it safely, and reconnect it.<\/p>\n<h3>Moving heavy loads and machines<\/h3>\n<p>We specialize in <a href=\"\/en\/sluzby\/stehovani-tezkych-bremen\/\" hreflang=\"cs\">moving heavy loads<\/a> weighing up to 300 tons. We have the necessary equipment and a professional team of moving experts with many years of experience in this field. We use cranes, semi-trailers, flatbed trucks, and other reliable equipment to move heavy loads. With <a href=\"\/en\/sluzby\/stehovani-stroju\/\" hreflang=\"cs\">moving machinery<\/a> we have extensive experience. We move heavy machinery both within the Czech Republic and throughout Europe. We have successfully relocated not only BOSCH DIESEL s.r.o. from Stuttgart to Jihlava, but also Sellier &amp; Bellot, a.s., a manufacturer of cartridge presses. You can see the quality of our work for yourself in the section <a href=\"\/en\/reference\/\" hreflang=\"cs\">references<\/a>. Our work speaks for itself.<\/p>\n<\/div>","protected":false},"excerpt":{"rendered":"<p>St\u011bhov\u00e1n\u00ed firem, spole\u010dnost\u00ed, kancel\u00e1\u0159\u00ed a instituc\u00ed vy\u017eaduje dostatek zku\u0161enost\u00ed a dobr\u00fd organiza\u010dn\u00ed pl\u00e1n. Vyu\u017eijte na\u0161i dlouholetou praxi ve sv\u016fj prosp\u011bch. Spole\u010dnost JUMBO zajist\u00ed, aby st\u011bhov\u00e1n\u00ed va\u0161\u00ed firmy \u010di kancel\u00e1\u0159e prob\u011bhlo hladce a nenaru\u0161ilo va\u0161i pr\u00e1ci. A\u0165 u\u017e se jedn\u00e1 o malou firmu \u010di velk\u00fd v\u00fdrobn\u00ed z\u00e1vod obra\u0165te se na profesion\u00e1ly. P\u0159est\u011bhujeme v\u00e1s rychle a efektivn\u011b. [&hellip;]<\/p>","protected":false},"author":1,"featured_media":34,"parent":15,"menu_order":23,"comment_status":"closed","ping_status":"closed","template":"","meta":{"ngg_post_thumbnail":0,"footnotes":""},"class_list":["post-37","page","type-page","status-publish","hentry"],"yoast_head":"<!-- This site is optimized with the Yoast SEO plugin v26.0 - https:\/\/yoast.com\/wordpress\/plugins\/seo\/ -->\n<title>St\u011bhov\u00e1n\u00ed firem a kancel\u00e1\u0159\u00ed - Jumbo St\u011bhov\u00e1n\u00ed<\/title>\n<meta name=\"robots\" content=\"index, follow, max-snippet:-1, max-image-preview:large, max-video-preview:-1\" \/>\n<link rel=\"canonical\" href=\"https:\/\/jumbo-stehovani.cz\/en\/sluzby\/stehovani-firem-a-kancelari\/\" \/>\n<meta property=\"og:locale\" content=\"en_GB\" \/>\n<meta property=\"og:type\" content=\"article\" \/>\n<meta property=\"og:title\" content=\"St\u011bhov\u00e1n\u00ed firem a kancel\u00e1\u0159\u00ed - Jumbo St\u011bhov\u00e1n\u00ed\" \/>\n<meta property=\"og:description\" content=\"St\u011bhov\u00e1n\u00ed firem, spole\u010dnost\u00ed, kancel\u00e1\u0159\u00ed a instituc\u00ed vy\u017eaduje dostatek zku\u0161enost\u00ed a dobr\u00fd organiza\u010dn\u00ed pl\u00e1n. Vyu\u017eijte na\u0161i dlouholetou praxi ve sv\u016fj prosp\u011bch. Spole\u010dnost JUMBO zajist\u00ed, aby st\u011bhov\u00e1n\u00ed va\u0161\u00ed firmy \u010di kancel\u00e1\u0159e prob\u011bhlo hladce a nenaru\u0161ilo va\u0161i pr\u00e1ci. A\u0165 u\u017e se jedn\u00e1 o malou firmu \u010di velk\u00fd v\u00fdrobn\u00ed z\u00e1vod obra\u0165te se na profesion\u00e1ly. P\u0159est\u011bhujeme v\u00e1s rychle a efektivn\u011b. [&hellip;]\" \/>\n<meta property=\"og:url\" content=\"https:\/\/jumbo-stehovani.cz\/en\/sluzby\/stehovani-firem-a-kancelari\/\" \/>\n<meta property=\"og:site_name\" content=\"Jumbo St\u011bhov\u00e1n\u00ed\" \/>\n<meta property=\"article:modified_time\" content=\"2025-09-25T14:28:07+00:00\" \/>\n<meta property=\"og:image\" content=\"https:\/\/jumbo-stehovani.cz\/wp-content\/uploads\/2016\/06\/stehovani-pro-firmy.jpg\" \/>\n\t<meta property=\"og:image:width\" content=\"300\" \/>\n\t<meta property=\"og:image:height\" content=\"225\" \/>\n\t<meta property=\"og:image:type\" content=\"image\/jpeg\" \/>\n<meta name=\"twitter:card\" content=\"summary_large_image\" \/>\n<meta name=\"twitter:label1\" content=\"Estimated reading time\" \/>\n\t<meta name=\"twitter:data1\" content=\"4 minutes\" \/>\n<script type=\"application\/ld+json\" class=\"yoast-schema-graph\">{\"@context\":\"https:\/\/schema.org\",\"@graph\":[{\"@type\":\"WebPage\",\"@id\":\"https:\/\/jumbo-stehovani.cz\/sluzby\/stehovani-firem-a-kancelari\/\",\"url\":\"https:\/\/jumbo-stehovani.cz\/sluzby\/stehovani-firem-a-kancelari\/\",\"name\":\"St\u011bhov\u00e1n\u00ed firem a kancel\u00e1\u0159\u00ed - Jumbo St\u011bhov\u00e1n\u00ed\",\"isPartOf\":{\"@id\":\"https:\/\/jumbo-stehovani.cz\/#website\"},\"primaryImageOfPage\":{\"@id\":\"https:\/\/jumbo-stehovani.cz\/sluzby\/stehovani-firem-a-kancelari\/#primaryimage\"},\"image\":{\"@id\":\"https:\/\/jumbo-stehovani.cz\/sluzby\/stehovani-firem-a-kancelari\/#primaryimage\"},\"thumbnailUrl\":\"https:\/\/jumbo-stehovani.cz\/wp-content\/uploads\/2016\/06\/stehovani-pro-firmy.jpg\",\"datePublished\":\"2016-06-28T09:04:54+00:00\",\"dateModified\":\"2025-09-25T14:28:07+00:00\",\"breadcrumb\":{\"@id\":\"https:\/\/jumbo-stehovani.cz\/sluzby\/stehovani-firem-a-kancelari\/#breadcrumb\"},\"inLanguage\":\"en-GB\",\"potentialAction\":[{\"@type\":\"ReadAction\",\"target\":[\"https:\/\/jumbo-stehovani.cz\/sluzby\/stehovani-firem-a-kancelari\/\"]}]},{\"@type\":\"ImageObject\",\"inLanguage\":\"en-GB\",\"@id\":\"https:\/\/jumbo-stehovani.cz\/sluzby\/stehovani-firem-a-kancelari\/#primaryimage\",\"url\":\"https:\/\/jumbo-stehovani.cz\/wp-content\/uploads\/2016\/06\/stehovani-pro-firmy.jpg\",\"contentUrl\":\"https:\/\/jumbo-stehovani.cz\/wp-content\/uploads\/2016\/06\/stehovani-pro-firmy.jpg\",\"width\":300,\"height\":225},{\"@type\":\"BreadcrumbList\",\"@id\":\"https:\/\/jumbo-stehovani.cz\/sluzby\/stehovani-firem-a-kancelari\/#breadcrumb\",\"itemListElement\":[{\"@type\":\"ListItem\",\"position\":1,\"name\":\"Dom\u016f\",\"item\":\"https:\/\/jumbo-stehovani.cz\/\"},{\"@type\":\"ListItem\",\"position\":2,\"name\":\"Slu\u017eby\",\"item\":\"https:\/\/jumbo-stehovani.cz\/sluzby\/\"},{\"@type\":\"ListItem\",\"position\":3,\"name\":\"St\u011bhov\u00e1n\u00ed firem a kancel\u00e1\u0159\u00ed\"}]},{\"@type\":\"WebSite\",\"@id\":\"https:\/\/jumbo-stehovani.cz\/#website\",\"url\":\"https:\/\/jumbo-stehovani.cz\/\",\"name\":\"Jumbo St\u011bhov\u00e1n\u00ed\",\"description\":\"\",\"publisher\":{\"@id\":\"https:\/\/jumbo-stehovani.cz\/#organization\"},\"potentialAction\":[{\"@type\":\"SearchAction\",\"target\":{\"@type\":\"EntryPoint\",\"urlTemplate\":\"https:\/\/jumbo-stehovani.cz\/?s={search_term_string}\"},\"query-input\":{\"@type\":\"PropertyValueSpecification\",\"valueRequired\":true,\"valueName\":\"search_term_string\"}}],\"inLanguage\":\"en-GB\"},{\"@type\":\"Organization\",\"@id\":\"https:\/\/jumbo-stehovani.cz\/#organization\",\"name\":\"Jumbo St\u011bhov\u00e1n\u00ed\",\"url\":\"https:\/\/jumbo-stehovani.cz\/\",\"logo\":{\"@type\":\"ImageObject\",\"inLanguage\":\"en-GB\",\"@id\":\"https:\/\/jumbo-stehovani.cz\/#\/schema\/logo\/image\/\",\"url\":\"https:\/\/jumbo-stehovani.cz\/wp-content\/uploads\/2025\/09\/menu-logo.png\",\"contentUrl\":\"https:\/\/jumbo-stehovani.cz\/wp-content\/uploads\/2025\/09\/menu-logo.png\",\"width\":90,\"height\":47,\"caption\":\"Jumbo St\u011bhov\u00e1n\u00ed\"},\"image\":{\"@id\":\"https:\/\/jumbo-stehovani.cz\/#\/schema\/logo\/image\/\"}}]}<\/script>\n<!-- \/ Yoast SEO plugin. -->","yoast_head_json":{"title":"St\u011bhov\u00e1n\u00ed firem a kancel\u00e1\u0159\u00ed - Jumbo St\u011bhov\u00e1n\u00ed","robots":{"index":"index","follow":"follow","max-snippet":"max-snippet:-1","max-image-preview":"max-image-preview:large","max-video-preview":"max-video-preview:-1"},"canonical":"https:\/\/jumbo-stehovani.cz\/en\/sluzby\/stehovani-firem-a-kancelari\/","og_locale":"en_GB","og_type":"article","og_title":"St\u011bhov\u00e1n\u00ed firem a kancel\u00e1\u0159\u00ed - Jumbo St\u011bhov\u00e1n\u00ed","og_description":"St\u011bhov\u00e1n\u00ed firem, spole\u010dnost\u00ed, kancel\u00e1\u0159\u00ed a instituc\u00ed vy\u017eaduje dostatek zku\u0161enost\u00ed a dobr\u00fd organiza\u010dn\u00ed pl\u00e1n. Vyu\u017eijte na\u0161i dlouholetou praxi ve sv\u016fj prosp\u011bch. Spole\u010dnost JUMBO zajist\u00ed, aby st\u011bhov\u00e1n\u00ed va\u0161\u00ed firmy \u010di kancel\u00e1\u0159e prob\u011bhlo hladce a nenaru\u0161ilo va\u0161i pr\u00e1ci. A\u0165 u\u017e se jedn\u00e1 o malou firmu \u010di velk\u00fd v\u00fdrobn\u00ed z\u00e1vod obra\u0165te se na profesion\u00e1ly. P\u0159est\u011bhujeme v\u00e1s rychle a efektivn\u011b. [&hellip;]","og_url":"https:\/\/jumbo-stehovani.cz\/en\/sluzby\/stehovani-firem-a-kancelari\/","og_site_name":"Jumbo St\u011bhov\u00e1n\u00ed","article_modified_time":"2025-09-25T14:28:07+00:00","og_image":[{"width":300,"height":225,"url":"https:\/\/jumbo-stehovani.cz\/wp-content\/uploads\/2016\/06\/stehovani-pro-firmy.jpg","type":"image\/jpeg"}],"twitter_card":"summary_large_image","twitter_misc":{"Estimated reading time":"4 minutes"},"schema":{"@context":"https:\/\/schema.org","@graph":[{"@type":"WebPage","@id":"https:\/\/jumbo-stehovani.cz\/sluzby\/stehovani-firem-a-kancelari\/","url":"https:\/\/jumbo-stehovani.cz\/sluzby\/stehovani-firem-a-kancelari\/","name":"St\u011bhov\u00e1n\u00ed firem a kancel\u00e1\u0159\u00ed - Jumbo St\u011bhov\u00e1n\u00ed","isPartOf":{"@id":"https:\/\/jumbo-stehovani.cz\/#website"},"primaryImageOfPage":{"@id":"https:\/\/jumbo-stehovani.cz\/sluzby\/stehovani-firem-a-kancelari\/#primaryimage"},"image":{"@id":"https:\/\/jumbo-stehovani.cz\/sluzby\/stehovani-firem-a-kancelari\/#primaryimage"},"thumbnailUrl":"https:\/\/jumbo-stehovani.cz\/wp-content\/uploads\/2016\/06\/stehovani-pro-firmy.jpg","datePublished":"2016-06-28T09:04:54+00:00","dateModified":"2025-09-25T14:28:07+00:00","breadcrumb":{"@id":"https:\/\/jumbo-stehovani.cz\/sluzby\/stehovani-firem-a-kancelari\/#breadcrumb"},"inLanguage":"en-GB","potentialAction":[{"@type":"ReadAction","target":["https:\/\/jumbo-stehovani.cz\/sluzby\/stehovani-firem-a-kancelari\/"]}]},{"@type":"ImageObject","inLanguage":"en-GB","@id":"https:\/\/jumbo-stehovani.cz\/sluzby\/stehovani-firem-a-kancelari\/#primaryimage","url":"https:\/\/jumbo-stehovani.cz\/wp-content\/uploads\/2016\/06\/stehovani-pro-firmy.jpg","contentUrl":"https:\/\/jumbo-stehovani.cz\/wp-content\/uploads\/2016\/06\/stehovani-pro-firmy.jpg","width":300,"height":225},{"@type":"BreadcrumbList","@id":"https:\/\/jumbo-stehovani.cz\/sluzby\/stehovani-firem-a-kancelari\/#breadcrumb","itemListElement":[{"@type":"ListItem","position":1,"name":"Dom\u016f","item":"https:\/\/jumbo-stehovani.cz\/"},{"@type":"ListItem","position":2,"name":"Slu\u017eby","item":"https:\/\/jumbo-stehovani.cz\/sluzby\/"},{"@type":"ListItem","position":3,"name":"St\u011bhov\u00e1n\u00ed firem a kancel\u00e1\u0159\u00ed"}]},{"@type":"WebSite","@id":"https:\/\/jumbo-stehovani.cz\/#website","url":"https:\/\/jumbo-stehovani.cz\/","name":"Jumbo St\u011bhov\u00e1n\u00ed","description":"","publisher":{"@id":"https:\/\/jumbo-stehovani.cz\/#organization"},"potentialAction":[{"@type":"SearchAction","target":{"@type":"EntryPoint","urlTemplate":"https:\/\/jumbo-stehovani.cz\/?s={search_term_string}"},"query-input":{"@type":"PropertyValueSpecification","valueRequired":true,"valueName":"search_term_string"}}],"inLanguage":"en-GB"},{"@type":"Organization","@id":"https:\/\/jumbo-stehovani.cz\/#organization","name":"Jumbo St\u011bhov\u00e1n\u00ed","url":"https:\/\/jumbo-stehovani.cz\/","logo":{"@type":"ImageObject","inLanguage":"en-GB","@id":"https:\/\/jumbo-stehovani.cz\/#\/schema\/logo\/image\/","url":"https:\/\/jumbo-stehovani.cz\/wp-content\/uploads\/2025\/09\/menu-logo.png","contentUrl":"https:\/\/jumbo-stehovani.cz\/wp-content\/uploads\/2025\/09\/menu-logo.png","width":90,"height":47,"caption":"Jumbo St\u011bhov\u00e1n\u00ed"},"image":{"@id":"https:\/\/jumbo-stehovani.cz\/#\/schema\/logo\/image\/"}}]}},"_links":{"self":[{"href":"https:\/\/jumbo-stehovani.cz\/en\/wp-json\/wp\/v2\/pages\/37","targetHints":{"allow":["GET"]}}],"collection":[{"href":"https:\/\/jumbo-stehovani.cz\/en\/wp-json\/wp\/v2\/pages"}],"about":[{"href":"https:\/\/jumbo-stehovani.cz\/en\/wp-json\/wp\/v2\/types\/page"}],"author":[{"embeddable":true,"href":"https:\/\/jumbo-stehovani.cz\/en\/wp-json\/wp\/v2\/users\/1"}],"replies":[{"embeddable":true,"href":"https:\/\/jumbo-stehovani.cz\/en\/wp-json\/wp\/v2\/comments?post=37"}],"version-history":[{"count":3,"href":"https:\/\/jumbo-stehovani.cz\/en\/wp-json\/wp\/v2\/pages\/37\/revisions"}],"predecessor-version":[{"id":307,"href":"https:\/\/jumbo-stehovani.cz\/en\/wp-json\/wp\/v2\/pages\/37\/revisions\/307"}],"up":[{"embeddable":true,"href":"https:\/\/jumbo-stehovani.cz\/en\/wp-json\/wp\/v2\/pages\/15"}],"wp:featuredmedia":[{"embeddable":true,"href":"https:\/\/jumbo-stehovani.cz\/en\/wp-json\/wp\/v2\/media\/34"}],"wp:attachment":[{"href":"https:\/\/jumbo-stehovani.cz\/en\/wp-json\/wp\/v2\/media?parent=37"}],"curies":[{"name":"wp","href":"https:\/\/api.w.org\/{rel}","templated":true}]}}