{"id":35,"date":"2016-06-28T09:04:20","date_gmt":"2016-06-28T09:04:20","guid":{"rendered":"http:\/\/jumbo-stehovani.cz\/stehovani-pro-firmy\/"},"modified":"2025-09-25T14:24:50","modified_gmt":"2025-09-25T14:24:50","slug":"stehovani-pro-firmy","status":"publish","type":"page","link":"https:\/\/jumbo-stehovani.cz\/en\/sluzby\/stehovani-pro-firmy\/","title":{"rendered":"Moving for companies"},"content":{"rendered":"<div class=\"content article\">\n<p>We are the exclusive supplier of stainless steel kitchen tables, fryers and other equipment for the restaurant chain KFC. All of these restaurants in the Czech Republic and Hungary have equipment which they move and transport with our company.<\/p>\n<figure><img decoding=\"async\" class=\"right\" src=\"http:\/\/jumbo-stehovani.cz\/wp-content\/uploads\/2016\/06\/stehovani-pro-firmy.jpg\" alt=\"\"><\/figure><p><\/p>\n<p>Barrandov Studio Inc. also uses our <a href=\"\/en\/sluzby\/stehovaci-sluzby-profesionalne\/\">moving services<\/a>. For filmmakers, we transport regularly scenery, costumes, and film equipment across Europe.<\/p>\n<p>Regarding our clients in Prague, our know-how of the moving uses regularly, for example, Ekoklima, Inc. for the installation of air conditioning units on the roofs of houses or even company MOOPEX SPA, for which we provide continuous moving and installation of boilers ranging in weight from 400 kg to 5 tonnes.<\/p>\n<p>We are moving bank and corporate vaults as well that no other moving company often can handle.<\/p>\n<p>We have the experience and resources to handle even the most challenging moves. For inspiration, we can mention, for example, the relocation of a fountain in \u00dast\u00ed nad Labem. A report on this relocation was broadcast on TV Nova.<\/p>\n<p>We frequently move and install boilers in basements and air conditioning units on building roofs in cooperation with Metrostav and SKANSKA.<\/p>\n<p>We can move anything up to a maximum weight of 300 tons. We know how to do it, and our references speak for themselves. Take advantage of our experience and technology for <a href=\"\/en\/sluzby\/stehovani-stroju\/\">moving machines<\/a>, safes and <a href=\"\/en\/sluzby\/stehovani-tezkych-bremen\/\">moving heavy loads<\/a> and see for yourself that we are professionals in our field.<\/p>\n<\/div>","protected":false},"excerpt":{"rendered":"<p>Jsme v\u00fdhradn\u00edm dodavatelem nerezov\u00fdch kuchyn\u00ed, stol\u016f, frit\u00e9z a dal\u0161\u00edho vybaven\u00ed pro s\u00ed\u0165 restaurac\u00ed KFC. V\u0161echny tyto restaurace v&nbsp;\u010cR a Ma\u010farsku maj\u00ed vybaven\u00ed, kter\u00e9 jim st\u011bhovala na\u0161e spole\u010dnost. Barandov&nbsp;Studio&nbsp;a.s. tak\u00e9 vyu\u017e\u00edv\u00e1 na\u0161e st\u011bhovac\u00ed slu\u017eby. Pro filma\u0159e voz\u00edme po cel\u00e9 Evrop\u011b pravideln\u011b kulisy, kost\u00fdmy a filmovou techniku. Co se t\u00fd\u010de na\u0161ich klient\u016f v&nbsp;Praze, na\u0161eho st\u011bhovac\u00edho know-how pravideln\u011b [&hellip;]<\/p>","protected":false},"author":1,"featured_media":34,"parent":15,"menu_order":25,"comment_status":"closed","ping_status":"closed","template":"","meta":{"ngg_post_thumbnail":0,"footnotes":""},"class_list":["post-35","page","type-page","status-publish","hentry"],"yoast_head":"<!-- This site is optimized with the Yoast SEO plugin v26.0 - https:\/\/yoast.com\/wordpress\/plugins\/seo\/ -->\n<title>St\u011bhov\u00e1n\u00ed pro firmy - Jumbo St\u011bhov\u00e1n\u00ed<\/title>\n<meta name=\"robots\" content=\"index, follow, max-snippet:-1, max-image-preview:large, max-video-preview:-1\" \/>\n<link rel=\"canonical\" href=\"https:\/\/jumbo-stehovani.cz\/en\/sluzby\/stehovani-pro-firmy\/\" \/>\n<meta property=\"og:locale\" content=\"en_GB\" \/>\n<meta property=\"og:type\" content=\"article\" \/>\n<meta property=\"og:title\" content=\"St\u011bhov\u00e1n\u00ed pro firmy - Jumbo St\u011bhov\u00e1n\u00ed\" \/>\n<meta property=\"og:description\" content=\"Jsme v\u00fdhradn\u00edm dodavatelem nerezov\u00fdch kuchyn\u00ed, stol\u016f, frit\u00e9z a dal\u0161\u00edho vybaven\u00ed pro s\u00ed\u0165 restaurac\u00ed KFC. V\u0161echny tyto restaurace v&nbsp;\u010cR a Ma\u010farsku maj\u00ed vybaven\u00ed, kter\u00e9 jim st\u011bhovala na\u0161e spole\u010dnost. Barandov&nbsp;Studio&nbsp;a.s. tak\u00e9 vyu\u017e\u00edv\u00e1 na\u0161e st\u011bhovac\u00ed slu\u017eby. Pro filma\u0159e voz\u00edme po cel\u00e9 Evrop\u011b pravideln\u011b kulisy, kost\u00fdmy a filmovou techniku. Co se t\u00fd\u010de na\u0161ich klient\u016f v&nbsp;Praze, na\u0161eho st\u011bhovac\u00edho know-how pravideln\u011b [&hellip;]\" \/>\n<meta property=\"og:url\" content=\"https:\/\/jumbo-stehovani.cz\/en\/sluzby\/stehovani-pro-firmy\/\" \/>\n<meta property=\"og:site_name\" content=\"Jumbo St\u011bhov\u00e1n\u00ed\" \/>\n<meta property=\"article:modified_time\" content=\"2025-09-25T14:24:50+00:00\" \/>\n<meta property=\"og:image\" content=\"https:\/\/jumbo-stehovani.cz\/wp-content\/uploads\/2016\/06\/stehovani-pro-firmy.jpg\" \/>\n\t<meta property=\"og:image:width\" content=\"300\" \/>\n\t<meta property=\"og:image:height\" content=\"225\" \/>\n\t<meta property=\"og:image:type\" content=\"image\/jpeg\" \/>\n<meta name=\"twitter:card\" content=\"summary_large_image\" \/>\n<meta name=\"twitter:label1\" content=\"Estimated reading time\" \/>\n\t<meta name=\"twitter:data1\" content=\"2 minutes\" \/>\n<script type=\"application\/ld+json\" class=\"yoast-schema-graph\">{\"@context\":\"https:\/\/schema.org\",\"@graph\":[{\"@type\":\"WebPage\",\"@id\":\"https:\/\/jumbo-stehovani.cz\/en\/sluzby\/stehovani-pro-firmy\/\",\"url\":\"https:\/\/jumbo-stehovani.cz\/en\/sluzby\/stehovani-pro-firmy\/\",\"name\":\"St\u011bhov\u00e1n\u00ed pro firmy - Jumbo St\u011bhov\u00e1n\u00ed\",\"isPartOf\":{\"@id\":\"https:\/\/jumbo-stehovani.cz\/#website\"},\"primaryImageOfPage\":{\"@id\":\"https:\/\/jumbo-stehovani.cz\/en\/sluzby\/stehovani-pro-firmy\/#primaryimage\"},\"image\":{\"@id\":\"https:\/\/jumbo-stehovani.cz\/en\/sluzby\/stehovani-pro-firmy\/#primaryimage\"},\"thumbnailUrl\":\"https:\/\/jumbo-stehovani.cz\/wp-content\/uploads\/2016\/06\/stehovani-pro-firmy.jpg\",\"datePublished\":\"2016-06-28T09:04:20+00:00\",\"dateModified\":\"2025-09-25T14:24:50+00:00\",\"breadcrumb\":{\"@id\":\"https:\/\/jumbo-stehovani.cz\/en\/sluzby\/stehovani-pro-firmy\/#breadcrumb\"},\"inLanguage\":\"en-GB\",\"potentialAction\":[{\"@type\":\"ReadAction\",\"target\":[\"https:\/\/jumbo-stehovani.cz\/en\/sluzby\/stehovani-pro-firmy\/\"]}]},{\"@type\":\"ImageObject\",\"inLanguage\":\"en-GB\",\"@id\":\"https:\/\/jumbo-stehovani.cz\/en\/sluzby\/stehovani-pro-firmy\/#primaryimage\",\"url\":\"https:\/\/jumbo-stehovani.cz\/wp-content\/uploads\/2016\/06\/stehovani-pro-firmy.jpg\",\"contentUrl\":\"https:\/\/jumbo-stehovani.cz\/wp-content\/uploads\/2016\/06\/stehovani-pro-firmy.jpg\",\"width\":300,\"height\":225},{\"@type\":\"BreadcrumbList\",\"@id\":\"https:\/\/jumbo-stehovani.cz\/en\/sluzby\/stehovani-pro-firmy\/#breadcrumb\",\"itemListElement\":[{\"@type\":\"ListItem\",\"position\":1,\"name\":\"Dom\u016f\",\"item\":\"https:\/\/jumbo-stehovani.cz\/\"},{\"@type\":\"ListItem\",\"position\":2,\"name\":\"Slu\u017eby\",\"item\":\"https:\/\/jumbo-stehovani.cz\/sluzby\/\"},{\"@type\":\"ListItem\",\"position\":3,\"name\":\"St\u011bhov\u00e1n\u00ed pro firmy\"}]},{\"@type\":\"WebSite\",\"@id\":\"https:\/\/jumbo-stehovani.cz\/#website\",\"url\":\"https:\/\/jumbo-stehovani.cz\/\",\"name\":\"Jumbo St\u011bhov\u00e1n\u00ed\",\"description\":\"\",\"publisher\":{\"@id\":\"https:\/\/jumbo-stehovani.cz\/#organization\"},\"potentialAction\":[{\"@type\":\"SearchAction\",\"target\":{\"@type\":\"EntryPoint\",\"urlTemplate\":\"https:\/\/jumbo-stehovani.cz\/?s={search_term_string}\"},\"query-input\":{\"@type\":\"PropertyValueSpecification\",\"valueRequired\":true,\"valueName\":\"search_term_string\"}}],\"inLanguage\":\"en-GB\"},{\"@type\":\"Organization\",\"@id\":\"https:\/\/jumbo-stehovani.cz\/#organization\",\"name\":\"Jumbo St\u011bhov\u00e1n\u00ed\",\"url\":\"https:\/\/jumbo-stehovani.cz\/\",\"logo\":{\"@type\":\"ImageObject\",\"inLanguage\":\"en-GB\",\"@id\":\"https:\/\/jumbo-stehovani.cz\/#\/schema\/logo\/image\/\",\"url\":\"https:\/\/jumbo-stehovani.cz\/wp-content\/uploads\/2025\/09\/menu-logo.png\",\"contentUrl\":\"https:\/\/jumbo-stehovani.cz\/wp-content\/uploads\/2025\/09\/menu-logo.png\",\"width\":90,\"height\":47,\"caption\":\"Jumbo St\u011bhov\u00e1n\u00ed\"},\"image\":{\"@id\":\"https:\/\/jumbo-stehovani.cz\/#\/schema\/logo\/image\/\"}}]}<\/script>\n<!-- \/ Yoast SEO plugin. -->","yoast_head_json":{"title":"St\u011bhov\u00e1n\u00ed pro firmy - Jumbo St\u011bhov\u00e1n\u00ed","robots":{"index":"index","follow":"follow","max-snippet":"max-snippet:-1","max-image-preview":"max-image-preview:large","max-video-preview":"max-video-preview:-1"},"canonical":"https:\/\/jumbo-stehovani.cz\/en\/sluzby\/stehovani-pro-firmy\/","og_locale":"en_GB","og_type":"article","og_title":"St\u011bhov\u00e1n\u00ed pro firmy - Jumbo St\u011bhov\u00e1n\u00ed","og_description":"Jsme v\u00fdhradn\u00edm dodavatelem nerezov\u00fdch kuchyn\u00ed, stol\u016f, frit\u00e9z a dal\u0161\u00edho vybaven\u00ed pro s\u00ed\u0165 restaurac\u00ed KFC. V\u0161echny tyto restaurace v&nbsp;\u010cR a Ma\u010farsku maj\u00ed vybaven\u00ed, kter\u00e9 jim st\u011bhovala na\u0161e spole\u010dnost. Barandov&nbsp;Studio&nbsp;a.s. tak\u00e9 vyu\u017e\u00edv\u00e1 na\u0161e st\u011bhovac\u00ed slu\u017eby. Pro filma\u0159e voz\u00edme po cel\u00e9 Evrop\u011b pravideln\u011b kulisy, kost\u00fdmy a filmovou techniku. Co se t\u00fd\u010de na\u0161ich klient\u016f v&nbsp;Praze, na\u0161eho st\u011bhovac\u00edho know-how pravideln\u011b [&hellip;]","og_url":"https:\/\/jumbo-stehovani.cz\/en\/sluzby\/stehovani-pro-firmy\/","og_site_name":"Jumbo St\u011bhov\u00e1n\u00ed","article_modified_time":"2025-09-25T14:24:50+00:00","og_image":[{"width":300,"height":225,"url":"https:\/\/jumbo-stehovani.cz\/wp-content\/uploads\/2016\/06\/stehovani-pro-firmy.jpg","type":"image\/jpeg"}],"twitter_card":"summary_large_image","twitter_misc":{"Estimated reading time":"2 minutes"},"schema":{"@context":"https:\/\/schema.org","@graph":[{"@type":"WebPage","@id":"https:\/\/jumbo-stehovani.cz\/en\/sluzby\/stehovani-pro-firmy\/","url":"https:\/\/jumbo-stehovani.cz\/en\/sluzby\/stehovani-pro-firmy\/","name":"St\u011bhov\u00e1n\u00ed pro firmy - Jumbo St\u011bhov\u00e1n\u00ed","isPartOf":{"@id":"https:\/\/jumbo-stehovani.cz\/#website"},"primaryImageOfPage":{"@id":"https:\/\/jumbo-stehovani.cz\/en\/sluzby\/stehovani-pro-firmy\/#primaryimage"},"image":{"@id":"https:\/\/jumbo-stehovani.cz\/en\/sluzby\/stehovani-pro-firmy\/#primaryimage"},"thumbnailUrl":"https:\/\/jumbo-stehovani.cz\/wp-content\/uploads\/2016\/06\/stehovani-pro-firmy.jpg","datePublished":"2016-06-28T09:04:20+00:00","dateModified":"2025-09-25T14:24:50+00:00","breadcrumb":{"@id":"https:\/\/jumbo-stehovani.cz\/en\/sluzby\/stehovani-pro-firmy\/#breadcrumb"},"inLanguage":"en-GB","potentialAction":[{"@type":"ReadAction","target":["https:\/\/jumbo-stehovani.cz\/en\/sluzby\/stehovani-pro-firmy\/"]}]},{"@type":"ImageObject","inLanguage":"en-GB","@id":"https:\/\/jumbo-stehovani.cz\/en\/sluzby\/stehovani-pro-firmy\/#primaryimage","url":"https:\/\/jumbo-stehovani.cz\/wp-content\/uploads\/2016\/06\/stehovani-pro-firmy.jpg","contentUrl":"https:\/\/jumbo-stehovani.cz\/wp-content\/uploads\/2016\/06\/stehovani-pro-firmy.jpg","width":300,"height":225},{"@type":"BreadcrumbList","@id":"https:\/\/jumbo-stehovani.cz\/en\/sluzby\/stehovani-pro-firmy\/#breadcrumb","itemListElement":[{"@type":"ListItem","position":1,"name":"Dom\u016f","item":"https:\/\/jumbo-stehovani.cz\/"},{"@type":"ListItem","position":2,"name":"Slu\u017eby","item":"https:\/\/jumbo-stehovani.cz\/sluzby\/"},{"@type":"ListItem","position":3,"name":"St\u011bhov\u00e1n\u00ed pro firmy"}]},{"@type":"WebSite","@id":"https:\/\/jumbo-stehovani.cz\/#website","url":"https:\/\/jumbo-stehovani.cz\/","name":"Jumbo St\u011bhov\u00e1n\u00ed","description":"","publisher":{"@id":"https:\/\/jumbo-stehovani.cz\/#organization"},"potentialAction":[{"@type":"SearchAction","target":{"@type":"EntryPoint","urlTemplate":"https:\/\/jumbo-stehovani.cz\/?s={search_term_string}"},"query-input":{"@type":"PropertyValueSpecification","valueRequired":true,"valueName":"search_term_string"}}],"inLanguage":"en-GB"},{"@type":"Organization","@id":"https:\/\/jumbo-stehovani.cz\/#organization","name":"Jumbo St\u011bhov\u00e1n\u00ed","url":"https:\/\/jumbo-stehovani.cz\/","logo":{"@type":"ImageObject","inLanguage":"en-GB","@id":"https:\/\/jumbo-stehovani.cz\/#\/schema\/logo\/image\/","url":"https:\/\/jumbo-stehovani.cz\/wp-content\/uploads\/2025\/09\/menu-logo.png","contentUrl":"https:\/\/jumbo-stehovani.cz\/wp-content\/uploads\/2025\/09\/menu-logo.png","width":90,"height":47,"caption":"Jumbo St\u011bhov\u00e1n\u00ed"},"image":{"@id":"https:\/\/jumbo-stehovani.cz\/#\/schema\/logo\/image\/"}}]}},"_links":{"self":[{"href":"https:\/\/jumbo-stehovani.cz\/en\/wp-json\/wp\/v2\/pages\/35","targetHints":{"allow":["GET"]}}],"collection":[{"href":"https:\/\/jumbo-stehovani.cz\/en\/wp-json\/wp\/v2\/pages"}],"about":[{"href":"https:\/\/jumbo-stehovani.cz\/en\/wp-json\/wp\/v2\/types\/page"}],"author":[{"embeddable":true,"href":"https:\/\/jumbo-stehovani.cz\/en\/wp-json\/wp\/v2\/users\/1"}],"replies":[{"embeddable":true,"href":"https:\/\/jumbo-stehovani.cz\/en\/wp-json\/wp\/v2\/comments?post=35"}],"version-history":[{"count":3,"href":"https:\/\/jumbo-stehovani.cz\/en\/wp-json\/wp\/v2\/pages\/35\/revisions"}],"predecessor-version":[{"id":304,"href":"https:\/\/jumbo-stehovani.cz\/en\/wp-json\/wp\/v2\/pages\/35\/revisions\/304"}],"up":[{"embeddable":true,"href":"https:\/\/jumbo-stehovani.cz\/en\/wp-json\/wp\/v2\/pages\/15"}],"wp:featuredmedia":[{"embeddable":true,"href":"https:\/\/jumbo-stehovani.cz\/en\/wp-json\/wp\/v2\/media\/34"}],"wp:attachment":[{"href":"https:\/\/jumbo-stehovani.cz\/en\/wp-json\/wp\/v2\/media?parent=35"}],"curies":[{"name":"wp","href":"https:\/\/api.w.org\/{rel}","templated":true}]}}