{"id":33,"date":"2016-06-28T09:04:07","date_gmt":"2016-06-28T09:04:07","guid":{"rendered":"http:\/\/jumbo-stehovani.cz\/stehovani-stroju\/"},"modified":"2025-09-25T14:23:24","modified_gmt":"2025-09-25T14:23:24","slug":"stehovani-stroju","status":"publish","type":"page","link":"https:\/\/jumbo-stehovani.cz\/en\/sluzby\/stehovani-stroju\/","title":{"rendered":"Moving machines"},"content":{"rendered":"<div class=\"content article\"><img decoding=\"async\" class=\"right\" src=\"http:\/\/jumbo-stehovani.cz\/wp-content\/uploads\/2016\/06\/stehovani-stroju.jpg\" alt=\"\">\n<p>Our company has many years of experience with moving machines. Machines are moved not only in the Czech Republic but also abroad. For example, for Bosch Diesel Ltd. Jihlava, we provided complete moving process of factory from Stuttgart to Jihlava. For this factory in Germany, where there are about six thousand employees, we moved about 200 pieces of 40 tons machines. The actual transfer of machines lasted 1.5 year. The year after this moving project, new machines were transported into new production plant in Jihlava.<\/p>\n<h3>Moving machines for foreign clients<\/h3>\n<p>Vagnerplast at. s.r.o. company is among other foreign clients benefitting from our moving machinery services. For this company, we have implemented transport of machinery from Italy and Belgium to the factory in Kladno in the Czech Republic.<\/p>\n<p>We carried out moving of technology for production of ammunition for the company Sellier &amp; Bellot, Inc. - concretely presses for patrons. It was particularly moving a factory equipment and machinery from factories in Austria and France.<\/p>\n<p>We will move any machine with a maximum weight up to 300 tons anywhere in Europe, from Ireland to Turkey. For moving machines we use heavy cranes, lorries, trailers and other equipment. What other moving companies fail to transport, we do as regular service.<\/p>\n<\/div>","protected":false},"excerpt":{"rendered":"<p>Se st\u011bhov\u00e1n\u00edm stroj\u016f m\u00e1 na\u0161e firma dlouholet\u00e9 zku\u0161enosti. Stroje jsme st\u011bhovali nejen v&nbsp;\u010cesk\u00e9&nbsp;republice, ale i v&nbsp;zahrani\u010d\u00ed. Nap\u0159\u00edklad pro firmu BOSCH&nbsp;DIESEL&nbsp;s.r.o.&nbsp;Jihlava jsme zaji\u0161\u0165ovali st\u011bhov\u00e1n\u00ed kompletn\u00edho v\u00fdrobn\u00edho z\u00e1vodu ze Stuttgartu do Jihlavy. Z&nbsp;tov\u00e1rny v&nbsp;N\u011bmecku, kde pracuje asi \u0161est tis\u00edc zam\u011bstnanc\u016f, bylo p\u0159evezeno 200&nbsp;ks cca 40tunov\u00fdch stroj\u016f. Samotn\u00fd p\u0159esun stroj\u016f trval cca 1,5&nbsp;roku. Dal\u0161\u00ed rok se do nov\u00e9ho [&hellip;]<\/p>","protected":false},"author":1,"featured_media":32,"parent":15,"menu_order":26,"comment_status":"closed","ping_status":"closed","template":"","meta":{"ngg_post_thumbnail":0,"footnotes":""},"class_list":["post-33","page","type-page","status-publish","hentry"],"yoast_head":"<!-- This site is optimized with the Yoast SEO plugin v26.0 - https:\/\/yoast.com\/wordpress\/plugins\/seo\/ -->\n<title>St\u011bhov\u00e1n\u00ed stroj\u016f - Jumbo St\u011bhov\u00e1n\u00ed<\/title>\n<meta name=\"robots\" content=\"index, follow, max-snippet:-1, max-image-preview:large, max-video-preview:-1\" \/>\n<link rel=\"canonical\" href=\"https:\/\/jumbo-stehovani.cz\/en\/sluzby\/stehovani-stroju\/\" \/>\n<meta property=\"og:locale\" content=\"en_GB\" \/>\n<meta property=\"og:type\" content=\"article\" \/>\n<meta property=\"og:title\" content=\"St\u011bhov\u00e1n\u00ed stroj\u016f - Jumbo St\u011bhov\u00e1n\u00ed\" \/>\n<meta property=\"og:description\" content=\"Se st\u011bhov\u00e1n\u00edm stroj\u016f m\u00e1 na\u0161e firma dlouholet\u00e9 zku\u0161enosti. Stroje jsme st\u011bhovali nejen v&nbsp;\u010cesk\u00e9&nbsp;republice, ale i v&nbsp;zahrani\u010d\u00ed. Nap\u0159\u00edklad pro firmu BOSCH&nbsp;DIESEL&nbsp;s.r.o.&nbsp;Jihlava jsme zaji\u0161\u0165ovali st\u011bhov\u00e1n\u00ed kompletn\u00edho v\u00fdrobn\u00edho z\u00e1vodu ze Stuttgartu do Jihlavy. Z&nbsp;tov\u00e1rny v&nbsp;N\u011bmecku, kde pracuje asi \u0161est tis\u00edc zam\u011bstnanc\u016f, bylo p\u0159evezeno 200&nbsp;ks cca 40tunov\u00fdch stroj\u016f. Samotn\u00fd p\u0159esun stroj\u016f trval cca 1,5&nbsp;roku. Dal\u0161\u00ed rok se do nov\u00e9ho [&hellip;]\" \/>\n<meta property=\"og:url\" content=\"https:\/\/jumbo-stehovani.cz\/en\/sluzby\/stehovani-stroju\/\" \/>\n<meta property=\"og:site_name\" content=\"Jumbo St\u011bhov\u00e1n\u00ed\" \/>\n<meta property=\"article:modified_time\" content=\"2025-09-25T14:23:24+00:00\" \/>\n<meta property=\"og:image\" content=\"https:\/\/jumbo-stehovani.cz\/wp-content\/uploads\/2016\/06\/stehovani-stroju.jpg\" \/>\n\t<meta property=\"og:image:width\" content=\"461\" \/>\n\t<meta property=\"og:image:height\" content=\"346\" \/>\n\t<meta property=\"og:image:type\" content=\"image\/jpeg\" \/>\n<meta name=\"twitter:card\" content=\"summary_large_image\" \/>\n<meta name=\"twitter:label1\" content=\"Estimated reading time\" \/>\n\t<meta name=\"twitter:data1\" content=\"1 minute\" \/>\n<script type=\"application\/ld+json\" class=\"yoast-schema-graph\">{\"@context\":\"https:\/\/schema.org\",\"@graph\":[{\"@type\":\"WebPage\",\"@id\":\"https:\/\/jumbo-stehovani.cz\/en\/sluzby\/stehovani-stroju\/\",\"url\":\"https:\/\/jumbo-stehovani.cz\/en\/sluzby\/stehovani-stroju\/\",\"name\":\"St\u011bhov\u00e1n\u00ed stroj\u016f - Jumbo St\u011bhov\u00e1n\u00ed\",\"isPartOf\":{\"@id\":\"https:\/\/jumbo-stehovani.cz\/#website\"},\"primaryImageOfPage\":{\"@id\":\"https:\/\/jumbo-stehovani.cz\/en\/sluzby\/stehovani-stroju\/#primaryimage\"},\"image\":{\"@id\":\"https:\/\/jumbo-stehovani.cz\/en\/sluzby\/stehovani-stroju\/#primaryimage\"},\"thumbnailUrl\":\"https:\/\/jumbo-stehovani.cz\/wp-content\/uploads\/2016\/06\/stehovani-stroju.jpg\",\"datePublished\":\"2016-06-28T09:04:07+00:00\",\"dateModified\":\"2025-09-25T14:23:24+00:00\",\"breadcrumb\":{\"@id\":\"https:\/\/jumbo-stehovani.cz\/en\/sluzby\/stehovani-stroju\/#breadcrumb\"},\"inLanguage\":\"en-GB\",\"potentialAction\":[{\"@type\":\"ReadAction\",\"target\":[\"https:\/\/jumbo-stehovani.cz\/en\/sluzby\/stehovani-stroju\/\"]}]},{\"@type\":\"ImageObject\",\"inLanguage\":\"en-GB\",\"@id\":\"https:\/\/jumbo-stehovani.cz\/en\/sluzby\/stehovani-stroju\/#primaryimage\",\"url\":\"https:\/\/jumbo-stehovani.cz\/wp-content\/uploads\/2016\/06\/stehovani-stroju.jpg\",\"contentUrl\":\"https:\/\/jumbo-stehovani.cz\/wp-content\/uploads\/2016\/06\/stehovani-stroju.jpg\",\"width\":461,\"height\":346},{\"@type\":\"BreadcrumbList\",\"@id\":\"https:\/\/jumbo-stehovani.cz\/en\/sluzby\/stehovani-stroju\/#breadcrumb\",\"itemListElement\":[{\"@type\":\"ListItem\",\"position\":1,\"name\":\"Dom\u016f\",\"item\":\"https:\/\/jumbo-stehovani.cz\/\"},{\"@type\":\"ListItem\",\"position\":2,\"name\":\"Slu\u017eby\",\"item\":\"https:\/\/jumbo-stehovani.cz\/sluzby\/\"},{\"@type\":\"ListItem\",\"position\":3,\"name\":\"St\u011bhov\u00e1n\u00ed stroj\u016f\"}]},{\"@type\":\"WebSite\",\"@id\":\"https:\/\/jumbo-stehovani.cz\/#website\",\"url\":\"https:\/\/jumbo-stehovani.cz\/\",\"name\":\"Jumbo St\u011bhov\u00e1n\u00ed\",\"description\":\"\",\"publisher\":{\"@id\":\"https:\/\/jumbo-stehovani.cz\/#organization\"},\"potentialAction\":[{\"@type\":\"SearchAction\",\"target\":{\"@type\":\"EntryPoint\",\"urlTemplate\":\"https:\/\/jumbo-stehovani.cz\/?s={search_term_string}\"},\"query-input\":{\"@type\":\"PropertyValueSpecification\",\"valueRequired\":true,\"valueName\":\"search_term_string\"}}],\"inLanguage\":\"en-GB\"},{\"@type\":\"Organization\",\"@id\":\"https:\/\/jumbo-stehovani.cz\/#organization\",\"name\":\"Jumbo St\u011bhov\u00e1n\u00ed\",\"url\":\"https:\/\/jumbo-stehovani.cz\/\",\"logo\":{\"@type\":\"ImageObject\",\"inLanguage\":\"en-GB\",\"@id\":\"https:\/\/jumbo-stehovani.cz\/#\/schema\/logo\/image\/\",\"url\":\"https:\/\/jumbo-stehovani.cz\/wp-content\/uploads\/2025\/09\/menu-logo.png\",\"contentUrl\":\"https:\/\/jumbo-stehovani.cz\/wp-content\/uploads\/2025\/09\/menu-logo.png\",\"width\":90,\"height\":47,\"caption\":\"Jumbo St\u011bhov\u00e1n\u00ed\"},\"image\":{\"@id\":\"https:\/\/jumbo-stehovani.cz\/#\/schema\/logo\/image\/\"}}]}<\/script>\n<!-- \/ Yoast SEO plugin. -->","yoast_head_json":{"title":"St\u011bhov\u00e1n\u00ed stroj\u016f - Jumbo St\u011bhov\u00e1n\u00ed","robots":{"index":"index","follow":"follow","max-snippet":"max-snippet:-1","max-image-preview":"max-image-preview:large","max-video-preview":"max-video-preview:-1"},"canonical":"https:\/\/jumbo-stehovani.cz\/en\/sluzby\/stehovani-stroju\/","og_locale":"en_GB","og_type":"article","og_title":"St\u011bhov\u00e1n\u00ed stroj\u016f - Jumbo St\u011bhov\u00e1n\u00ed","og_description":"Se st\u011bhov\u00e1n\u00edm stroj\u016f m\u00e1 na\u0161e firma dlouholet\u00e9 zku\u0161enosti. Stroje jsme st\u011bhovali nejen v&nbsp;\u010cesk\u00e9&nbsp;republice, ale i v&nbsp;zahrani\u010d\u00ed. Nap\u0159\u00edklad pro firmu BOSCH&nbsp;DIESEL&nbsp;s.r.o.&nbsp;Jihlava jsme zaji\u0161\u0165ovali st\u011bhov\u00e1n\u00ed kompletn\u00edho v\u00fdrobn\u00edho z\u00e1vodu ze Stuttgartu do Jihlavy. Z&nbsp;tov\u00e1rny v&nbsp;N\u011bmecku, kde pracuje asi \u0161est tis\u00edc zam\u011bstnanc\u016f, bylo p\u0159evezeno 200&nbsp;ks cca 40tunov\u00fdch stroj\u016f. Samotn\u00fd p\u0159esun stroj\u016f trval cca 1,5&nbsp;roku. Dal\u0161\u00ed rok se do nov\u00e9ho [&hellip;]","og_url":"https:\/\/jumbo-stehovani.cz\/en\/sluzby\/stehovani-stroju\/","og_site_name":"Jumbo St\u011bhov\u00e1n\u00ed","article_modified_time":"2025-09-25T14:23:24+00:00","og_image":[{"width":461,"height":346,"url":"https:\/\/jumbo-stehovani.cz\/wp-content\/uploads\/2016\/06\/stehovani-stroju.jpg","type":"image\/jpeg"}],"twitter_card":"summary_large_image","twitter_misc":{"Estimated reading time":"1 minute"},"schema":{"@context":"https:\/\/schema.org","@graph":[{"@type":"WebPage","@id":"https:\/\/jumbo-stehovani.cz\/en\/sluzby\/stehovani-stroju\/","url":"https:\/\/jumbo-stehovani.cz\/en\/sluzby\/stehovani-stroju\/","name":"St\u011bhov\u00e1n\u00ed stroj\u016f - Jumbo St\u011bhov\u00e1n\u00ed","isPartOf":{"@id":"https:\/\/jumbo-stehovani.cz\/#website"},"primaryImageOfPage":{"@id":"https:\/\/jumbo-stehovani.cz\/en\/sluzby\/stehovani-stroju\/#primaryimage"},"image":{"@id":"https:\/\/jumbo-stehovani.cz\/en\/sluzby\/stehovani-stroju\/#primaryimage"},"thumbnailUrl":"https:\/\/jumbo-stehovani.cz\/wp-content\/uploads\/2016\/06\/stehovani-stroju.jpg","datePublished":"2016-06-28T09:04:07+00:00","dateModified":"2025-09-25T14:23:24+00:00","breadcrumb":{"@id":"https:\/\/jumbo-stehovani.cz\/en\/sluzby\/stehovani-stroju\/#breadcrumb"},"inLanguage":"en-GB","potentialAction":[{"@type":"ReadAction","target":["https:\/\/jumbo-stehovani.cz\/en\/sluzby\/stehovani-stroju\/"]}]},{"@type":"ImageObject","inLanguage":"en-GB","@id":"https:\/\/jumbo-stehovani.cz\/en\/sluzby\/stehovani-stroju\/#primaryimage","url":"https:\/\/jumbo-stehovani.cz\/wp-content\/uploads\/2016\/06\/stehovani-stroju.jpg","contentUrl":"https:\/\/jumbo-stehovani.cz\/wp-content\/uploads\/2016\/06\/stehovani-stroju.jpg","width":461,"height":346},{"@type":"BreadcrumbList","@id":"https:\/\/jumbo-stehovani.cz\/en\/sluzby\/stehovani-stroju\/#breadcrumb","itemListElement":[{"@type":"ListItem","position":1,"name":"Dom\u016f","item":"https:\/\/jumbo-stehovani.cz\/"},{"@type":"ListItem","position":2,"name":"Slu\u017eby","item":"https:\/\/jumbo-stehovani.cz\/sluzby\/"},{"@type":"ListItem","position":3,"name":"St\u011bhov\u00e1n\u00ed stroj\u016f"}]},{"@type":"WebSite","@id":"https:\/\/jumbo-stehovani.cz\/#website","url":"https:\/\/jumbo-stehovani.cz\/","name":"Jumbo St\u011bhov\u00e1n\u00ed","description":"","publisher":{"@id":"https:\/\/jumbo-stehovani.cz\/#organization"},"potentialAction":[{"@type":"SearchAction","target":{"@type":"EntryPoint","urlTemplate":"https:\/\/jumbo-stehovani.cz\/?s={search_term_string}"},"query-input":{"@type":"PropertyValueSpecification","valueRequired":true,"valueName":"search_term_string"}}],"inLanguage":"en-GB"},{"@type":"Organization","@id":"https:\/\/jumbo-stehovani.cz\/#organization","name":"Jumbo St\u011bhov\u00e1n\u00ed","url":"https:\/\/jumbo-stehovani.cz\/","logo":{"@type":"ImageObject","inLanguage":"en-GB","@id":"https:\/\/jumbo-stehovani.cz\/#\/schema\/logo\/image\/","url":"https:\/\/jumbo-stehovani.cz\/wp-content\/uploads\/2025\/09\/menu-logo.png","contentUrl":"https:\/\/jumbo-stehovani.cz\/wp-content\/uploads\/2025\/09\/menu-logo.png","width":90,"height":47,"caption":"Jumbo St\u011bhov\u00e1n\u00ed"},"image":{"@id":"https:\/\/jumbo-stehovani.cz\/#\/schema\/logo\/image\/"}}]}},"_links":{"self":[{"href":"https:\/\/jumbo-stehovani.cz\/en\/wp-json\/wp\/v2\/pages\/33","targetHints":{"allow":["GET"]}}],"collection":[{"href":"https:\/\/jumbo-stehovani.cz\/en\/wp-json\/wp\/v2\/pages"}],"about":[{"href":"https:\/\/jumbo-stehovani.cz\/en\/wp-json\/wp\/v2\/types\/page"}],"author":[{"embeddable":true,"href":"https:\/\/jumbo-stehovani.cz\/en\/wp-json\/wp\/v2\/users\/1"}],"replies":[{"embeddable":true,"href":"https:\/\/jumbo-stehovani.cz\/en\/wp-json\/wp\/v2\/comments?post=33"}],"version-history":[{"count":2,"href":"https:\/\/jumbo-stehovani.cz\/en\/wp-json\/wp\/v2\/pages\/33\/revisions"}],"predecessor-version":[{"id":302,"href":"https:\/\/jumbo-stehovani.cz\/en\/wp-json\/wp\/v2\/pages\/33\/revisions\/302"}],"up":[{"embeddable":true,"href":"https:\/\/jumbo-stehovani.cz\/en\/wp-json\/wp\/v2\/pages\/15"}],"wp:featuredmedia":[{"embeddable":true,"href":"https:\/\/jumbo-stehovani.cz\/en\/wp-json\/wp\/v2\/media\/32"}],"wp:attachment":[{"href":"https:\/\/jumbo-stehovani.cz\/en\/wp-json\/wp\/v2\/media?parent=33"}],"curies":[{"name":"wp","href":"https:\/\/api.w.org\/{rel}","templated":true}]}}