{"id":31,"date":"2016-06-28T09:03:55","date_gmt":"2016-06-28T09:03:55","guid":{"rendered":"http:\/\/jumbo-stehovani.cz\/priprava-stehovani\/"},"modified":"2025-09-25T14:13:18","modified_gmt":"2025-09-25T14:13:18","slug":"priprava-stehovani","status":"publish","type":"page","link":"https:\/\/jumbo-stehovani.cz\/en\/sluzby\/priprava-stehovani\/","title":{"rendered":"Moving preparation"},"content":{"rendered":"<div class=\"content article\">\n<p>Thinking of moving your belongings from your family home, an apartment, basement or ground or you need to ensure your business moving or moving your offices, bank, workshops, warehouses and other commercial premises?<\/p>\n<p>All that will be performed easily and with no worry with our moving company.<\/p>\n<h3>Moving preparation<\/h3>\n<p>Preparation of moving is an important part of the process. Its proper organization can significantly relieve many worries and time losses. Quality of preparation for moving requires longtime experiences with the whole moving process. Our moving company has long years of experiance and therefore we are able to offer high quality and sophisticated services.<\/p>\n<p>We are professionals who know how everything needs to be perfectly prepared for moving, how to avoid time losses and eliminate errors, for example how not to forget to move certain things.<\/p>\n<p>The entire process of moving of your premises or property can be left entirely to us. The moving process is demanding not only physically but especially mentally. Therefore you can all lay it on us.<\/p>\n<p>The whole plan for moving is made according to the requirements and wishes of each client. It consists of the necessary documentation, dismantling, disconnecting all devices, packing, loading, safe transport, unpacking and reassembling of equipment.<\/p>\n<\/div>","protected":false},"excerpt":{"rendered":"<p>P\u0159em&yacute;&scaron;l&iacute;te o p\u0159est\u011bhov&aacute;n&iacute; va&scaron;ich osobn&iacute;ch v\u011bc&iacute; z&nbsp;va&scaron;eho rodinn&eacute;ho domu, bytu, sklepu \u010di p\u016fdy nebo pot\u0159ebujete zajistit st\u011bhov&aacute;n&iacute; va&scaron;&iacute; firmy, kancel&aacute;\u0159e, banky, &uacute;\u0159adu, d&iacute;lny, sklad\u016f \u010di jin&yacute;ch komer\u010dn&iacute;ch prostor? S&nbsp;na&scaron;&iacute; st\u011bhovac&iacute; firmou prob\u011bhne v&scaron;e snadno a bez starost&iacute;. P\u0159\u00edprava st\u011bhov&aacute;n&iacute; P\u0159&iacute;prava st\u011bhov&aacute;n&iacute; je d\u016fle\u017eitou sou\u010d&aacute;st&iacute; cel&eacute;ho procesu st\u011bhov&aacute;n&iacute; a jej&iacute; spr&aacute;vn&aacute; organizace v&aacute;m m\u016f\u017ee v&yacute;razn\u011b uleh\u010dit [&hellip;]<\/p>","protected":false},"author":1,"featured_media":0,"parent":15,"menu_order":27,"comment_status":"closed","ping_status":"closed","template":"","meta":{"ngg_post_thumbnail":0,"footnotes":""},"class_list":["post-31","page","type-page","status-publish","hentry"],"yoast_head":"<!-- This site is optimized with the Yoast SEO plugin v26.0 - https:\/\/yoast.com\/wordpress\/plugins\/seo\/ -->\n<title>P\u0159\u00edprava st\u011bhov\u00e1n\u00ed - Jumbo St\u011bhov\u00e1n\u00ed<\/title>\n<meta name=\"robots\" content=\"index, follow, max-snippet:-1, max-image-preview:large, max-video-preview:-1\" \/>\n<link rel=\"canonical\" href=\"https:\/\/jumbo-stehovani.cz\/en\/sluzby\/priprava-stehovani\/\" \/>\n<meta property=\"og:locale\" content=\"en_GB\" \/>\n<meta property=\"og:type\" content=\"article\" \/>\n<meta property=\"og:title\" content=\"P\u0159\u00edprava st\u011bhov\u00e1n\u00ed - Jumbo St\u011bhov\u00e1n\u00ed\" \/>\n<meta property=\"og:description\" content=\"P\u0159em&yacute;&scaron;l&iacute;te o p\u0159est\u011bhov&aacute;n&iacute; va&scaron;ich osobn&iacute;ch v\u011bc&iacute; z&nbsp;va&scaron;eho rodinn&eacute;ho domu, bytu, sklepu \u010di p\u016fdy nebo pot\u0159ebujete zajistit st\u011bhov&aacute;n&iacute; va&scaron;&iacute; firmy, kancel&aacute;\u0159e, banky, &uacute;\u0159adu, d&iacute;lny, sklad\u016f \u010di jin&yacute;ch komer\u010dn&iacute;ch prostor? S&nbsp;na&scaron;&iacute; st\u011bhovac&iacute; firmou prob\u011bhne v&scaron;e snadno a bez starost&iacute;. P\u0159\u00edprava st\u011bhov&aacute;n&iacute; P\u0159&iacute;prava st\u011bhov&aacute;n&iacute; je d\u016fle\u017eitou sou\u010d&aacute;st&iacute; cel&eacute;ho procesu st\u011bhov&aacute;n&iacute; a jej&iacute; spr&aacute;vn&aacute; organizace v&aacute;m m\u016f\u017ee v&yacute;razn\u011b uleh\u010dit [&hellip;]\" \/>\n<meta property=\"og:url\" content=\"https:\/\/jumbo-stehovani.cz\/en\/sluzby\/priprava-stehovani\/\" \/>\n<meta property=\"og:site_name\" content=\"Jumbo St\u011bhov\u00e1n\u00ed\" \/>\n<meta property=\"article:modified_time\" content=\"2025-09-25T14:13:18+00:00\" \/>\n<meta name=\"twitter:card\" content=\"summary_large_image\" \/>\n<meta name=\"twitter:label1\" content=\"Estimated reading time\" \/>\n\t<meta name=\"twitter:data1\" content=\"2 minutes\" \/>\n<script type=\"application\/ld+json\" class=\"yoast-schema-graph\">{\"@context\":\"https:\/\/schema.org\",\"@graph\":[{\"@type\":\"WebPage\",\"@id\":\"https:\/\/jumbo-stehovani.cz\/sluzby\/priprava-stehovani\/\",\"url\":\"https:\/\/jumbo-stehovani.cz\/sluzby\/priprava-stehovani\/\",\"name\":\"P\u0159\u00edprava st\u011bhov\u00e1n\u00ed - Jumbo St\u011bhov\u00e1n\u00ed\",\"isPartOf\":{\"@id\":\"https:\/\/jumbo-stehovani.cz\/#website\"},\"datePublished\":\"2016-06-28T09:03:55+00:00\",\"dateModified\":\"2025-09-25T14:13:18+00:00\",\"breadcrumb\":{\"@id\":\"https:\/\/jumbo-stehovani.cz\/sluzby\/priprava-stehovani\/#breadcrumb\"},\"inLanguage\":\"en-GB\",\"potentialAction\":[{\"@type\":\"ReadAction\",\"target\":[\"https:\/\/jumbo-stehovani.cz\/sluzby\/priprava-stehovani\/\"]}]},{\"@type\":\"BreadcrumbList\",\"@id\":\"https:\/\/jumbo-stehovani.cz\/sluzby\/priprava-stehovani\/#breadcrumb\",\"itemListElement\":[{\"@type\":\"ListItem\",\"position\":1,\"name\":\"Dom\u016f\",\"item\":\"https:\/\/jumbo-stehovani.cz\/\"},{\"@type\":\"ListItem\",\"position\":2,\"name\":\"Slu\u017eby\",\"item\":\"https:\/\/jumbo-stehovani.cz\/sluzby\/\"},{\"@type\":\"ListItem\",\"position\":3,\"name\":\"P\u0159\u00edprava st\u011bhov\u00e1n\u00ed\"}]},{\"@type\":\"WebSite\",\"@id\":\"https:\/\/jumbo-stehovani.cz\/#website\",\"url\":\"https:\/\/jumbo-stehovani.cz\/\",\"name\":\"Jumbo St\u011bhov\u00e1n\u00ed\",\"description\":\"\",\"publisher\":{\"@id\":\"https:\/\/jumbo-stehovani.cz\/#organization\"},\"potentialAction\":[{\"@type\":\"SearchAction\",\"target\":{\"@type\":\"EntryPoint\",\"urlTemplate\":\"https:\/\/jumbo-stehovani.cz\/?s={search_term_string}\"},\"query-input\":{\"@type\":\"PropertyValueSpecification\",\"valueRequired\":true,\"valueName\":\"search_term_string\"}}],\"inLanguage\":\"en-GB\"},{\"@type\":\"Organization\",\"@id\":\"https:\/\/jumbo-stehovani.cz\/#organization\",\"name\":\"Jumbo St\u011bhov\u00e1n\u00ed\",\"url\":\"https:\/\/jumbo-stehovani.cz\/\",\"logo\":{\"@type\":\"ImageObject\",\"inLanguage\":\"en-GB\",\"@id\":\"https:\/\/jumbo-stehovani.cz\/#\/schema\/logo\/image\/\",\"url\":\"https:\/\/jumbo-stehovani.cz\/wp-content\/uploads\/2025\/09\/menu-logo.png\",\"contentUrl\":\"https:\/\/jumbo-stehovani.cz\/wp-content\/uploads\/2025\/09\/menu-logo.png\",\"width\":90,\"height\":47,\"caption\":\"Jumbo St\u011bhov\u00e1n\u00ed\"},\"image\":{\"@id\":\"https:\/\/jumbo-stehovani.cz\/#\/schema\/logo\/image\/\"}}]}<\/script>\n<!-- \/ Yoast SEO plugin. -->","yoast_head_json":{"title":"P\u0159\u00edprava st\u011bhov\u00e1n\u00ed - Jumbo St\u011bhov\u00e1n\u00ed","robots":{"index":"index","follow":"follow","max-snippet":"max-snippet:-1","max-image-preview":"max-image-preview:large","max-video-preview":"max-video-preview:-1"},"canonical":"https:\/\/jumbo-stehovani.cz\/en\/sluzby\/priprava-stehovani\/","og_locale":"en_GB","og_type":"article","og_title":"P\u0159\u00edprava st\u011bhov\u00e1n\u00ed - Jumbo St\u011bhov\u00e1n\u00ed","og_description":"P\u0159em&yacute;&scaron;l&iacute;te o p\u0159est\u011bhov&aacute;n&iacute; va&scaron;ich osobn&iacute;ch v\u011bc&iacute; z&nbsp;va&scaron;eho rodinn&eacute;ho domu, bytu, sklepu \u010di p\u016fdy nebo pot\u0159ebujete zajistit st\u011bhov&aacute;n&iacute; va&scaron;&iacute; firmy, kancel&aacute;\u0159e, banky, &uacute;\u0159adu, d&iacute;lny, sklad\u016f \u010di jin&yacute;ch komer\u010dn&iacute;ch prostor? S&nbsp;na&scaron;&iacute; st\u011bhovac&iacute; firmou prob\u011bhne v&scaron;e snadno a bez starost&iacute;. P\u0159\u00edprava st\u011bhov&aacute;n&iacute; P\u0159&iacute;prava st\u011bhov&aacute;n&iacute; je d\u016fle\u017eitou sou\u010d&aacute;st&iacute; cel&eacute;ho procesu st\u011bhov&aacute;n&iacute; a jej&iacute; spr&aacute;vn&aacute; organizace v&aacute;m m\u016f\u017ee v&yacute;razn\u011b uleh\u010dit [&hellip;]","og_url":"https:\/\/jumbo-stehovani.cz\/en\/sluzby\/priprava-stehovani\/","og_site_name":"Jumbo St\u011bhov\u00e1n\u00ed","article_modified_time":"2025-09-25T14:13:18+00:00","twitter_card":"summary_large_image","twitter_misc":{"Estimated reading time":"2 minutes"},"schema":{"@context":"https:\/\/schema.org","@graph":[{"@type":"WebPage","@id":"https:\/\/jumbo-stehovani.cz\/sluzby\/priprava-stehovani\/","url":"https:\/\/jumbo-stehovani.cz\/sluzby\/priprava-stehovani\/","name":"P\u0159\u00edprava st\u011bhov\u00e1n\u00ed - Jumbo St\u011bhov\u00e1n\u00ed","isPartOf":{"@id":"https:\/\/jumbo-stehovani.cz\/#website"},"datePublished":"2016-06-28T09:03:55+00:00","dateModified":"2025-09-25T14:13:18+00:00","breadcrumb":{"@id":"https:\/\/jumbo-stehovani.cz\/sluzby\/priprava-stehovani\/#breadcrumb"},"inLanguage":"en-GB","potentialAction":[{"@type":"ReadAction","target":["https:\/\/jumbo-stehovani.cz\/sluzby\/priprava-stehovani\/"]}]},{"@type":"BreadcrumbList","@id":"https:\/\/jumbo-stehovani.cz\/sluzby\/priprava-stehovani\/#breadcrumb","itemListElement":[{"@type":"ListItem","position":1,"name":"Dom\u016f","item":"https:\/\/jumbo-stehovani.cz\/"},{"@type":"ListItem","position":2,"name":"Slu\u017eby","item":"https:\/\/jumbo-stehovani.cz\/sluzby\/"},{"@type":"ListItem","position":3,"name":"P\u0159\u00edprava st\u011bhov\u00e1n\u00ed"}]},{"@type":"WebSite","@id":"https:\/\/jumbo-stehovani.cz\/#website","url":"https:\/\/jumbo-stehovani.cz\/","name":"Jumbo St\u011bhov\u00e1n\u00ed","description":"","publisher":{"@id":"https:\/\/jumbo-stehovani.cz\/#organization"},"potentialAction":[{"@type":"SearchAction","target":{"@type":"EntryPoint","urlTemplate":"https:\/\/jumbo-stehovani.cz\/?s={search_term_string}"},"query-input":{"@type":"PropertyValueSpecification","valueRequired":true,"valueName":"search_term_string"}}],"inLanguage":"en-GB"},{"@type":"Organization","@id":"https:\/\/jumbo-stehovani.cz\/#organization","name":"Jumbo St\u011bhov\u00e1n\u00ed","url":"https:\/\/jumbo-stehovani.cz\/","logo":{"@type":"ImageObject","inLanguage":"en-GB","@id":"https:\/\/jumbo-stehovani.cz\/#\/schema\/logo\/image\/","url":"https:\/\/jumbo-stehovani.cz\/wp-content\/uploads\/2025\/09\/menu-logo.png","contentUrl":"https:\/\/jumbo-stehovani.cz\/wp-content\/uploads\/2025\/09\/menu-logo.png","width":90,"height":47,"caption":"Jumbo St\u011bhov\u00e1n\u00ed"},"image":{"@id":"https:\/\/jumbo-stehovani.cz\/#\/schema\/logo\/image\/"}}]}},"_links":{"self":[{"href":"https:\/\/jumbo-stehovani.cz\/en\/wp-json\/wp\/v2\/pages\/31","targetHints":{"allow":["GET"]}}],"collection":[{"href":"https:\/\/jumbo-stehovani.cz\/en\/wp-json\/wp\/v2\/pages"}],"about":[{"href":"https:\/\/jumbo-stehovani.cz\/en\/wp-json\/wp\/v2\/types\/page"}],"author":[{"embeddable":true,"href":"https:\/\/jumbo-stehovani.cz\/en\/wp-json\/wp\/v2\/users\/1"}],"replies":[{"embeddable":true,"href":"https:\/\/jumbo-stehovani.cz\/en\/wp-json\/wp\/v2\/comments?post=31"}],"version-history":[{"count":1,"href":"https:\/\/jumbo-stehovani.cz\/en\/wp-json\/wp\/v2\/pages\/31\/revisions"}],"predecessor-version":[{"id":295,"href":"https:\/\/jumbo-stehovani.cz\/en\/wp-json\/wp\/v2\/pages\/31\/revisions\/295"}],"up":[{"embeddable":true,"href":"https:\/\/jumbo-stehovani.cz\/en\/wp-json\/wp\/v2\/pages\/15"}],"wp:attachment":[{"href":"https:\/\/jumbo-stehovani.cz\/en\/wp-json\/wp\/v2\/media?parent=31"}],"curies":[{"name":"wp","href":"https:\/\/api.w.org\/{rel}","templated":true}]}}