{"id":30,"date":"2016-06-28T09:03:26","date_gmt":"2016-06-28T09:03:26","guid":{"rendered":"http:\/\/jumbo-stehovani.cz\/stehovani-tezkych-bremen\/"},"modified":"2025-09-25T14:17:03","modified_gmt":"2025-09-25T14:17:03","slug":"stehovani-tezkych-bremen","status":"publish","type":"page","link":"https:\/\/jumbo-stehovani.cz\/en\/sluzby\/stehovani-tezkych-bremen\/","title":{"rendered":"Moving heavy loads"},"content":{"rendered":"<div class=\"container\">\n<img decoding=\"async\" class=\"left\" src=\"http:\/\/jumbo-stehovani.cz\/wp-content\/uploads\/2016\/06\/stehovani-tezkych-bremen.jpg\" alt=\"\">\n\n<p>Our company has longterm experience in moving heavy loads as well as in <a href=\"\/en\/sluzby\/stehovani-stroju\/\" hreflang=\"cs\">moving machines<\/a>. For quality of our services and our reliability speak our <a href=\"\/en\/reference\/\" hreflang=\"cs\">references<\/a>. When moving heavy loads, we always use the latest technology, cranes and machinery. Your devices are always safe and under supervision of our professionals while moving.<\/p>\n<h3>Rich experience in moving heavy loads<\/h3>\n<p>We work continuously for eight years for the client Valeo Praha, Ltd. in \u017debr\u00e1k. Our most interesting work was moving new smelting furnaces that were shipped from Japan. One oven weighed about 30 tons and was 60 meters long. Our task in this was to compile these furnaces into the production line.<\/p>\n<p>HM, s.r.o. is another company who uses our heavy loads moving service.<\/p>\n<p>We performed the moving and installation of boiler room in Slavia football stadium and relocation and installation of boilers and air conditioning units of Skoda Palace. We have no problem with moving presses for plastic bottles weighing 40 tons. In the company Odkolek we did move the furnace while making new floors. We're moving, for example, presses and dryers. These loads are over 10 tons, and move through the chassis. We will provide all the necessary machinery, equipment and technology that is needed for moving them.<\/p>\n<p><strong>We are ready to move all your heavy equipment in our company JUMBO stehovani.<\/strong><\/p>\n<hr>\n<h3><small>Specific example of technological process in moving heavy loads<\/small><br>Power station Ledvice<\/h3>\n<p><strong>Putting 4 horizontal D2500 tanks on final position<\/strong><\/p>\n<p>Power station Ledvice lies at the foot of the mountains Kru\u0161n\u00e9 hory near the town of B\u00edlina and Teplice in Bohemia.<\/p>\n<figure><img decoding=\"async\" class=\"right\" src=\"http:\/\/jumbo-stehovani.cz\/wp-content\/uploads\/2016\/06\/elektrarna-ledvice.jpg\" alt=\"\"><\/figure><p><\/p>\n<p>During moving process were carried out the following tasks:<\/p>\n<ol class=\"multiline\">\n<li>Transport of moving machinery for tanks transporting - we used overhead crane technique. All moving equipment and tanks were taken down the hole into the -4.5 m basement.<\/li>\n<li>Special moving machinery for moving heavy loads was pulled down in the basement and preparation of the path for moving the tanks to stands.<\/li>\n<li>Tanks were tied with ropes and taken down the mounting hole on the prepared moving trucks on which the tank was shifted to individual stands. Inequalities in the basement were overcome with the help of the transport beams.<\/li>\n<li>The tanks were shifted by rope hupcuks attached to concrete columns which are in the basement.<\/li>\n<li>The tanks were lifted by hydraulic jacks for directing the moving trains. Hydraulic jacks were also used to pull the tank from moving trains on the stand.<\/li>\n<li>After moving all the tanks, all our equipment and machinery for moving heavy loads was taken back up through the mounting hole and loaded onto a vehicle.<\/li>\n<\/ol>\n<\/div>","protected":false},"excerpt":{"rendered":"<p>St\u011bhov\u00e1n\u00ed t\u011b\u017ek\u00fdch b\u0159emen se na\u0161e firma zab\u00fdv\u00e1 s&nbsp;dlouholetou zku\u0161enost\u00ed, stejn\u011b jako st\u011bhov\u00e1n\u00ed stroj\u016f. Za na\u0161i kvalitu a spolehlivost vypov\u00eddaj\u00ed na\u0161e reference. P\u0159i st\u011bhov\u00e1n\u00ed t\u011b\u017ek\u00fdch b\u0159emen vyu\u017e\u00edv\u00e1me v\u017edy tu nejmodern\u011bj\u0161\u00ed techniku, je\u0159\u00e1by a stroje. Va\u0161e za\u0159\u00edzen\u00ed je b\u011bhem st\u011bhov\u00e1n\u00ed v\u017edy v&nbsp;bezpe\u010d\u00ed a pod dohledem na\u0161ich profesion\u00e1l\u016f. Bohat\u00e9 zku\u0161enosti se st\u011bhov\u00e1n\u00ed t\u011b\u017ek\u00fdch b\u0159emen Pro klienta Valeo Praha, [&hellip;]<\/p>","protected":false},"author":1,"featured_media":28,"parent":15,"menu_order":28,"comment_status":"closed","ping_status":"closed","template":"","meta":{"ngg_post_thumbnail":0,"footnotes":""},"class_list":["post-30","page","type-page","status-publish","hentry"],"yoast_head":"<!-- This site is optimized with the Yoast SEO plugin v26.0 - https:\/\/yoast.com\/wordpress\/plugins\/seo\/ -->\n<title>St\u011bhov\u00e1n\u00ed t\u011b\u017ek\u00fdch b\u0159emen - Jumbo St\u011bhov\u00e1n\u00ed<\/title>\n<meta name=\"robots\" content=\"index, follow, max-snippet:-1, max-image-preview:large, max-video-preview:-1\" \/>\n<link rel=\"canonical\" href=\"https:\/\/jumbo-stehovani.cz\/en\/sluzby\/stehovani-tezkych-bremen\/\" \/>\n<meta property=\"og:locale\" content=\"en_GB\" \/>\n<meta property=\"og:type\" content=\"article\" \/>\n<meta property=\"og:title\" content=\"St\u011bhov\u00e1n\u00ed t\u011b\u017ek\u00fdch b\u0159emen - Jumbo St\u011bhov\u00e1n\u00ed\" \/>\n<meta property=\"og:description\" content=\"St\u011bhov\u00e1n\u00ed t\u011b\u017ek\u00fdch b\u0159emen se na\u0161e firma zab\u00fdv\u00e1 s&nbsp;dlouholetou zku\u0161enost\u00ed, stejn\u011b jako st\u011bhov\u00e1n\u00ed stroj\u016f. Za na\u0161i kvalitu a spolehlivost vypov\u00eddaj\u00ed na\u0161e reference. P\u0159i st\u011bhov\u00e1n\u00ed t\u011b\u017ek\u00fdch b\u0159emen vyu\u017e\u00edv\u00e1me v\u017edy tu nejmodern\u011bj\u0161\u00ed techniku, je\u0159\u00e1by a stroje. Va\u0161e za\u0159\u00edzen\u00ed je b\u011bhem st\u011bhov\u00e1n\u00ed v\u017edy v&nbsp;bezpe\u010d\u00ed a pod dohledem na\u0161ich profesion\u00e1l\u016f. Bohat\u00e9 zku\u0161enosti se st\u011bhov\u00e1n\u00ed t\u011b\u017ek\u00fdch b\u0159emen Pro klienta Valeo Praha, [&hellip;]\" \/>\n<meta property=\"og:url\" content=\"https:\/\/jumbo-stehovani.cz\/en\/sluzby\/stehovani-tezkych-bremen\/\" \/>\n<meta property=\"og:site_name\" content=\"Jumbo St\u011bhov\u00e1n\u00ed\" \/>\n<meta property=\"article:modified_time\" content=\"2025-09-25T14:17:03+00:00\" \/>\n<meta property=\"og:image\" content=\"https:\/\/jumbo-stehovani.cz\/wp-content\/uploads\/2016\/06\/stehovani-tezkych-bremen.jpg\" \/>\n\t<meta property=\"og:image:width\" content=\"500\" \/>\n\t<meta property=\"og:image:height\" content=\"375\" \/>\n\t<meta property=\"og:image:type\" content=\"image\/jpeg\" \/>\n<meta name=\"twitter:card\" content=\"summary_large_image\" \/>\n<meta name=\"twitter:label1\" content=\"Estimated reading time\" \/>\n\t<meta name=\"twitter:data1\" content=\"3 minutes\" \/>\n<script type=\"application\/ld+json\" class=\"yoast-schema-graph\">{\"@context\":\"https:\/\/schema.org\",\"@graph\":[{\"@type\":\"WebPage\",\"@id\":\"https:\/\/jumbo-stehovani.cz\/en\/sluzby\/stehovani-tezkych-bremen\/\",\"url\":\"https:\/\/jumbo-stehovani.cz\/en\/sluzby\/stehovani-tezkych-bremen\/\",\"name\":\"St\u011bhov\u00e1n\u00ed t\u011b\u017ek\u00fdch b\u0159emen - Jumbo St\u011bhov\u00e1n\u00ed\",\"isPartOf\":{\"@id\":\"https:\/\/jumbo-stehovani.cz\/#website\"},\"primaryImageOfPage\":{\"@id\":\"https:\/\/jumbo-stehovani.cz\/en\/sluzby\/stehovani-tezkych-bremen\/#primaryimage\"},\"image\":{\"@id\":\"https:\/\/jumbo-stehovani.cz\/en\/sluzby\/stehovani-tezkych-bremen\/#primaryimage\"},\"thumbnailUrl\":\"https:\/\/jumbo-stehovani.cz\/wp-content\/uploads\/2016\/06\/stehovani-tezkych-bremen.jpg\",\"datePublished\":\"2016-06-28T09:03:26+00:00\",\"dateModified\":\"2025-09-25T14:17:03+00:00\",\"breadcrumb\":{\"@id\":\"https:\/\/jumbo-stehovani.cz\/en\/sluzby\/stehovani-tezkych-bremen\/#breadcrumb\"},\"inLanguage\":\"en-GB\",\"potentialAction\":[{\"@type\":\"ReadAction\",\"target\":[\"https:\/\/jumbo-stehovani.cz\/en\/sluzby\/stehovani-tezkych-bremen\/\"]}]},{\"@type\":\"ImageObject\",\"inLanguage\":\"en-GB\",\"@id\":\"https:\/\/jumbo-stehovani.cz\/en\/sluzby\/stehovani-tezkych-bremen\/#primaryimage\",\"url\":\"https:\/\/jumbo-stehovani.cz\/wp-content\/uploads\/2016\/06\/stehovani-tezkych-bremen.jpg\",\"contentUrl\":\"https:\/\/jumbo-stehovani.cz\/wp-content\/uploads\/2016\/06\/stehovani-tezkych-bremen.jpg\",\"width\":500,\"height\":375},{\"@type\":\"BreadcrumbList\",\"@id\":\"https:\/\/jumbo-stehovani.cz\/en\/sluzby\/stehovani-tezkych-bremen\/#breadcrumb\",\"itemListElement\":[{\"@type\":\"ListItem\",\"position\":1,\"name\":\"Dom\u016f\",\"item\":\"https:\/\/jumbo-stehovani.cz\/\"},{\"@type\":\"ListItem\",\"position\":2,\"name\":\"Slu\u017eby\",\"item\":\"https:\/\/jumbo-stehovani.cz\/sluzby\/\"},{\"@type\":\"ListItem\",\"position\":3,\"name\":\"St\u011bhov\u00e1n\u00ed t\u011b\u017ek\u00fdch b\u0159emen\"}]},{\"@type\":\"WebSite\",\"@id\":\"https:\/\/jumbo-stehovani.cz\/#website\",\"url\":\"https:\/\/jumbo-stehovani.cz\/\",\"name\":\"Jumbo St\u011bhov\u00e1n\u00ed\",\"description\":\"\",\"publisher\":{\"@id\":\"https:\/\/jumbo-stehovani.cz\/#organization\"},\"potentialAction\":[{\"@type\":\"SearchAction\",\"target\":{\"@type\":\"EntryPoint\",\"urlTemplate\":\"https:\/\/jumbo-stehovani.cz\/?s={search_term_string}\"},\"query-input\":{\"@type\":\"PropertyValueSpecification\",\"valueRequired\":true,\"valueName\":\"search_term_string\"}}],\"inLanguage\":\"en-GB\"},{\"@type\":\"Organization\",\"@id\":\"https:\/\/jumbo-stehovani.cz\/#organization\",\"name\":\"Jumbo St\u011bhov\u00e1n\u00ed\",\"url\":\"https:\/\/jumbo-stehovani.cz\/\",\"logo\":{\"@type\":\"ImageObject\",\"inLanguage\":\"en-GB\",\"@id\":\"https:\/\/jumbo-stehovani.cz\/#\/schema\/logo\/image\/\",\"url\":\"https:\/\/jumbo-stehovani.cz\/wp-content\/uploads\/2025\/09\/menu-logo.png\",\"contentUrl\":\"https:\/\/jumbo-stehovani.cz\/wp-content\/uploads\/2025\/09\/menu-logo.png\",\"width\":90,\"height\":47,\"caption\":\"Jumbo St\u011bhov\u00e1n\u00ed\"},\"image\":{\"@id\":\"https:\/\/jumbo-stehovani.cz\/#\/schema\/logo\/image\/\"}}]}<\/script>\n<!-- \/ Yoast SEO plugin. -->","yoast_head_json":{"title":"St\u011bhov\u00e1n\u00ed t\u011b\u017ek\u00fdch b\u0159emen - Jumbo St\u011bhov\u00e1n\u00ed","robots":{"index":"index","follow":"follow","max-snippet":"max-snippet:-1","max-image-preview":"max-image-preview:large","max-video-preview":"max-video-preview:-1"},"canonical":"https:\/\/jumbo-stehovani.cz\/en\/sluzby\/stehovani-tezkych-bremen\/","og_locale":"en_GB","og_type":"article","og_title":"St\u011bhov\u00e1n\u00ed t\u011b\u017ek\u00fdch b\u0159emen - Jumbo St\u011bhov\u00e1n\u00ed","og_description":"St\u011bhov\u00e1n\u00ed t\u011b\u017ek\u00fdch b\u0159emen se na\u0161e firma zab\u00fdv\u00e1 s&nbsp;dlouholetou zku\u0161enost\u00ed, stejn\u011b jako st\u011bhov\u00e1n\u00ed stroj\u016f. Za na\u0161i kvalitu a spolehlivost vypov\u00eddaj\u00ed na\u0161e reference. P\u0159i st\u011bhov\u00e1n\u00ed t\u011b\u017ek\u00fdch b\u0159emen vyu\u017e\u00edv\u00e1me v\u017edy tu nejmodern\u011bj\u0161\u00ed techniku, je\u0159\u00e1by a stroje. Va\u0161e za\u0159\u00edzen\u00ed je b\u011bhem st\u011bhov\u00e1n\u00ed v\u017edy v&nbsp;bezpe\u010d\u00ed a pod dohledem na\u0161ich profesion\u00e1l\u016f. Bohat\u00e9 zku\u0161enosti se st\u011bhov\u00e1n\u00ed t\u011b\u017ek\u00fdch b\u0159emen Pro klienta Valeo Praha, [&hellip;]","og_url":"https:\/\/jumbo-stehovani.cz\/en\/sluzby\/stehovani-tezkych-bremen\/","og_site_name":"Jumbo St\u011bhov\u00e1n\u00ed","article_modified_time":"2025-09-25T14:17:03+00:00","og_image":[{"width":500,"height":375,"url":"https:\/\/jumbo-stehovani.cz\/wp-content\/uploads\/2016\/06\/stehovani-tezkych-bremen.jpg","type":"image\/jpeg"}],"twitter_card":"summary_large_image","twitter_misc":{"Estimated reading time":"3 minutes"},"schema":{"@context":"https:\/\/schema.org","@graph":[{"@type":"WebPage","@id":"https:\/\/jumbo-stehovani.cz\/en\/sluzby\/stehovani-tezkych-bremen\/","url":"https:\/\/jumbo-stehovani.cz\/en\/sluzby\/stehovani-tezkych-bremen\/","name":"St\u011bhov\u00e1n\u00ed t\u011b\u017ek\u00fdch b\u0159emen - Jumbo St\u011bhov\u00e1n\u00ed","isPartOf":{"@id":"https:\/\/jumbo-stehovani.cz\/#website"},"primaryImageOfPage":{"@id":"https:\/\/jumbo-stehovani.cz\/en\/sluzby\/stehovani-tezkych-bremen\/#primaryimage"},"image":{"@id":"https:\/\/jumbo-stehovani.cz\/en\/sluzby\/stehovani-tezkych-bremen\/#primaryimage"},"thumbnailUrl":"https:\/\/jumbo-stehovani.cz\/wp-content\/uploads\/2016\/06\/stehovani-tezkych-bremen.jpg","datePublished":"2016-06-28T09:03:26+00:00","dateModified":"2025-09-25T14:17:03+00:00","breadcrumb":{"@id":"https:\/\/jumbo-stehovani.cz\/en\/sluzby\/stehovani-tezkych-bremen\/#breadcrumb"},"inLanguage":"en-GB","potentialAction":[{"@type":"ReadAction","target":["https:\/\/jumbo-stehovani.cz\/en\/sluzby\/stehovani-tezkych-bremen\/"]}]},{"@type":"ImageObject","inLanguage":"en-GB","@id":"https:\/\/jumbo-stehovani.cz\/en\/sluzby\/stehovani-tezkych-bremen\/#primaryimage","url":"https:\/\/jumbo-stehovani.cz\/wp-content\/uploads\/2016\/06\/stehovani-tezkych-bremen.jpg","contentUrl":"https:\/\/jumbo-stehovani.cz\/wp-content\/uploads\/2016\/06\/stehovani-tezkych-bremen.jpg","width":500,"height":375},{"@type":"BreadcrumbList","@id":"https:\/\/jumbo-stehovani.cz\/en\/sluzby\/stehovani-tezkych-bremen\/#breadcrumb","itemListElement":[{"@type":"ListItem","position":1,"name":"Dom\u016f","item":"https:\/\/jumbo-stehovani.cz\/"},{"@type":"ListItem","position":2,"name":"Slu\u017eby","item":"https:\/\/jumbo-stehovani.cz\/sluzby\/"},{"@type":"ListItem","position":3,"name":"St\u011bhov\u00e1n\u00ed t\u011b\u017ek\u00fdch b\u0159emen"}]},{"@type":"WebSite","@id":"https:\/\/jumbo-stehovani.cz\/#website","url":"https:\/\/jumbo-stehovani.cz\/","name":"Jumbo St\u011bhov\u00e1n\u00ed","description":"","publisher":{"@id":"https:\/\/jumbo-stehovani.cz\/#organization"},"potentialAction":[{"@type":"SearchAction","target":{"@type":"EntryPoint","urlTemplate":"https:\/\/jumbo-stehovani.cz\/?s={search_term_string}"},"query-input":{"@type":"PropertyValueSpecification","valueRequired":true,"valueName":"search_term_string"}}],"inLanguage":"en-GB"},{"@type":"Organization","@id":"https:\/\/jumbo-stehovani.cz\/#organization","name":"Jumbo St\u011bhov\u00e1n\u00ed","url":"https:\/\/jumbo-stehovani.cz\/","logo":{"@type":"ImageObject","inLanguage":"en-GB","@id":"https:\/\/jumbo-stehovani.cz\/#\/schema\/logo\/image\/","url":"https:\/\/jumbo-stehovani.cz\/wp-content\/uploads\/2025\/09\/menu-logo.png","contentUrl":"https:\/\/jumbo-stehovani.cz\/wp-content\/uploads\/2025\/09\/menu-logo.png","width":90,"height":47,"caption":"Jumbo St\u011bhov\u00e1n\u00ed"},"image":{"@id":"https:\/\/jumbo-stehovani.cz\/#\/schema\/logo\/image\/"}}]}},"_links":{"self":[{"href":"https:\/\/jumbo-stehovani.cz\/en\/wp-json\/wp\/v2\/pages\/30","targetHints":{"allow":["GET"]}}],"collection":[{"href":"https:\/\/jumbo-stehovani.cz\/en\/wp-json\/wp\/v2\/pages"}],"about":[{"href":"https:\/\/jumbo-stehovani.cz\/en\/wp-json\/wp\/v2\/types\/page"}],"author":[{"embeddable":true,"href":"https:\/\/jumbo-stehovani.cz\/en\/wp-json\/wp\/v2\/users\/1"}],"replies":[{"embeddable":true,"href":"https:\/\/jumbo-stehovani.cz\/en\/wp-json\/wp\/v2\/comments?post=30"}],"version-history":[{"count":3,"href":"https:\/\/jumbo-stehovani.cz\/en\/wp-json\/wp\/v2\/pages\/30\/revisions"}],"predecessor-version":[{"id":297,"href":"https:\/\/jumbo-stehovani.cz\/en\/wp-json\/wp\/v2\/pages\/30\/revisions\/297"}],"up":[{"embeddable":true,"href":"https:\/\/jumbo-stehovani.cz\/en\/wp-json\/wp\/v2\/pages\/15"}],"wp:featuredmedia":[{"embeddable":true,"href":"https:\/\/jumbo-stehovani.cz\/en\/wp-json\/wp\/v2\/media\/28"}],"wp:attachment":[{"href":"https:\/\/jumbo-stehovani.cz\/en\/wp-json\/wp\/v2\/media?parent=30"}],"curies":[{"name":"wp","href":"https:\/\/api.w.org\/{rel}","templated":true}]}}