{"id":27,"date":"2016-06-21T10:42:41","date_gmt":"2016-06-21T10:42:41","guid":{"rendered":"http:\/\/jumbo-stehovani.cz\/kontakty\/"},"modified":"2025-09-27T14:21:16","modified_gmt":"2025-09-27T14:21:16","slug":"kontakty","status":"publish","type":"page","link":"https:\/\/jumbo-stehovani.cz\/en\/kontakty\/","title":{"rendered":"Contacts"},"content":{"rendered":"<div class=\"container\">\n<div class=\"col-sml-12 col-big-4 col-max-3\">\n<address><strong>JUMBO st\u011bhov\u00e1n\u00ed, s.r.o.<\/strong><br \/>\nJUMBO st\u011bhov\u00e1n\u00ed, s.r.o.<br \/>\nU Plyn\u00e1rny 1290\/99<br \/>\n101 00, Praha 10 &#8211; Michle<\/address>\n<address><abbr title=\"Pevn\u00e9 telefonn\u00ed \u010d\u00edslo\">Phone<\/abbr>: <a href=\"tel:281917270\">281 917 270<\/a><br \/>\n<abbr title=\"Faxov\u00e9 \u010d\u00edslo\">Fax<\/abbr>: <a href=\"fax:281917124\">281 917 124<\/a><br \/>\n<abbr title=\"Mobiln\u00ed telefonn\u00ed \u010d\u00edslo\">Mobile<\/abbr>: <a href=\"tel:602356800\">602 356 800<\/a>, <a href=\"tel:602323173\">602 323 173<\/a><br \/>\n<abbr title=\"E-mailov\u00e1 adresa\">E-mail<\/abbr>: <a href=\"mailto:dusan@jumbo-stehovani.cz\">dusan@jumbo-stehovani.cz<\/a><\/address>\n<address>ID: 24156914<br \/>\nVAT: CZ24156914<\/address>\n<p>We will be happy to discuss prices with you over the phone or send us a <a href=\"http:\/\/jumbo-stehovani.cz\/en\/poptavka\/\" hreflang=\"cs\">demand<\/a> or email.<\/p>\n<\/div>\n<div class=\"col-sml-12 col-big-8 col-max-9\"><iframe loading=\"lazy\" style=\"border: 0; width: 100%;\" src=\"https:\/\/www.google.com\/maps\/embed?pb=!1m14!1m8!1m3!1d1280.7577337825549!2d14.473399641245486!3d50.0579074!3m2!1i1024!2i768!4f13.1!3m3!1m2!1s0x470b93a21ad2ae27%3A0x87091b52840a553e!2zSlVNQk8gU1TEmkhPVsOBTsON!5e0!3m2!1scs!2sus!4v1467200325567\" width=\"100%\" height=\"315\" frameborder=\"0\" allowfullscreen=\"allowfullscreen\"><\/iframe><\/div>\n<\/div>","protected":false},"excerpt":{"rendered":"<p>JUMBO st\u011bhov\u00e1n\u00ed, s.r.o. JUMBO st\u011bhov\u00e1n\u00ed, s.r.o. U Plyn\u00e1rny 1290\/99 101 00, Praha 10 &#8211; Michle Tel: 281 917 270 Fax: 281 917 124 Mobil: 602 356 800, 602 323 173 E-mail: dusan@jumbo-stehovani.cz I\u010cO: 24156914 DI\u010c: CZ24156914 Ceny V\u00e1m r\u00e1di sd\u011bl\u00edme na z\u00e1klad\u011b Va\u0161\u00ed popt\u00e1vky po telefonu, zasl\u00e1n\u00edm popt\u00e1vkov\u00e9ho formul\u00e1\u0159e nebo emailu.<\/p>","protected":false},"author":1,"featured_media":0,"parent":0,"menu_order":29,"comment_status":"closed","ping_status":"closed","template":"","meta":{"ngg_post_thumbnail":0,"footnotes":""},"class_list":["post-27","page","type-page","status-publish","hentry"],"yoast_head":"<!-- This site is optimized with the Yoast SEO plugin v26.0 - https:\/\/yoast.com\/wordpress\/plugins\/seo\/ -->\n<title>Kontakty - Jumbo St\u011bhov\u00e1n\u00ed<\/title>\n<meta name=\"robots\" content=\"index, follow, max-snippet:-1, max-image-preview:large, max-video-preview:-1\" \/>\n<link rel=\"canonical\" href=\"https:\/\/jumbo-stehovani.cz\/en\/kontakty\/\" \/>\n<meta property=\"og:locale\" content=\"en_GB\" \/>\n<meta property=\"og:type\" content=\"article\" \/>\n<meta property=\"og:title\" content=\"Kontakty - Jumbo St\u011bhov\u00e1n\u00ed\" \/>\n<meta property=\"og:description\" content=\"JUMBO st\u011bhov\u00e1n\u00ed, s.r.o. JUMBO st\u011bhov\u00e1n\u00ed, s.r.o. U Plyn\u00e1rny 1290\/99 101 00, Praha 10 &#8211; Michle Tel: 281 917 270 Fax: 281 917 124 Mobil: 602 356 800, 602 323 173 E-mail: dusan@jumbo-stehovani.cz I\u010cO: 24156914 DI\u010c: CZ24156914 Ceny V\u00e1m r\u00e1di sd\u011bl\u00edme na z\u00e1klad\u011b Va\u0161\u00ed popt\u00e1vky po telefonu, zasl\u00e1n\u00edm popt\u00e1vkov\u00e9ho formul\u00e1\u0159e nebo emailu.\" \/>\n<meta property=\"og:url\" content=\"https:\/\/jumbo-stehovani.cz\/en\/kontakty\/\" \/>\n<meta property=\"og:site_name\" content=\"Jumbo St\u011bhov\u00e1n\u00ed\" \/>\n<meta property=\"article:modified_time\" content=\"2025-09-27T14:21:16+00:00\" \/>\n<meta name=\"twitter:card\" content=\"summary_large_image\" \/>\n<script type=\"application\/ld+json\" class=\"yoast-schema-graph\">{\"@context\":\"https:\/\/schema.org\",\"@graph\":[{\"@type\":\"WebPage\",\"@id\":\"https:\/\/jumbo-stehovani.cz\/en\/kontakty\/\",\"url\":\"https:\/\/jumbo-stehovani.cz\/en\/kontakty\/\",\"name\":\"Kontakty - Jumbo St\u011bhov\u00e1n\u00ed\",\"isPartOf\":{\"@id\":\"https:\/\/jumbo-stehovani.cz\/#website\"},\"datePublished\":\"2016-06-21T10:42:41+00:00\",\"dateModified\":\"2025-09-27T14:21:16+00:00\",\"breadcrumb\":{\"@id\":\"https:\/\/jumbo-stehovani.cz\/en\/kontakty\/#breadcrumb\"},\"inLanguage\":\"en-GB\",\"potentialAction\":[{\"@type\":\"ReadAction\",\"target\":[\"https:\/\/jumbo-stehovani.cz\/en\/kontakty\/\"]}]},{\"@type\":\"BreadcrumbList\",\"@id\":\"https:\/\/jumbo-stehovani.cz\/en\/kontakty\/#breadcrumb\",\"itemListElement\":[{\"@type\":\"ListItem\",\"position\":1,\"name\":\"Dom\u016f\",\"item\":\"https:\/\/jumbo-stehovani.cz\/\"},{\"@type\":\"ListItem\",\"position\":2,\"name\":\"Kontakty\"}]},{\"@type\":\"WebSite\",\"@id\":\"https:\/\/jumbo-stehovani.cz\/#website\",\"url\":\"https:\/\/jumbo-stehovani.cz\/\",\"name\":\"Jumbo St\u011bhov\u00e1n\u00ed\",\"description\":\"\",\"publisher\":{\"@id\":\"https:\/\/jumbo-stehovani.cz\/#organization\"},\"potentialAction\":[{\"@type\":\"SearchAction\",\"target\":{\"@type\":\"EntryPoint\",\"urlTemplate\":\"https:\/\/jumbo-stehovani.cz\/?s={search_term_string}\"},\"query-input\":{\"@type\":\"PropertyValueSpecification\",\"valueRequired\":true,\"valueName\":\"search_term_string\"}}],\"inLanguage\":\"en-GB\"},{\"@type\":\"Organization\",\"@id\":\"https:\/\/jumbo-stehovani.cz\/#organization\",\"name\":\"Jumbo St\u011bhov\u00e1n\u00ed\",\"url\":\"https:\/\/jumbo-stehovani.cz\/\",\"logo\":{\"@type\":\"ImageObject\",\"inLanguage\":\"en-GB\",\"@id\":\"https:\/\/jumbo-stehovani.cz\/#\/schema\/logo\/image\/\",\"url\":\"https:\/\/jumbo-stehovani.cz\/wp-content\/uploads\/2025\/09\/menu-logo.png\",\"contentUrl\":\"https:\/\/jumbo-stehovani.cz\/wp-content\/uploads\/2025\/09\/menu-logo.png\",\"width\":90,\"height\":47,\"caption\":\"Jumbo St\u011bhov\u00e1n\u00ed\"},\"image\":{\"@id\":\"https:\/\/jumbo-stehovani.cz\/#\/schema\/logo\/image\/\"}}]}<\/script>\n<!-- \/ Yoast SEO plugin. -->","yoast_head_json":{"title":"Kontakty - Jumbo St\u011bhov\u00e1n\u00ed","robots":{"index":"index","follow":"follow","max-snippet":"max-snippet:-1","max-image-preview":"max-image-preview:large","max-video-preview":"max-video-preview:-1"},"canonical":"https:\/\/jumbo-stehovani.cz\/en\/kontakty\/","og_locale":"en_GB","og_type":"article","og_title":"Kontakty - Jumbo St\u011bhov\u00e1n\u00ed","og_description":"JUMBO st\u011bhov\u00e1n\u00ed, s.r.o. JUMBO st\u011bhov\u00e1n\u00ed, s.r.o. U Plyn\u00e1rny 1290\/99 101 00, Praha 10 &#8211; Michle Tel: 281 917 270 Fax: 281 917 124 Mobil: 602 356 800, 602 323 173 E-mail: dusan@jumbo-stehovani.cz I\u010cO: 24156914 DI\u010c: CZ24156914 Ceny V\u00e1m r\u00e1di sd\u011bl\u00edme na z\u00e1klad\u011b Va\u0161\u00ed popt\u00e1vky po telefonu, zasl\u00e1n\u00edm popt\u00e1vkov\u00e9ho formul\u00e1\u0159e nebo emailu.","og_url":"https:\/\/jumbo-stehovani.cz\/en\/kontakty\/","og_site_name":"Jumbo St\u011bhov\u00e1n\u00ed","article_modified_time":"2025-09-27T14:21:16+00:00","twitter_card":"summary_large_image","schema":{"@context":"https:\/\/schema.org","@graph":[{"@type":"WebPage","@id":"https:\/\/jumbo-stehovani.cz\/en\/kontakty\/","url":"https:\/\/jumbo-stehovani.cz\/en\/kontakty\/","name":"Kontakty - Jumbo St\u011bhov\u00e1n\u00ed","isPartOf":{"@id":"https:\/\/jumbo-stehovani.cz\/#website"},"datePublished":"2016-06-21T10:42:41+00:00","dateModified":"2025-09-27T14:21:16+00:00","breadcrumb":{"@id":"https:\/\/jumbo-stehovani.cz\/en\/kontakty\/#breadcrumb"},"inLanguage":"en-GB","potentialAction":[{"@type":"ReadAction","target":["https:\/\/jumbo-stehovani.cz\/en\/kontakty\/"]}]},{"@type":"BreadcrumbList","@id":"https:\/\/jumbo-stehovani.cz\/en\/kontakty\/#breadcrumb","itemListElement":[{"@type":"ListItem","position":1,"name":"Dom\u016f","item":"https:\/\/jumbo-stehovani.cz\/"},{"@type":"ListItem","position":2,"name":"Kontakty"}]},{"@type":"WebSite","@id":"https:\/\/jumbo-stehovani.cz\/#website","url":"https:\/\/jumbo-stehovani.cz\/","name":"Jumbo St\u011bhov\u00e1n\u00ed","description":"","publisher":{"@id":"https:\/\/jumbo-stehovani.cz\/#organization"},"potentialAction":[{"@type":"SearchAction","target":{"@type":"EntryPoint","urlTemplate":"https:\/\/jumbo-stehovani.cz\/?s={search_term_string}"},"query-input":{"@type":"PropertyValueSpecification","valueRequired":true,"valueName":"search_term_string"}}],"inLanguage":"en-GB"},{"@type":"Organization","@id":"https:\/\/jumbo-stehovani.cz\/#organization","name":"Jumbo St\u011bhov\u00e1n\u00ed","url":"https:\/\/jumbo-stehovani.cz\/","logo":{"@type":"ImageObject","inLanguage":"en-GB","@id":"https:\/\/jumbo-stehovani.cz\/#\/schema\/logo\/image\/","url":"https:\/\/jumbo-stehovani.cz\/wp-content\/uploads\/2025\/09\/menu-logo.png","contentUrl":"https:\/\/jumbo-stehovani.cz\/wp-content\/uploads\/2025\/09\/menu-logo.png","width":90,"height":47,"caption":"Jumbo St\u011bhov\u00e1n\u00ed"},"image":{"@id":"https:\/\/jumbo-stehovani.cz\/#\/schema\/logo\/image\/"}}]}},"_links":{"self":[{"href":"https:\/\/jumbo-stehovani.cz\/en\/wp-json\/wp\/v2\/pages\/27","targetHints":{"allow":["GET"]}}],"collection":[{"href":"https:\/\/jumbo-stehovani.cz\/en\/wp-json\/wp\/v2\/pages"}],"about":[{"href":"https:\/\/jumbo-stehovani.cz\/en\/wp-json\/wp\/v2\/types\/page"}],"author":[{"embeddable":true,"href":"https:\/\/jumbo-stehovani.cz\/en\/wp-json\/wp\/v2\/users\/1"}],"replies":[{"embeddable":true,"href":"https:\/\/jumbo-stehovani.cz\/en\/wp-json\/wp\/v2\/comments?post=27"}],"version-history":[{"count":5,"href":"https:\/\/jumbo-stehovani.cz\/en\/wp-json\/wp\/v2\/pages\/27\/revisions"}],"predecessor-version":[{"id":433,"href":"https:\/\/jumbo-stehovani.cz\/en\/wp-json\/wp\/v2\/pages\/27\/revisions\/433"}],"wp:attachment":[{"href":"https:\/\/jumbo-stehovani.cz\/en\/wp-json\/wp\/v2\/media?parent=27"}],"curies":[{"name":"wp","href":"https:\/\/api.w.org\/{rel}","templated":true}]}}