{"id":25,"date":"2016-06-21T10:41:34","date_gmt":"2016-06-21T10:41:34","guid":{"rendered":"http:\/\/jumbo-stehovani.cz\/reference\/"},"modified":"2025-09-25T14:06:21","modified_gmt":"2025-09-25T14:06:21","slug":"reference","status":"publish","type":"page","link":"https:\/\/jumbo-stehovani.cz\/en\/reference\/","title":{"rendered":"References"},"content":{"rendered":"<div class=\"container\">\n<p class=\"center\">Our company has many years of experience in the moving industry. We know how to do it and our references speak for themselves. We have a trained team of experts on moving services, along with the necessary equipment in sufficient quantities. Take advantage of our experience and technology for moving machines, safes and heavy loads, but also households, basements, attics or businesses, offices, warehouses and other commercial space. Leave your worries to professionals with years and years of experience in moving industry.<\/p>\n<\/div>\n\n\n\n<div class=\"bg small\">\n<div id=\"reference\" class=\"flexcontent\">\n<div class=\"col-sml-12 col-mid-6 col-big-4\">\n<div class=\"card\">\n<div class=\"top-img\">\n<figure><img loading=\"lazy\" decoding=\"async\" class=\"size-full wp-image-19\" src=\"http:\/\/jumbo-stehovani.cz\/wp-content\/uploads\/2016\/06\/skupina-cez.png\" alt=\"\" width=\"400\" height=\"400\" srcset=\"https:\/\/jumbo-stehovani.cz\/wp-content\/uploads\/2016\/06\/skupina-cez.png 400w, https:\/\/jumbo-stehovani.cz\/wp-content\/uploads\/2016\/06\/skupina-cez-300x300.png 300w, https:\/\/jumbo-stehovani.cz\/wp-content\/uploads\/2016\/06\/skupina-cez-150x150.png 150w\" sizes=\"auto, (max-width: 400px) 100vw, 400px\" \/><\/figure>\n<\/div>\n<h4>Power station Ledvice<\/h4>\n<p>Elektr\u00e1rna Ledvice le\u017e\u00ed na \u00fapat\u00ed Kru\u0161n\u00fdch hor nedaleko m\u011bst B\u00edlina a Teplice v&nbsp;\u010cech\u00e1ch. Byli jsme najati na usazen\u00ed 4&nbsp;ks horizont\u00e1ln\u00edch n\u00e1dr\u017e\u00ed d2500 na fin\u00e1ln\u00ed pozici. St\u011bhov\u00e1n\u00ed si vy\u017e\u00e1dalo pou\u017eit\u00ed mostov\u00e9ho je\u0159\u00e1bu pro spu\u0161t\u011bn\u00ed n\u00e1dr\u017e\u00ed mont\u00e1\u017en\u00edm otvorem do suter\u00e9nu i hydraulick\u00fdch zved\u00e1k\u016f pro nasm\u011brov\u00e1n\u00ed st\u011bhovac\u00edch souprav a spu\u0161t\u011bn\u00ed n\u00e1dr\u017e\u00ed ze st\u011bhovac\u00edch souprav na podstavce.<\/p>\n<\/div>\n<\/div>\n<div class=\"col-sml-12 col-mid-6 col-big-4\">\n<div class=\"card\">\n<div class=\"top-img\">\n<figure><img loading=\"lazy\" decoding=\"async\" class=\"size-full wp-image-20\" src=\"http:\/\/jumbo-stehovani.cz\/wp-content\/uploads\/2016\/06\/bosch-diesel.png\" alt=\"\" width=\"500\" height=\"111\" srcset=\"https:\/\/jumbo-stehovani.cz\/wp-content\/uploads\/2016\/06\/bosch-diesel.png 500w, https:\/\/jumbo-stehovani.cz\/wp-content\/uploads\/2016\/06\/bosch-diesel-300x67.png 300w\" sizes=\"auto, (max-width: 500px) 100vw, 500px\" \/><\/figure>\n<\/div>\n<h4>BOSCH&nbsp;DIESEL&nbsp;s.r.o.<\/h4>\n<p>Pro firmu BOSCH&nbsp;DIESEL&nbsp;s.r.o. jsme zaji\u0161\u0165ovali st\u011bhov\u00e1n\u00ed kompletn\u00edho v\u00fdrobn\u00edho z\u00e1vodu ze Stuttgartu do Jihlavy. Z&nbsp;tov\u00e1rny v&nbsp;N\u011bmecku, kde pracuje asi \u0161est tis\u00edc zam\u011bstnanc\u016f, bylo p\u0159evezeno 200&nbsp;ks cca 40tunov\u00fdch stroj\u016f. Samotn\u00fd p\u0159esun stroj\u016f trval cca 1,5&nbsp;roku. Dal\u0161\u00ed rok se do nov\u00e9ho v\u00fdrobn\u00edho z\u00e1vodu v&nbsp;Jihlav\u011b sv\u00e1\u017eely nov\u00e9 stroje.<\/p>\n<\/div>\n<\/div>\n<div class=\"col-sml-12 col-mid-6 col-big-4\">\n<div class=\"card\">\n<div class=\"top-img\">\n<figure><img loading=\"lazy\" decoding=\"async\" class=\"size-full wp-image-21\" src=\"http:\/\/jumbo-stehovani.cz\/wp-content\/uploads\/2016\/06\/usti-nad-labem.png\" alt=\"\" width=\"400\" height=\"326\" srcset=\"https:\/\/jumbo-stehovani.cz\/wp-content\/uploads\/2016\/06\/usti-nad-labem.png 400w, https:\/\/jumbo-stehovani.cz\/wp-content\/uploads\/2016\/06\/usti-nad-labem-300x245.png 300w\" sizes=\"auto, (max-width: 400px) 100vw, 400px\" \/><\/figure>\n<\/div>\n<h4>\u00dast\u00ed&nbsp;nad&nbsp;Labem<\/h4>\n<p>M\u00e1me zku\u0161enosti a prost\u0159edky, kter\u00e9 zvl\u00e1dnou realizovat st\u011bhov\u00e1n\u00ed i t\u011bch nejv\u011bt\u0161\u00edch v\u00fdzev jako je nap\u0159\u00edklad st\u011bhov\u00e1n\u00ed ka\u0161ny v&nbsp;\u00dast\u00ed&nbsp;nad&nbsp;Labem. Report\u00e1\u017e o t\u00e9to st\u011bhovac\u00ed akci prob\u011bhla i v&nbsp;TV&nbsp;Nova.<\/p>\n<\/div>\n<\/div>\n<div class=\"col-sml-12 col-mid-6 col-big-4\">\n<div class=\"card\">\n<div class=\"top-img\">\n<figure><img loading=\"lazy\" decoding=\"async\" class=\"size-full wp-image-22\" src=\"http:\/\/jumbo-stehovani.cz\/wp-content\/uploads\/2016\/06\/sellier-bellot.png\" alt=\"\" width=\"400\" height=\"48\" srcset=\"https:\/\/jumbo-stehovani.cz\/wp-content\/uploads\/2016\/06\/sellier-bellot.png 400w, https:\/\/jumbo-stehovani.cz\/wp-content\/uploads\/2016\/06\/sellier-bellot-300x36.png 300w\" sizes=\"auto, (max-width: 400px) 100vw, 400px\" \/><\/figure>\n<\/div>\n<h4>Sellier&nbsp;&amp;&nbsp;Bellot,&nbsp;a.s.<\/h4>\n<p>Pro spole\u010dnost Sellier&nbsp;&amp;&nbsp;Bellot,&nbsp;a.s. jsme prov\u00e1d\u011bli st\u011bhov\u00e1n\u00ed techniky pro v\u00fdrobu st\u0159eliva \u2011&nbsp;lisy na patrony. Zejm\u00e9na se jednalo o st\u011bhov\u00e1n\u00ed tov\u00e1rensk\u00e9ho vybaven\u00ed a stroj\u016f z&nbsp;tov\u00e1ren v&nbsp;Rakousku a Francii.<\/p>\n<\/div>\n<\/div>\n<div class=\"col-sml-12 col-mid-6 col-big-4\">\n<div class=\"card\">\n<div class=\"top-img\">\n<figure><img loading=\"lazy\" decoding=\"async\" class=\"size-full wp-image-23\" src=\"http:\/\/jumbo-stehovani.cz\/wp-content\/uploads\/2016\/06\/kfc.png\" alt=\"\" width=\"400\" height=\"520\" srcset=\"https:\/\/jumbo-stehovani.cz\/wp-content\/uploads\/2016\/06\/kfc.png 400w, https:\/\/jumbo-stehovani.cz\/wp-content\/uploads\/2016\/06\/kfc-231x300.png 231w\" sizes=\"auto, (max-width: 400px) 100vw, 400px\" \/><\/figure>\n<\/div>\n<h4>KFC<\/h4>\n<p>We are the exclusive supplier of stainless steel kitchen tables, fryers and other equipment for the restaurant chain KFC. All of these restaurants in the Czech Republic and Hungary have equipment which they move and transport with our company.<\/p>\n<\/div>\n<\/div>\n<div class=\"col-sml-12 col-mid-6 col-big-4\">\n<div class=\"card\">\n<div class=\"top-img\">\n<figure><img loading=\"lazy\" decoding=\"async\" class=\"size-full wp-image-24\" src=\"http:\/\/jumbo-stehovani.cz\/wp-content\/uploads\/2016\/06\/barrandov-studio.png\" alt=\"\" width=\"400\" height=\"231\" srcset=\"https:\/\/jumbo-stehovani.cz\/wp-content\/uploads\/2016\/06\/barrandov-studio.png 400w, https:\/\/jumbo-stehovani.cz\/wp-content\/uploads\/2016\/06\/barrandov-studio-300x173.png 300w\" sizes=\"auto, (max-width: 400px) 100vw, 400px\" \/><\/figure>\n<\/div>\n<h4>Barandov&nbsp;Studio&nbsp;a.s.<\/h4>\n<p>Barandov&nbsp;Studio&nbsp;a.s. tak\u00e9 vyu\u017e\u00edv\u00e1 na\u0161e st\u011bhovac\u00ed slu\u017eby. Pro filma\u0159e voz\u00edme po cel\u00e9 Evrop\u011b pravideln\u011b kulisy, kost\u00fdmy a filmovou techniku.<\/p>\n<\/div>\n<\/div>\n<\/div>\n<p><a class=\"button\" href=\"\/en\/reference\/dalsi\/\" hreflang=\"cs\">Show more<\/a><\/p>\n<\/div>","protected":false},"excerpt":{"rendered":"<p>Se st\u011bhov\u00e1n\u00edm m\u00e1 na\u0161e firma dlouholet\u00e9 zku\u0161enosti. V\u00edme jak na to a na\u0161e reference hovo\u0159\u00ed za v\u0161e. M\u00e1me k&nbsp;dispozici vy\u0161kolen\u00fd t\u00fdm odborn\u00edk\u016f na st\u011bhov\u00e1n\u00ed spolu s&nbsp;pot\u0159ebnou technikou v&nbsp;dostate\u010dn\u00e9m mno\u017estv\u00ed. Vyu\u017eijte i vy na\u0161ich zku\u0161enost\u00ed a techniky pro st\u011bhov\u00e1n\u00ed stroj\u016f, trezor\u016f a t\u011b\u017ek\u00fdch b\u0159emen, ale i dom\u00e1cnost\u00ed, sklep\u016f a p\u016fd nebo firem, kancel\u00e1\u0159\u00ed, sklad\u016f \u010di jin\u00fdch [&hellip;]<\/p>","protected":false},"author":1,"featured_media":19,"parent":0,"menu_order":31,"comment_status":"closed","ping_status":"closed","template":"","meta":{"ngg_post_thumbnail":0,"footnotes":""},"class_list":["post-25","page","type-page","status-publish","hentry"],"yoast_head":"<!-- This site is optimized with the Yoast SEO plugin v26.0 - https:\/\/yoast.com\/wordpress\/plugins\/seo\/ -->\n<title>Reference - Jumbo St\u011bhov\u00e1n\u00ed<\/title>\n<meta name=\"robots\" content=\"index, follow, max-snippet:-1, max-image-preview:large, max-video-preview:-1\" \/>\n<link rel=\"canonical\" href=\"https:\/\/jumbo-stehovani.cz\/en\/reference\/\" \/>\n<meta property=\"og:locale\" content=\"en_GB\" \/>\n<meta property=\"og:type\" content=\"article\" \/>\n<meta property=\"og:title\" content=\"Reference - Jumbo St\u011bhov\u00e1n\u00ed\" \/>\n<meta property=\"og:description\" content=\"Se st\u011bhov\u00e1n\u00edm m\u00e1 na\u0161e firma dlouholet\u00e9 zku\u0161enosti. V\u00edme jak na to a na\u0161e reference hovo\u0159\u00ed za v\u0161e. M\u00e1me k&nbsp;dispozici vy\u0161kolen\u00fd t\u00fdm odborn\u00edk\u016f na st\u011bhov\u00e1n\u00ed spolu s&nbsp;pot\u0159ebnou technikou v&nbsp;dostate\u010dn\u00e9m mno\u017estv\u00ed. Vyu\u017eijte i vy na\u0161ich zku\u0161enost\u00ed a techniky pro st\u011bhov\u00e1n\u00ed stroj\u016f, trezor\u016f a t\u011b\u017ek\u00fdch b\u0159emen, ale i dom\u00e1cnost\u00ed, sklep\u016f a p\u016fd nebo firem, kancel\u00e1\u0159\u00ed, sklad\u016f \u010di jin\u00fdch [&hellip;]\" \/>\n<meta property=\"og:url\" content=\"https:\/\/jumbo-stehovani.cz\/en\/reference\/\" \/>\n<meta property=\"og:site_name\" content=\"Jumbo St\u011bhov\u00e1n\u00ed\" \/>\n<meta property=\"article:modified_time\" content=\"2025-09-25T14:06:21+00:00\" \/>\n<meta property=\"og:image\" content=\"https:\/\/jumbo-stehovani.cz\/wp-content\/uploads\/2016\/06\/skupina-cez.png\" \/>\n\t<meta property=\"og:image:width\" content=\"400\" \/>\n\t<meta property=\"og:image:height\" content=\"400\" \/>\n\t<meta property=\"og:image:type\" content=\"image\/png\" \/>\n<meta name=\"twitter:card\" content=\"summary_large_image\" \/>\n<meta name=\"twitter:label1\" content=\"Estimated reading time\" \/>\n\t<meta name=\"twitter:data1\" content=\"2 minutes\" \/>\n<script type=\"application\/ld+json\" class=\"yoast-schema-graph\">{\"@context\":\"https:\/\/schema.org\",\"@graph\":[{\"@type\":\"WebPage\",\"@id\":\"https:\/\/jumbo-stehovani.cz\/reference\/\",\"url\":\"https:\/\/jumbo-stehovani.cz\/reference\/\",\"name\":\"Reference - Jumbo St\u011bhov\u00e1n\u00ed\",\"isPartOf\":{\"@id\":\"https:\/\/jumbo-stehovani.cz\/#website\"},\"primaryImageOfPage\":{\"@id\":\"https:\/\/jumbo-stehovani.cz\/reference\/#primaryimage\"},\"image\":{\"@id\":\"https:\/\/jumbo-stehovani.cz\/reference\/#primaryimage\"},\"thumbnailUrl\":\"https:\/\/jumbo-stehovani.cz\/wp-content\/uploads\/2016\/06\/skupina-cez.png\",\"datePublished\":\"2016-06-21T10:41:34+00:00\",\"dateModified\":\"2025-09-25T14:06:21+00:00\",\"breadcrumb\":{\"@id\":\"https:\/\/jumbo-stehovani.cz\/reference\/#breadcrumb\"},\"inLanguage\":\"en-GB\",\"potentialAction\":[{\"@type\":\"ReadAction\",\"target\":[\"https:\/\/jumbo-stehovani.cz\/reference\/\"]}]},{\"@type\":\"ImageObject\",\"inLanguage\":\"en-GB\",\"@id\":\"https:\/\/jumbo-stehovani.cz\/reference\/#primaryimage\",\"url\":\"https:\/\/jumbo-stehovani.cz\/wp-content\/uploads\/2016\/06\/skupina-cez.png\",\"contentUrl\":\"https:\/\/jumbo-stehovani.cz\/wp-content\/uploads\/2016\/06\/skupina-cez.png\",\"width\":400,\"height\":400},{\"@type\":\"BreadcrumbList\",\"@id\":\"https:\/\/jumbo-stehovani.cz\/reference\/#breadcrumb\",\"itemListElement\":[{\"@type\":\"ListItem\",\"position\":1,\"name\":\"Dom\u016f\",\"item\":\"https:\/\/jumbo-stehovani.cz\/\"},{\"@type\":\"ListItem\",\"position\":2,\"name\":\"Reference\"}]},{\"@type\":\"WebSite\",\"@id\":\"https:\/\/jumbo-stehovani.cz\/#website\",\"url\":\"https:\/\/jumbo-stehovani.cz\/\",\"name\":\"Jumbo St\u011bhov\u00e1n\u00ed\",\"description\":\"\",\"publisher\":{\"@id\":\"https:\/\/jumbo-stehovani.cz\/#organization\"},\"potentialAction\":[{\"@type\":\"SearchAction\",\"target\":{\"@type\":\"EntryPoint\",\"urlTemplate\":\"https:\/\/jumbo-stehovani.cz\/?s={search_term_string}\"},\"query-input\":{\"@type\":\"PropertyValueSpecification\",\"valueRequired\":true,\"valueName\":\"search_term_string\"}}],\"inLanguage\":\"en-GB\"},{\"@type\":\"Organization\",\"@id\":\"https:\/\/jumbo-stehovani.cz\/#organization\",\"name\":\"Jumbo St\u011bhov\u00e1n\u00ed\",\"url\":\"https:\/\/jumbo-stehovani.cz\/\",\"logo\":{\"@type\":\"ImageObject\",\"inLanguage\":\"en-GB\",\"@id\":\"https:\/\/jumbo-stehovani.cz\/#\/schema\/logo\/image\/\",\"url\":\"https:\/\/jumbo-stehovani.cz\/wp-content\/uploads\/2025\/09\/menu-logo.png\",\"contentUrl\":\"https:\/\/jumbo-stehovani.cz\/wp-content\/uploads\/2025\/09\/menu-logo.png\",\"width\":90,\"height\":47,\"caption\":\"Jumbo St\u011bhov\u00e1n\u00ed\"},\"image\":{\"@id\":\"https:\/\/jumbo-stehovani.cz\/#\/schema\/logo\/image\/\"}}]}<\/script>\n<!-- \/ Yoast SEO plugin. -->","yoast_head_json":{"title":"Reference - Jumbo St\u011bhov\u00e1n\u00ed","robots":{"index":"index","follow":"follow","max-snippet":"max-snippet:-1","max-image-preview":"max-image-preview:large","max-video-preview":"max-video-preview:-1"},"canonical":"https:\/\/jumbo-stehovani.cz\/en\/reference\/","og_locale":"en_GB","og_type":"article","og_title":"Reference - Jumbo St\u011bhov\u00e1n\u00ed","og_description":"Se st\u011bhov\u00e1n\u00edm m\u00e1 na\u0161e firma dlouholet\u00e9 zku\u0161enosti. V\u00edme jak na to a na\u0161e reference hovo\u0159\u00ed za v\u0161e. M\u00e1me k&nbsp;dispozici vy\u0161kolen\u00fd t\u00fdm odborn\u00edk\u016f na st\u011bhov\u00e1n\u00ed spolu s&nbsp;pot\u0159ebnou technikou v&nbsp;dostate\u010dn\u00e9m mno\u017estv\u00ed. Vyu\u017eijte i vy na\u0161ich zku\u0161enost\u00ed a techniky pro st\u011bhov\u00e1n\u00ed stroj\u016f, trezor\u016f a t\u011b\u017ek\u00fdch b\u0159emen, ale i dom\u00e1cnost\u00ed, sklep\u016f a p\u016fd nebo firem, kancel\u00e1\u0159\u00ed, sklad\u016f \u010di jin\u00fdch [&hellip;]","og_url":"https:\/\/jumbo-stehovani.cz\/en\/reference\/","og_site_name":"Jumbo St\u011bhov\u00e1n\u00ed","article_modified_time":"2025-09-25T14:06:21+00:00","og_image":[{"width":400,"height":400,"url":"https:\/\/jumbo-stehovani.cz\/wp-content\/uploads\/2016\/06\/skupina-cez.png","type":"image\/png"}],"twitter_card":"summary_large_image","twitter_misc":{"Estimated reading time":"2 minutes"},"schema":{"@context":"https:\/\/schema.org","@graph":[{"@type":"WebPage","@id":"https:\/\/jumbo-stehovani.cz\/reference\/","url":"https:\/\/jumbo-stehovani.cz\/reference\/","name":"Reference - Jumbo St\u011bhov\u00e1n\u00ed","isPartOf":{"@id":"https:\/\/jumbo-stehovani.cz\/#website"},"primaryImageOfPage":{"@id":"https:\/\/jumbo-stehovani.cz\/reference\/#primaryimage"},"image":{"@id":"https:\/\/jumbo-stehovani.cz\/reference\/#primaryimage"},"thumbnailUrl":"https:\/\/jumbo-stehovani.cz\/wp-content\/uploads\/2016\/06\/skupina-cez.png","datePublished":"2016-06-21T10:41:34+00:00","dateModified":"2025-09-25T14:06:21+00:00","breadcrumb":{"@id":"https:\/\/jumbo-stehovani.cz\/reference\/#breadcrumb"},"inLanguage":"en-GB","potentialAction":[{"@type":"ReadAction","target":["https:\/\/jumbo-stehovani.cz\/reference\/"]}]},{"@type":"ImageObject","inLanguage":"en-GB","@id":"https:\/\/jumbo-stehovani.cz\/reference\/#primaryimage","url":"https:\/\/jumbo-stehovani.cz\/wp-content\/uploads\/2016\/06\/skupina-cez.png","contentUrl":"https:\/\/jumbo-stehovani.cz\/wp-content\/uploads\/2016\/06\/skupina-cez.png","width":400,"height":400},{"@type":"BreadcrumbList","@id":"https:\/\/jumbo-stehovani.cz\/reference\/#breadcrumb","itemListElement":[{"@type":"ListItem","position":1,"name":"Dom\u016f","item":"https:\/\/jumbo-stehovani.cz\/"},{"@type":"ListItem","position":2,"name":"Reference"}]},{"@type":"WebSite","@id":"https:\/\/jumbo-stehovani.cz\/#website","url":"https:\/\/jumbo-stehovani.cz\/","name":"Jumbo St\u011bhov\u00e1n\u00ed","description":"","publisher":{"@id":"https:\/\/jumbo-stehovani.cz\/#organization"},"potentialAction":[{"@type":"SearchAction","target":{"@type":"EntryPoint","urlTemplate":"https:\/\/jumbo-stehovani.cz\/?s={search_term_string}"},"query-input":{"@type":"PropertyValueSpecification","valueRequired":true,"valueName":"search_term_string"}}],"inLanguage":"en-GB"},{"@type":"Organization","@id":"https:\/\/jumbo-stehovani.cz\/#organization","name":"Jumbo St\u011bhov\u00e1n\u00ed","url":"https:\/\/jumbo-stehovani.cz\/","logo":{"@type":"ImageObject","inLanguage":"en-GB","@id":"https:\/\/jumbo-stehovani.cz\/#\/schema\/logo\/image\/","url":"https:\/\/jumbo-stehovani.cz\/wp-content\/uploads\/2025\/09\/menu-logo.png","contentUrl":"https:\/\/jumbo-stehovani.cz\/wp-content\/uploads\/2025\/09\/menu-logo.png","width":90,"height":47,"caption":"Jumbo St\u011bhov\u00e1n\u00ed"},"image":{"@id":"https:\/\/jumbo-stehovani.cz\/#\/schema\/logo\/image\/"}}]}},"_links":{"self":[{"href":"https:\/\/jumbo-stehovani.cz\/en\/wp-json\/wp\/v2\/pages\/25","targetHints":{"allow":["GET"]}}],"collection":[{"href":"https:\/\/jumbo-stehovani.cz\/en\/wp-json\/wp\/v2\/pages"}],"about":[{"href":"https:\/\/jumbo-stehovani.cz\/en\/wp-json\/wp\/v2\/types\/page"}],"author":[{"embeddable":true,"href":"https:\/\/jumbo-stehovani.cz\/en\/wp-json\/wp\/v2\/users\/1"}],"replies":[{"embeddable":true,"href":"https:\/\/jumbo-stehovani.cz\/en\/wp-json\/wp\/v2\/comments?post=25"}],"version-history":[{"count":3,"href":"https:\/\/jumbo-stehovani.cz\/en\/wp-json\/wp\/v2\/pages\/25\/revisions"}],"predecessor-version":[{"id":256,"href":"https:\/\/jumbo-stehovani.cz\/en\/wp-json\/wp\/v2\/pages\/25\/revisions\/256"}],"wp:featuredmedia":[{"embeddable":true,"href":"https:\/\/jumbo-stehovani.cz\/en\/wp-json\/wp\/v2\/media\/19"}],"wp:attachment":[{"href":"https:\/\/jumbo-stehovani.cz\/en\/wp-json\/wp\/v2\/media?parent=25"}],"curies":[{"name":"wp","href":"https:\/\/api.w.org\/{rel}","templated":true}]}}