{"id":18,"date":"2016-06-21T10:35:54","date_gmt":"2016-06-21T10:35:54","guid":{"rendered":"http:\/\/jumbo-stehovani.cz\/caste-dotazy\/"},"modified":"2025-09-25T13:03:59","modified_gmt":"2025-09-25T13:03:59","slug":"caste-dotazy","status":"publish","type":"page","link":"https:\/\/jumbo-stehovani.cz\/en\/caste-dotazy\/","title":{"rendered":"FAQ"},"content":{"rendered":"<div class=\"container\">\n<p class=\"question\">Do you provide complete packing services??<\/p>\n<p class=\"answer\">Yes, we completely pack and prepare all moving things for you, including personal.<\/p>\n<p class=\"question\">How to avoid damage to antique furniture when moving?<\/p>\n<p class=\"answer\">Valuable pieces are being packed in bubble wrap or moving blankets to prevent damage.<\/p>\n<p class=\"question\">How many days in advance we have to order the moving?<\/p>\n<p class=\"answer\">10-14 days in advance is enough.<\/p>\n<p class=\"question\">Do you move abroad?<\/p>\n<p class=\"answer\">Yes, we move throughout Europe.<\/p>\n<p class=\"question\">Do you move machines?<\/p>\n<p class=\"answer\">Yes. We do move machines weighing up to 300 tonnes.<\/p>\n<p class=\"question\">Do you charge per floor?<\/p>\n<p class=\"answer\">There is no extra charge for floors.<\/p>\n<p>If you have not found your question, please feel free to <a href=\"\/en\/kontakty\/\" hreflang=\"cs\">contact us<\/a>, or take a look at <a href=\"\/en\/caste-dotazy\/nase-doporuceni\/\" hreflang=\"cs\">our recommendations.<\/a>.<\/p>\n<\/div>","protected":false},"excerpt":{"rendered":"<p>Poskytujete kompletn\u00ed bal\u00edc\u00ed slu\u017eby? Ano, kompletn\u011b zabal\u00edme a p\u0159iprav\u00edme v\u0161echny st\u011bhovan\u00e9 v\u011bci, v\u010detn\u011b osobn\u00edch. Jak lze zabr\u00e1nit po\u0161kozen\u00ed staro\u017eitn\u00e9ho n\u00e1bytku p\u0159i st\u011bhov\u00e1n\u00ed? Cenn\u00e9 kusy bal\u00edme do bublinkov\u00e9 f\u00f3lie nebo st\u011bhovac\u00edch dek, aby se zabr\u00e1nilo po\u0161kozen\u00ed. Kolik dn\u016f p\u0159edem se st\u011bhov\u00e1n\u00ed objedn\u00e1v\u00e1? Z pravidla sta\u010d\u00ed 10-14 dn\u016f p\u0159edem. St\u011bhujete do zahrani\u010d\u00ed? Ano, st\u011bhujeme po cel\u00e9 Evrop\u011b. [&hellip;]<\/p>","protected":false},"author":1,"featured_media":0,"parent":0,"menu_order":32,"comment_status":"closed","ping_status":"closed","template":"","meta":{"ngg_post_thumbnail":0,"footnotes":""},"class_list":["post-18","page","type-page","status-publish","hentry"],"yoast_head":"<!-- This site is optimized with the Yoast SEO plugin v26.0 - https:\/\/yoast.com\/wordpress\/plugins\/seo\/ -->\n<title>\u010cast\u00e9 dotazy - Jumbo St\u011bhov\u00e1n\u00ed<\/title>\n<meta name=\"robots\" content=\"index, follow, max-snippet:-1, max-image-preview:large, max-video-preview:-1\" \/>\n<link rel=\"canonical\" href=\"https:\/\/jumbo-stehovani.cz\/en\/caste-dotazy\/\" \/>\n<meta property=\"og:locale\" content=\"en_GB\" \/>\n<meta property=\"og:type\" content=\"article\" \/>\n<meta property=\"og:title\" content=\"\u010cast\u00e9 dotazy - Jumbo St\u011bhov\u00e1n\u00ed\" \/>\n<meta property=\"og:description\" content=\"Poskytujete kompletn\u00ed bal\u00edc\u00ed slu\u017eby? Ano, kompletn\u011b zabal\u00edme a p\u0159iprav\u00edme v\u0161echny st\u011bhovan\u00e9 v\u011bci, v\u010detn\u011b osobn\u00edch. Jak lze zabr\u00e1nit po\u0161kozen\u00ed staro\u017eitn\u00e9ho n\u00e1bytku p\u0159i st\u011bhov\u00e1n\u00ed? Cenn\u00e9 kusy bal\u00edme do bublinkov\u00e9 f\u00f3lie nebo st\u011bhovac\u00edch dek, aby se zabr\u00e1nilo po\u0161kozen\u00ed. Kolik dn\u016f p\u0159edem se st\u011bhov\u00e1n\u00ed objedn\u00e1v\u00e1? Z pravidla sta\u010d\u00ed 10-14 dn\u016f p\u0159edem. St\u011bhujete do zahrani\u010d\u00ed? Ano, st\u011bhujeme po cel\u00e9 Evrop\u011b. [&hellip;]\" \/>\n<meta property=\"og:url\" content=\"https:\/\/jumbo-stehovani.cz\/en\/caste-dotazy\/\" \/>\n<meta property=\"og:site_name\" content=\"Jumbo St\u011bhov\u00e1n\u00ed\" \/>\n<meta property=\"article:modified_time\" content=\"2025-09-25T13:03:59+00:00\" \/>\n<meta name=\"twitter:card\" content=\"summary_large_image\" \/>\n<meta name=\"twitter:label1\" content=\"Estimated reading time\" \/>\n\t<meta name=\"twitter:data1\" content=\"1 minute\" \/>\n<script type=\"application\/ld+json\" class=\"yoast-schema-graph\">{\"@context\":\"https:\/\/schema.org\",\"@graph\":[{\"@type\":\"WebPage\",\"@id\":\"https:\/\/jumbo-stehovani.cz\/caste-dotazy\/\",\"url\":\"https:\/\/jumbo-stehovani.cz\/caste-dotazy\/\",\"name\":\"\u010cast\u00e9 dotazy - Jumbo St\u011bhov\u00e1n\u00ed\",\"isPartOf\":{\"@id\":\"https:\/\/jumbo-stehovani.cz\/#website\"},\"datePublished\":\"2016-06-21T10:35:54+00:00\",\"dateModified\":\"2025-09-25T13:03:59+00:00\",\"breadcrumb\":{\"@id\":\"https:\/\/jumbo-stehovani.cz\/caste-dotazy\/#breadcrumb\"},\"inLanguage\":\"en-GB\",\"potentialAction\":[{\"@type\":\"ReadAction\",\"target\":[\"https:\/\/jumbo-stehovani.cz\/caste-dotazy\/\"]}]},{\"@type\":\"BreadcrumbList\",\"@id\":\"https:\/\/jumbo-stehovani.cz\/caste-dotazy\/#breadcrumb\",\"itemListElement\":[{\"@type\":\"ListItem\",\"position\":1,\"name\":\"Dom\u016f\",\"item\":\"https:\/\/jumbo-stehovani.cz\/\"},{\"@type\":\"ListItem\",\"position\":2,\"name\":\"\u010cast\u00e9 dotazy\"}]},{\"@type\":\"WebSite\",\"@id\":\"https:\/\/jumbo-stehovani.cz\/#website\",\"url\":\"https:\/\/jumbo-stehovani.cz\/\",\"name\":\"Jumbo St\u011bhov\u00e1n\u00ed\",\"description\":\"\",\"publisher\":{\"@id\":\"https:\/\/jumbo-stehovani.cz\/#organization\"},\"potentialAction\":[{\"@type\":\"SearchAction\",\"target\":{\"@type\":\"EntryPoint\",\"urlTemplate\":\"https:\/\/jumbo-stehovani.cz\/?s={search_term_string}\"},\"query-input\":{\"@type\":\"PropertyValueSpecification\",\"valueRequired\":true,\"valueName\":\"search_term_string\"}}],\"inLanguage\":\"en-GB\"},{\"@type\":\"Organization\",\"@id\":\"https:\/\/jumbo-stehovani.cz\/#organization\",\"name\":\"Jumbo St\u011bhov\u00e1n\u00ed\",\"url\":\"https:\/\/jumbo-stehovani.cz\/\",\"logo\":{\"@type\":\"ImageObject\",\"inLanguage\":\"en-GB\",\"@id\":\"https:\/\/jumbo-stehovani.cz\/#\/schema\/logo\/image\/\",\"url\":\"https:\/\/jumbo-stehovani.cz\/wp-content\/uploads\/2025\/09\/menu-logo.png\",\"contentUrl\":\"https:\/\/jumbo-stehovani.cz\/wp-content\/uploads\/2025\/09\/menu-logo.png\",\"width\":90,\"height\":47,\"caption\":\"Jumbo St\u011bhov\u00e1n\u00ed\"},\"image\":{\"@id\":\"https:\/\/jumbo-stehovani.cz\/#\/schema\/logo\/image\/\"}}]}<\/script>\n<!-- \/ Yoast SEO plugin. -->","yoast_head_json":{"title":"\u010cast\u00e9 dotazy - Jumbo St\u011bhov\u00e1n\u00ed","robots":{"index":"index","follow":"follow","max-snippet":"max-snippet:-1","max-image-preview":"max-image-preview:large","max-video-preview":"max-video-preview:-1"},"canonical":"https:\/\/jumbo-stehovani.cz\/en\/caste-dotazy\/","og_locale":"en_GB","og_type":"article","og_title":"\u010cast\u00e9 dotazy - Jumbo St\u011bhov\u00e1n\u00ed","og_description":"Poskytujete kompletn\u00ed bal\u00edc\u00ed slu\u017eby? Ano, kompletn\u011b zabal\u00edme a p\u0159iprav\u00edme v\u0161echny st\u011bhovan\u00e9 v\u011bci, v\u010detn\u011b osobn\u00edch. Jak lze zabr\u00e1nit po\u0161kozen\u00ed staro\u017eitn\u00e9ho n\u00e1bytku p\u0159i st\u011bhov\u00e1n\u00ed? Cenn\u00e9 kusy bal\u00edme do bublinkov\u00e9 f\u00f3lie nebo st\u011bhovac\u00edch dek, aby se zabr\u00e1nilo po\u0161kozen\u00ed. Kolik dn\u016f p\u0159edem se st\u011bhov\u00e1n\u00ed objedn\u00e1v\u00e1? Z pravidla sta\u010d\u00ed 10-14 dn\u016f p\u0159edem. St\u011bhujete do zahrani\u010d\u00ed? Ano, st\u011bhujeme po cel\u00e9 Evrop\u011b. [&hellip;]","og_url":"https:\/\/jumbo-stehovani.cz\/en\/caste-dotazy\/","og_site_name":"Jumbo St\u011bhov\u00e1n\u00ed","article_modified_time":"2025-09-25T13:03:59+00:00","twitter_card":"summary_large_image","twitter_misc":{"Estimated reading time":"1 minute"},"schema":{"@context":"https:\/\/schema.org","@graph":[{"@type":"WebPage","@id":"https:\/\/jumbo-stehovani.cz\/caste-dotazy\/","url":"https:\/\/jumbo-stehovani.cz\/caste-dotazy\/","name":"\u010cast\u00e9 dotazy - Jumbo St\u011bhov\u00e1n\u00ed","isPartOf":{"@id":"https:\/\/jumbo-stehovani.cz\/#website"},"datePublished":"2016-06-21T10:35:54+00:00","dateModified":"2025-09-25T13:03:59+00:00","breadcrumb":{"@id":"https:\/\/jumbo-stehovani.cz\/caste-dotazy\/#breadcrumb"},"inLanguage":"en-GB","potentialAction":[{"@type":"ReadAction","target":["https:\/\/jumbo-stehovani.cz\/caste-dotazy\/"]}]},{"@type":"BreadcrumbList","@id":"https:\/\/jumbo-stehovani.cz\/caste-dotazy\/#breadcrumb","itemListElement":[{"@type":"ListItem","position":1,"name":"Dom\u016f","item":"https:\/\/jumbo-stehovani.cz\/"},{"@type":"ListItem","position":2,"name":"\u010cast\u00e9 dotazy"}]},{"@type":"WebSite","@id":"https:\/\/jumbo-stehovani.cz\/#website","url":"https:\/\/jumbo-stehovani.cz\/","name":"Jumbo St\u011bhov\u00e1n\u00ed","description":"","publisher":{"@id":"https:\/\/jumbo-stehovani.cz\/#organization"},"potentialAction":[{"@type":"SearchAction","target":{"@type":"EntryPoint","urlTemplate":"https:\/\/jumbo-stehovani.cz\/?s={search_term_string}"},"query-input":{"@type":"PropertyValueSpecification","valueRequired":true,"valueName":"search_term_string"}}],"inLanguage":"en-GB"},{"@type":"Organization","@id":"https:\/\/jumbo-stehovani.cz\/#organization","name":"Jumbo St\u011bhov\u00e1n\u00ed","url":"https:\/\/jumbo-stehovani.cz\/","logo":{"@type":"ImageObject","inLanguage":"en-GB","@id":"https:\/\/jumbo-stehovani.cz\/#\/schema\/logo\/image\/","url":"https:\/\/jumbo-stehovani.cz\/wp-content\/uploads\/2025\/09\/menu-logo.png","contentUrl":"https:\/\/jumbo-stehovani.cz\/wp-content\/uploads\/2025\/09\/menu-logo.png","width":90,"height":47,"caption":"Jumbo St\u011bhov\u00e1n\u00ed"},"image":{"@id":"https:\/\/jumbo-stehovani.cz\/#\/schema\/logo\/image\/"}}]}},"_links":{"self":[{"href":"https:\/\/jumbo-stehovani.cz\/en\/wp-json\/wp\/v2\/pages\/18","targetHints":{"allow":["GET"]}}],"collection":[{"href":"https:\/\/jumbo-stehovani.cz\/en\/wp-json\/wp\/v2\/pages"}],"about":[{"href":"https:\/\/jumbo-stehovani.cz\/en\/wp-json\/wp\/v2\/types\/page"}],"author":[{"embeddable":true,"href":"https:\/\/jumbo-stehovani.cz\/en\/wp-json\/wp\/v2\/users\/1"}],"replies":[{"embeddable":true,"href":"https:\/\/jumbo-stehovani.cz\/en\/wp-json\/wp\/v2\/comments?post=18"}],"version-history":[{"count":2,"href":"https:\/\/jumbo-stehovani.cz\/en\/wp-json\/wp\/v2\/pages\/18\/revisions"}],"predecessor-version":[{"id":169,"href":"https:\/\/jumbo-stehovani.cz\/en\/wp-json\/wp\/v2\/pages\/18\/revisions\/169"}],"wp:attachment":[{"href":"https:\/\/jumbo-stehovani.cz\/en\/wp-json\/wp\/v2\/media?parent=18"}],"curies":[{"name":"wp","href":"https:\/\/api.w.org\/{rel}","templated":true}]}}