{"id":17,"date":"2016-06-21T10:35:36","date_gmt":"2016-06-21T10:35:36","guid":{"rendered":"http:\/\/jumbo-stehovani.cz\/pojisteni\/"},"modified":"2025-09-25T13:00:18","modified_gmt":"2025-09-25T13:00:18","slug":"pojisteni","status":"publish","type":"page","link":"https:\/\/jumbo-stehovani.cz\/en\/pojisteni\/","title":{"rendered":"Insurance"},"content":{"rendered":"<div class=\"container\">\n<img decoding=\"async\" class=\"right top\" src=\"http:\/\/jumbo-stehovani.cz\/wp-content\/uploads\/2016\/06\/pojisteni.jpg\" alt=\"pojisteni\">\n<p>Our company is insured by the Czech Insurance Company, Inc. with liability for businesses' and carriers' damage in the amount of 15 mil. CZK.<\/p>\n<\/div>","protected":false},"excerpt":{"rendered":"<p>Our company is insured by the Czech Insurance Company, Inc. with liability for businesses' and carriers' damage in the amount of 15 mil. CZK.<\/p>","protected":false},"author":1,"featured_media":16,"parent":0,"menu_order":33,"comment_status":"closed","ping_status":"closed","template":"","meta":{"ngg_post_thumbnail":0,"footnotes":""},"class_list":["post-17","page","type-page","status-publish","hentry"],"yoast_head":"<!-- This site is optimized with the Yoast SEO plugin v26.0 - https:\/\/yoast.com\/wordpress\/plugins\/seo\/ -->\n<title>Poji\u0161t\u011bn\u00ed - Jumbo St\u011bhov\u00e1n\u00ed<\/title>\n<meta name=\"robots\" content=\"index, follow, max-snippet:-1, max-image-preview:large, max-video-preview:-1\" \/>\n<link rel=\"canonical\" href=\"https:\/\/jumbo-stehovani.cz\/en\/pojisteni\/\" \/>\n<meta property=\"og:locale\" content=\"en_GB\" \/>\n<meta property=\"og:type\" content=\"article\" \/>\n<meta property=\"og:title\" content=\"Poji\u0161t\u011bn\u00ed - Jumbo St\u011bhov\u00e1n\u00ed\" \/>\n<meta property=\"og:description\" content=\"Na\u0161e spole\u010dnost je poji\u0161t\u011bna u \u010cesk\u00e9&nbsp;poji\u0161\u0165ovny,&nbsp;a.s. na odpov\u011bdnost za \u0161kodu podnikatele a dopravce do v\u00fd\u0161e 15 mil.&nbsp;K\u010d.\" \/>\n<meta property=\"og:url\" content=\"https:\/\/jumbo-stehovani.cz\/en\/pojisteni\/\" \/>\n<meta property=\"og:site_name\" content=\"Jumbo St\u011bhov\u00e1n\u00ed\" \/>\n<meta property=\"article:modified_time\" content=\"2025-09-25T13:00:18+00:00\" \/>\n<meta property=\"og:image\" content=\"https:\/\/jumbo-stehovani.cz\/wp-content\/uploads\/2016\/06\/pojisteni.jpg\" \/>\n\t<meta property=\"og:image:width\" content=\"300\" \/>\n\t<meta property=\"og:image:height\" content=\"225\" \/>\n\t<meta property=\"og:image:type\" content=\"image\/jpeg\" \/>\n<meta name=\"twitter:card\" content=\"summary_large_image\" \/>\n<script type=\"application\/ld+json\" class=\"yoast-schema-graph\">{\"@context\":\"https:\/\/schema.org\",\"@graph\":[{\"@type\":\"WebPage\",\"@id\":\"https:\/\/jumbo-stehovani.cz\/en\/pojisteni\/\",\"url\":\"https:\/\/jumbo-stehovani.cz\/en\/pojisteni\/\",\"name\":\"Poji\u0161t\u011bn\u00ed - Jumbo St\u011bhov\u00e1n\u00ed\",\"isPartOf\":{\"@id\":\"https:\/\/jumbo-stehovani.cz\/#website\"},\"primaryImageOfPage\":{\"@id\":\"https:\/\/jumbo-stehovani.cz\/en\/pojisteni\/#primaryimage\"},\"image\":{\"@id\":\"https:\/\/jumbo-stehovani.cz\/en\/pojisteni\/#primaryimage\"},\"thumbnailUrl\":\"https:\/\/jumbo-stehovani.cz\/wp-content\/uploads\/2016\/06\/pojisteni.jpg\",\"datePublished\":\"2016-06-21T10:35:36+00:00\",\"dateModified\":\"2025-09-25T13:00:18+00:00\",\"breadcrumb\":{\"@id\":\"https:\/\/jumbo-stehovani.cz\/en\/pojisteni\/#breadcrumb\"},\"inLanguage\":\"en-GB\",\"potentialAction\":[{\"@type\":\"ReadAction\",\"target\":[\"https:\/\/jumbo-stehovani.cz\/en\/pojisteni\/\"]}]},{\"@type\":\"ImageObject\",\"inLanguage\":\"en-GB\",\"@id\":\"https:\/\/jumbo-stehovani.cz\/en\/pojisteni\/#primaryimage\",\"url\":\"https:\/\/jumbo-stehovani.cz\/wp-content\/uploads\/2016\/06\/pojisteni.jpg\",\"contentUrl\":\"https:\/\/jumbo-stehovani.cz\/wp-content\/uploads\/2016\/06\/pojisteni.jpg\",\"width\":300,\"height\":225,\"caption\":\"pojisteni\"},{\"@type\":\"BreadcrumbList\",\"@id\":\"https:\/\/jumbo-stehovani.cz\/en\/pojisteni\/#breadcrumb\",\"itemListElement\":[{\"@type\":\"ListItem\",\"position\":1,\"name\":\"Dom\u016f\",\"item\":\"https:\/\/jumbo-stehovani.cz\/\"},{\"@type\":\"ListItem\",\"position\":2,\"name\":\"Poji\u0161t\u011bn\u00ed\"}]},{\"@type\":\"WebSite\",\"@id\":\"https:\/\/jumbo-stehovani.cz\/#website\",\"url\":\"https:\/\/jumbo-stehovani.cz\/\",\"name\":\"Jumbo St\u011bhov\u00e1n\u00ed\",\"description\":\"\",\"publisher\":{\"@id\":\"https:\/\/jumbo-stehovani.cz\/#organization\"},\"potentialAction\":[{\"@type\":\"SearchAction\",\"target\":{\"@type\":\"EntryPoint\",\"urlTemplate\":\"https:\/\/jumbo-stehovani.cz\/?s={search_term_string}\"},\"query-input\":{\"@type\":\"PropertyValueSpecification\",\"valueRequired\":true,\"valueName\":\"search_term_string\"}}],\"inLanguage\":\"en-GB\"},{\"@type\":\"Organization\",\"@id\":\"https:\/\/jumbo-stehovani.cz\/#organization\",\"name\":\"Jumbo St\u011bhov\u00e1n\u00ed\",\"url\":\"https:\/\/jumbo-stehovani.cz\/\",\"logo\":{\"@type\":\"ImageObject\",\"inLanguage\":\"en-GB\",\"@id\":\"https:\/\/jumbo-stehovani.cz\/#\/schema\/logo\/image\/\",\"url\":\"https:\/\/jumbo-stehovani.cz\/wp-content\/uploads\/2025\/09\/menu-logo.png\",\"contentUrl\":\"https:\/\/jumbo-stehovani.cz\/wp-content\/uploads\/2025\/09\/menu-logo.png\",\"width\":90,\"height\":47,\"caption\":\"Jumbo St\u011bhov\u00e1n\u00ed\"},\"image\":{\"@id\":\"https:\/\/jumbo-stehovani.cz\/#\/schema\/logo\/image\/\"}}]}<\/script>\n<!-- \/ Yoast SEO plugin. -->","yoast_head_json":{"title":"Poji\u0161t\u011bn\u00ed - Jumbo St\u011bhov\u00e1n\u00ed","robots":{"index":"index","follow":"follow","max-snippet":"max-snippet:-1","max-image-preview":"max-image-preview:large","max-video-preview":"max-video-preview:-1"},"canonical":"https:\/\/jumbo-stehovani.cz\/en\/pojisteni\/","og_locale":"en_GB","og_type":"article","og_title":"Poji\u0161t\u011bn\u00ed - Jumbo St\u011bhov\u00e1n\u00ed","og_description":"Na\u0161e spole\u010dnost je poji\u0161t\u011bna u \u010cesk\u00e9&nbsp;poji\u0161\u0165ovny,&nbsp;a.s. na odpov\u011bdnost za \u0161kodu podnikatele a dopravce do v\u00fd\u0161e 15 mil.&nbsp;K\u010d.","og_url":"https:\/\/jumbo-stehovani.cz\/en\/pojisteni\/","og_site_name":"Jumbo St\u011bhov\u00e1n\u00ed","article_modified_time":"2025-09-25T13:00:18+00:00","og_image":[{"width":300,"height":225,"url":"https:\/\/jumbo-stehovani.cz\/wp-content\/uploads\/2016\/06\/pojisteni.jpg","type":"image\/jpeg"}],"twitter_card":"summary_large_image","schema":{"@context":"https:\/\/schema.org","@graph":[{"@type":"WebPage","@id":"https:\/\/jumbo-stehovani.cz\/en\/pojisteni\/","url":"https:\/\/jumbo-stehovani.cz\/en\/pojisteni\/","name":"Poji\u0161t\u011bn\u00ed - Jumbo St\u011bhov\u00e1n\u00ed","isPartOf":{"@id":"https:\/\/jumbo-stehovani.cz\/#website"},"primaryImageOfPage":{"@id":"https:\/\/jumbo-stehovani.cz\/en\/pojisteni\/#primaryimage"},"image":{"@id":"https:\/\/jumbo-stehovani.cz\/en\/pojisteni\/#primaryimage"},"thumbnailUrl":"https:\/\/jumbo-stehovani.cz\/wp-content\/uploads\/2016\/06\/pojisteni.jpg","datePublished":"2016-06-21T10:35:36+00:00","dateModified":"2025-09-25T13:00:18+00:00","breadcrumb":{"@id":"https:\/\/jumbo-stehovani.cz\/en\/pojisteni\/#breadcrumb"},"inLanguage":"en-GB","potentialAction":[{"@type":"ReadAction","target":["https:\/\/jumbo-stehovani.cz\/en\/pojisteni\/"]}]},{"@type":"ImageObject","inLanguage":"en-GB","@id":"https:\/\/jumbo-stehovani.cz\/en\/pojisteni\/#primaryimage","url":"https:\/\/jumbo-stehovani.cz\/wp-content\/uploads\/2016\/06\/pojisteni.jpg","contentUrl":"https:\/\/jumbo-stehovani.cz\/wp-content\/uploads\/2016\/06\/pojisteni.jpg","width":300,"height":225,"caption":"pojisteni"},{"@type":"BreadcrumbList","@id":"https:\/\/jumbo-stehovani.cz\/en\/pojisteni\/#breadcrumb","itemListElement":[{"@type":"ListItem","position":1,"name":"Dom\u016f","item":"https:\/\/jumbo-stehovani.cz\/"},{"@type":"ListItem","position":2,"name":"Poji\u0161t\u011bn\u00ed"}]},{"@type":"WebSite","@id":"https:\/\/jumbo-stehovani.cz\/#website","url":"https:\/\/jumbo-stehovani.cz\/","name":"Jumbo St\u011bhov\u00e1n\u00ed","description":"","publisher":{"@id":"https:\/\/jumbo-stehovani.cz\/#organization"},"potentialAction":[{"@type":"SearchAction","target":{"@type":"EntryPoint","urlTemplate":"https:\/\/jumbo-stehovani.cz\/?s={search_term_string}"},"query-input":{"@type":"PropertyValueSpecification","valueRequired":true,"valueName":"search_term_string"}}],"inLanguage":"en-GB"},{"@type":"Organization","@id":"https:\/\/jumbo-stehovani.cz\/#organization","name":"Jumbo St\u011bhov\u00e1n\u00ed","url":"https:\/\/jumbo-stehovani.cz\/","logo":{"@type":"ImageObject","inLanguage":"en-GB","@id":"https:\/\/jumbo-stehovani.cz\/#\/schema\/logo\/image\/","url":"https:\/\/jumbo-stehovani.cz\/wp-content\/uploads\/2025\/09\/menu-logo.png","contentUrl":"https:\/\/jumbo-stehovani.cz\/wp-content\/uploads\/2025\/09\/menu-logo.png","width":90,"height":47,"caption":"Jumbo St\u011bhov\u00e1n\u00ed"},"image":{"@id":"https:\/\/jumbo-stehovani.cz\/#\/schema\/logo\/image\/"}}]}},"_links":{"self":[{"href":"https:\/\/jumbo-stehovani.cz\/en\/wp-json\/wp\/v2\/pages\/17","targetHints":{"allow":["GET"]}}],"collection":[{"href":"https:\/\/jumbo-stehovani.cz\/en\/wp-json\/wp\/v2\/pages"}],"about":[{"href":"https:\/\/jumbo-stehovani.cz\/en\/wp-json\/wp\/v2\/types\/page"}],"author":[{"embeddable":true,"href":"https:\/\/jumbo-stehovani.cz\/en\/wp-json\/wp\/v2\/users\/1"}],"replies":[{"embeddable":true,"href":"https:\/\/jumbo-stehovani.cz\/en\/wp-json\/wp\/v2\/comments?post=17"}],"version-history":[{"count":3,"href":"https:\/\/jumbo-stehovani.cz\/en\/wp-json\/wp\/v2\/pages\/17\/revisions"}],"predecessor-version":[{"id":166,"href":"https:\/\/jumbo-stehovani.cz\/en\/wp-json\/wp\/v2\/pages\/17\/revisions\/166"}],"wp:featuredmedia":[{"embeddable":true,"href":"https:\/\/jumbo-stehovani.cz\/en\/wp-json\/wp\/v2\/media\/16"}],"wp:attachment":[{"href":"https:\/\/jumbo-stehovani.cz\/en\/wp-json\/wp\/v2\/media?parent=17"}],"curies":[{"name":"wp","href":"https:\/\/api.w.org\/{rel}","templated":true}]}}