{"id":15,"date":"2016-06-21T10:35:08","date_gmt":"2016-06-21T10:35:08","guid":{"rendered":"http:\/\/jumbo-stehovani.cz\/sluzby\/"},"modified":"2025-09-25T14:22:26","modified_gmt":"2025-09-25T14:22:26","slug":"sluzby","status":"publish","type":"page","link":"https:\/\/jumbo-stehovani.cz\/en\/sluzby\/","title":{"rendered":"Services"},"content":{"rendered":"<div class=\"page-header\">\n<h2>Main moving service<\/h2>\n<\/div>\n\n\n\n<div class=\"container\">\n<div id=\"sluzba\" class=\"flexcontent\">\n<div class=\"w1\">\n<figure><img loading=\"lazy\" decoding=\"async\" width=\"168\" height=\"168\" class=\"size-full wp-image-14\" src=\"http:\/\/jumbo-stehovani.cz\/wp-content\/uploads\/2016\/06\/sluzba-ikona.png\" alt=\"\" srcset=\"https:\/\/jumbo-stehovani.cz\/wp-content\/uploads\/2016\/06\/sluzba-ikona.png 168w, https:\/\/jumbo-stehovani.cz\/wp-content\/uploads\/2016\/06\/sluzba-ikona-150x150.png 150w\" sizes=\"auto, (max-width: 168px) 100vw, 168px\" \/><\/figure>\n<\/div>\n<div class=\"w6\">\n<h4>Moving heavy loads<\/h4>\n<p>Our company has longterm experience in moving heavy loads as well as in moving machines. Our references speak for quality of our services and our reliability. When moving heavy loads, we always use the latest technology, cranes and machinery. Your devices are always safe and under supervision of our professionals while moving.<\/p>\n<\/div>\n<p><a class=\"w1 button\" href=\"\/en\/sluzby\/stehovani-tezkych-bremen\/\" hreflang=\"cs\" data-wplink-edit=\"true\">Show more<\/a><\/p>\n<\/div>\n<\/div>\n\n\n\n<div class=\"bg small\">\n<div class=\"container\">\n<h2>Other moving <span class=\"red\">services<\/span><\/h2>\n<div id=\"sluzby\" class=\"flexcontent\">\n<div class=\"col-sml-12 col-mid-6 col-big-4 novinka\">\n<div class=\"card flex\">\n<div class=\"w2\">\n<figure><img loading=\"lazy\" decoding=\"async\" width=\"80\" height=\"59\" class=\"size-full wp-image-9\" src=\"http:\/\/jumbo-stehovani.cz\/wp-content\/uploads\/2016\/06\/4.png\" alt=\"\"><\/figure>\n<\/div>\n<div class=\"w3\">\n<h4>Moving preparation<\/h4>\n<p class=\"left\">Thinking of moving your belongings from your family home or you need to take care of moving your business, office, workshop, or warehouse?<\/p>\n<\/div>\n<p><a class=\"cover button\" href=\"\/en\/sluzby\/priprava-stehovani\/\" hreflang=\"cs\">Show more<\/a><\/p>\n<\/div>\n<\/div>\n<div class=\"col-sml-12 col-mid-6 col-big-4\">\n<div class=\"card flex\">\n<div class=\"w2\">\n<figure><img loading=\"lazy\" decoding=\"async\" width=\"85\" height=\"119\" class=\"size-full wp-image-4\" src=\"http:\/\/jumbo-stehovani.cz\/wp-content\/themes\/JumboStehovani\/img\/prace-ikony\/2.png\" alt=\"\"><\/figure>\n<\/div>\n<div class=\"w3\">\n<h4>Moving machines<\/h4>\n<p class=\"left\">We will move any equipment weighing up to 300 tons anywhere in Europe, from Ireland to Turkey. We use heavy cranes, lorries, trailers and other equipment.<\/p>\n<\/div>\n<p><a class=\"cover button\" href=\"\/en\/sluzby\/stehovani-stroju\/\" hreflang=\"cs\">Show more<\/a><\/p>\n<\/div>\n<\/div>\n<div class=\"col-sml-12 col-mid-6 col-big-4\">\n<div class=\"card flex\">\n<div class=\"w2\">\n<figure><img loading=\"lazy\" decoding=\"async\" width=\"73\" height=\"65\" class=\"size-full wp-image-8\" src=\"http:\/\/jumbo-stehovani.cz\/wp-content\/uploads\/2016\/06\/3.png\" alt=\"\"><\/figure>\n<\/div>\n<div class=\"w3\">\n<h4>Moving for companies<\/h4>\n<p class=\"left\">We move what another moving company cannot handle. We have the experience and machinery by which we can handle even the biggest challenges.<\/p>\n<\/div>\n<p><a class=\"cover button\" href=\"\/en\/sluzby\/stehovani-pro-firmy\/\" hreflang=\"cs\">Show more<\/a><\/p>\n<\/div>\n<\/div>\n<div class=\"col-sml-12 col-mid-6 col-big-4\">\n<div class=\"card flex\">\n<div class=\"w2\">\n<figure><img loading=\"lazy\" decoding=\"async\" width=\"70\" height=\"70\" class=\"size-full wp-image-7\" src=\"http:\/\/jumbo-stehovani.cz\/wp-content\/themes\/JumboStehovani\/img\/sluzby-ikony\/1.png\" alt=\"\"><\/figure>\n<\/div>\n<div class=\"w3\">\n<h4>Moving apartments<\/h4>\n<p class=\"left\">We offer complete services for moving of apartments, houses, cellars and attics. We work on weekdays, weekends and public holidays.<\/p>\n<\/div>\n<p><a class=\"cover button\" href=\"\/en\/sluzby\/stehovani-bytu\/\" hreflang=\"cs\">Show more<\/a><\/p>\n<\/div>\n<\/div>\n<div class=\"col-sml-12 col-mid-6 col-big-4\">\n<div class=\"card flex\">\n<div class=\"w2\">\n<figure><img loading=\"lazy\" decoding=\"async\" width=\"92\" height=\"57\" class=\"size-full wp-image-10\" src=\"http:\/\/jumbo-stehovani.cz\/wp-content\/uploads\/2016\/06\/5.png\" alt=\"\"><\/figure>\n<\/div>\n<div class=\"w3\">\n<h4>Moving companies<\/h4>\n<p class=\"left\">We provide turnkey moving of companies, which involves all the necessary work from packaging through transport to unpacking and assembly.<\/p>\n<\/div>\n<p><a class=\"cover button\" href=\"\/en\/sluzby\/stehovani-firem-a-kancelari\/\" hreflang=\"cs\">Show more<\/a><\/p>\n<\/div>\n<\/div>\n<div class=\"col-sml-12 col-mid-6 col-big-4\">\n<div class=\"card flex\">\n<div class=\"w2\">\n<figure><img loading=\"lazy\" decoding=\"async\" width=\"70\" height=\"76\" class=\"size-full wp-image-11\" src=\"http:\/\/jumbo-stehovani.cz\/wp-content\/uploads\/2016\/06\/6.png\" alt=\"\"><\/figure>\n<\/div>\n<div class=\"w3\">\n<h4>Moving services<\/h4>\n<p class=\"left\">Moving with us means certainty in speed, compliance of the contractual terms, and the security of your property.<\/p>\n<\/div>\n<p><a class=\"cover button\" href=\"\/en\/sluzby\/stehovaci-sluzby-profesionalne\/\" hreflang=\"cs\">Show more<\/a><\/p>\n<\/div>\n<\/div>\n<\/div>\n<p><a class=\"button\" href=\"\/en\/sluzby\/stehovani-s-nami\/\" hreflang=\"cs\">Show more<\/a><\/p>\n<\/div>\n<\/div>","protected":false},"excerpt":{"rendered":"<p>Hlavn\u00ed st\u011bhovac\u00ed slu\u017eba St\u011bhov\u00e1n\u00ed t\u011b\u017ek\u00fdch b\u0159emen St\u011bhov\u00e1n\u00edm t\u011b\u017ek\u00fdch b\u0159emen se na\u0161e firma zab\u00fdv\u00e1 s dlouholetou zku\u0161enost\u00ed, stejn\u011b jako st\u011bhov\u00e1n\u00ed stroj\u016f. Za na\u0161i kvalitu a spolehlivost vypov\u00eddaj\u00ed na\u0161e reference. P\u0159i st\u011bhov\u00e1n\u00ed t\u011b\u017ek\u00fdch b\u0159emen vyu\u017e\u00edv\u00e1me v\u017edy tu nejmodern\u011bj\u0161\u00ed techniku, je\u0159\u00e1by a stroje. Va\u0161e za\u0159\u00edzen\u00ed je b\u011bhem st\u011bhov\u00e1n\u00ed v\u017edy v bezpe\u010d\u00ed a pod dohledem na\u0161ich profesion\u00e1l\u016f. Zobrazit v\u00edce [&hellip;]<\/p>","protected":false},"author":1,"featured_media":14,"parent":0,"menu_order":34,"comment_status":"closed","ping_status":"closed","template":"","meta":{"ngg_post_thumbnail":0,"footnotes":""},"class_list":["post-15","page","type-page","status-publish","hentry"],"yoast_head":"<!-- This site is optimized with the Yoast SEO plugin v26.0 - https:\/\/yoast.com\/wordpress\/plugins\/seo\/ -->\n<title>Slu\u017eby - Jumbo St\u011bhov\u00e1n\u00ed<\/title>\n<meta name=\"robots\" content=\"index, follow, max-snippet:-1, max-image-preview:large, max-video-preview:-1\" \/>\n<link rel=\"canonical\" href=\"https:\/\/jumbo-stehovani.cz\/en\/sluzby\/\" \/>\n<meta property=\"og:locale\" content=\"en_GB\" \/>\n<meta property=\"og:type\" content=\"article\" \/>\n<meta property=\"og:title\" content=\"Slu\u017eby - Jumbo St\u011bhov\u00e1n\u00ed\" \/>\n<meta property=\"og:description\" content=\"Hlavn\u00ed st\u011bhovac\u00ed slu\u017eba St\u011bhov\u00e1n\u00ed t\u011b\u017ek\u00fdch b\u0159emen St\u011bhov\u00e1n\u00edm t\u011b\u017ek\u00fdch b\u0159emen se na\u0161e firma zab\u00fdv\u00e1 s dlouholetou zku\u0161enost\u00ed, stejn\u011b jako st\u011bhov\u00e1n\u00ed stroj\u016f. Za na\u0161i kvalitu a spolehlivost vypov\u00eddaj\u00ed na\u0161e reference. P\u0159i st\u011bhov\u00e1n\u00ed t\u011b\u017ek\u00fdch b\u0159emen vyu\u017e\u00edv\u00e1me v\u017edy tu nejmodern\u011bj\u0161\u00ed techniku, je\u0159\u00e1by a stroje. Va\u0161e za\u0159\u00edzen\u00ed je b\u011bhem st\u011bhov\u00e1n\u00ed v\u017edy v bezpe\u010d\u00ed a pod dohledem na\u0161ich profesion\u00e1l\u016f. Zobrazit v\u00edce [&hellip;]\" \/>\n<meta property=\"og:url\" content=\"https:\/\/jumbo-stehovani.cz\/en\/sluzby\/\" \/>\n<meta property=\"og:site_name\" content=\"Jumbo St\u011bhov\u00e1n\u00ed\" \/>\n<meta property=\"article:modified_time\" content=\"2025-09-25T14:22:26+00:00\" \/>\n<meta property=\"og:image\" content=\"https:\/\/jumbo-stehovani.cz\/wp-content\/uploads\/2016\/06\/sluzba-ikona.png\" \/>\n\t<meta property=\"og:image:width\" content=\"168\" \/>\n\t<meta property=\"og:image:height\" content=\"168\" \/>\n\t<meta property=\"og:image:type\" content=\"image\/png\" \/>\n<meta name=\"twitter:card\" content=\"summary_large_image\" \/>\n<meta name=\"twitter:label1\" content=\"Estimated reading time\" \/>\n\t<meta name=\"twitter:data1\" content=\"2 minutes\" \/>\n<script type=\"application\/ld+json\" class=\"yoast-schema-graph\">{\"@context\":\"https:\/\/schema.org\",\"@graph\":[{\"@type\":\"WebPage\",\"@id\":\"https:\/\/jumbo-stehovani.cz\/sluzby\/\",\"url\":\"https:\/\/jumbo-stehovani.cz\/sluzby\/\",\"name\":\"Slu\u017eby - Jumbo St\u011bhov\u00e1n\u00ed\",\"isPartOf\":{\"@id\":\"https:\/\/jumbo-stehovani.cz\/#website\"},\"primaryImageOfPage\":{\"@id\":\"https:\/\/jumbo-stehovani.cz\/sluzby\/#primaryimage\"},\"image\":{\"@id\":\"https:\/\/jumbo-stehovani.cz\/sluzby\/#primaryimage\"},\"thumbnailUrl\":\"https:\/\/jumbo-stehovani.cz\/wp-content\/uploads\/2016\/06\/sluzba-ikona.png\",\"datePublished\":\"2016-06-21T10:35:08+00:00\",\"dateModified\":\"2025-09-25T14:22:26+00:00\",\"breadcrumb\":{\"@id\":\"https:\/\/jumbo-stehovani.cz\/sluzby\/#breadcrumb\"},\"inLanguage\":\"en-GB\",\"potentialAction\":[{\"@type\":\"ReadAction\",\"target\":[\"https:\/\/jumbo-stehovani.cz\/sluzby\/\"]}]},{\"@type\":\"ImageObject\",\"inLanguage\":\"en-GB\",\"@id\":\"https:\/\/jumbo-stehovani.cz\/sluzby\/#primaryimage\",\"url\":\"https:\/\/jumbo-stehovani.cz\/wp-content\/uploads\/2016\/06\/sluzba-ikona.png\",\"contentUrl\":\"https:\/\/jumbo-stehovani.cz\/wp-content\/uploads\/2016\/06\/sluzba-ikona.png\",\"width\":168,\"height\":168},{\"@type\":\"BreadcrumbList\",\"@id\":\"https:\/\/jumbo-stehovani.cz\/sluzby\/#breadcrumb\",\"itemListElement\":[{\"@type\":\"ListItem\",\"position\":1,\"name\":\"Dom\u016f\",\"item\":\"https:\/\/jumbo-stehovani.cz\/\"},{\"@type\":\"ListItem\",\"position\":2,\"name\":\"Slu\u017eby\"}]},{\"@type\":\"WebSite\",\"@id\":\"https:\/\/jumbo-stehovani.cz\/#website\",\"url\":\"https:\/\/jumbo-stehovani.cz\/\",\"name\":\"Jumbo St\u011bhov\u00e1n\u00ed\",\"description\":\"\",\"publisher\":{\"@id\":\"https:\/\/jumbo-stehovani.cz\/#organization\"},\"potentialAction\":[{\"@type\":\"SearchAction\",\"target\":{\"@type\":\"EntryPoint\",\"urlTemplate\":\"https:\/\/jumbo-stehovani.cz\/?s={search_term_string}\"},\"query-input\":{\"@type\":\"PropertyValueSpecification\",\"valueRequired\":true,\"valueName\":\"search_term_string\"}}],\"inLanguage\":\"en-GB\"},{\"@type\":\"Organization\",\"@id\":\"https:\/\/jumbo-stehovani.cz\/#organization\",\"name\":\"Jumbo St\u011bhov\u00e1n\u00ed\",\"url\":\"https:\/\/jumbo-stehovani.cz\/\",\"logo\":{\"@type\":\"ImageObject\",\"inLanguage\":\"en-GB\",\"@id\":\"https:\/\/jumbo-stehovani.cz\/#\/schema\/logo\/image\/\",\"url\":\"https:\/\/jumbo-stehovani.cz\/wp-content\/uploads\/2025\/09\/menu-logo.png\",\"contentUrl\":\"https:\/\/jumbo-stehovani.cz\/wp-content\/uploads\/2025\/09\/menu-logo.png\",\"width\":90,\"height\":47,\"caption\":\"Jumbo St\u011bhov\u00e1n\u00ed\"},\"image\":{\"@id\":\"https:\/\/jumbo-stehovani.cz\/#\/schema\/logo\/image\/\"}}]}<\/script>\n<!-- \/ Yoast SEO plugin. -->","yoast_head_json":{"title":"Slu\u017eby - Jumbo St\u011bhov\u00e1n\u00ed","robots":{"index":"index","follow":"follow","max-snippet":"max-snippet:-1","max-image-preview":"max-image-preview:large","max-video-preview":"max-video-preview:-1"},"canonical":"https:\/\/jumbo-stehovani.cz\/en\/sluzby\/","og_locale":"en_GB","og_type":"article","og_title":"Slu\u017eby - Jumbo St\u011bhov\u00e1n\u00ed","og_description":"Hlavn\u00ed st\u011bhovac\u00ed slu\u017eba St\u011bhov\u00e1n\u00ed t\u011b\u017ek\u00fdch b\u0159emen St\u011bhov\u00e1n\u00edm t\u011b\u017ek\u00fdch b\u0159emen se na\u0161e firma zab\u00fdv\u00e1 s dlouholetou zku\u0161enost\u00ed, stejn\u011b jako st\u011bhov\u00e1n\u00ed stroj\u016f. Za na\u0161i kvalitu a spolehlivost vypov\u00eddaj\u00ed na\u0161e reference. P\u0159i st\u011bhov\u00e1n\u00ed t\u011b\u017ek\u00fdch b\u0159emen vyu\u017e\u00edv\u00e1me v\u017edy tu nejmodern\u011bj\u0161\u00ed techniku, je\u0159\u00e1by a stroje. Va\u0161e za\u0159\u00edzen\u00ed je b\u011bhem st\u011bhov\u00e1n\u00ed v\u017edy v bezpe\u010d\u00ed a pod dohledem na\u0161ich profesion\u00e1l\u016f. Zobrazit v\u00edce [&hellip;]","og_url":"https:\/\/jumbo-stehovani.cz\/en\/sluzby\/","og_site_name":"Jumbo St\u011bhov\u00e1n\u00ed","article_modified_time":"2025-09-25T14:22:26+00:00","og_image":[{"width":168,"height":168,"url":"https:\/\/jumbo-stehovani.cz\/wp-content\/uploads\/2016\/06\/sluzba-ikona.png","type":"image\/png"}],"twitter_card":"summary_large_image","twitter_misc":{"Estimated reading time":"2 minutes"},"schema":{"@context":"https:\/\/schema.org","@graph":[{"@type":"WebPage","@id":"https:\/\/jumbo-stehovani.cz\/sluzby\/","url":"https:\/\/jumbo-stehovani.cz\/sluzby\/","name":"Slu\u017eby - Jumbo St\u011bhov\u00e1n\u00ed","isPartOf":{"@id":"https:\/\/jumbo-stehovani.cz\/#website"},"primaryImageOfPage":{"@id":"https:\/\/jumbo-stehovani.cz\/sluzby\/#primaryimage"},"image":{"@id":"https:\/\/jumbo-stehovani.cz\/sluzby\/#primaryimage"},"thumbnailUrl":"https:\/\/jumbo-stehovani.cz\/wp-content\/uploads\/2016\/06\/sluzba-ikona.png","datePublished":"2016-06-21T10:35:08+00:00","dateModified":"2025-09-25T14:22:26+00:00","breadcrumb":{"@id":"https:\/\/jumbo-stehovani.cz\/sluzby\/#breadcrumb"},"inLanguage":"en-GB","potentialAction":[{"@type":"ReadAction","target":["https:\/\/jumbo-stehovani.cz\/sluzby\/"]}]},{"@type":"ImageObject","inLanguage":"en-GB","@id":"https:\/\/jumbo-stehovani.cz\/sluzby\/#primaryimage","url":"https:\/\/jumbo-stehovani.cz\/wp-content\/uploads\/2016\/06\/sluzba-ikona.png","contentUrl":"https:\/\/jumbo-stehovani.cz\/wp-content\/uploads\/2016\/06\/sluzba-ikona.png","width":168,"height":168},{"@type":"BreadcrumbList","@id":"https:\/\/jumbo-stehovani.cz\/sluzby\/#breadcrumb","itemListElement":[{"@type":"ListItem","position":1,"name":"Dom\u016f","item":"https:\/\/jumbo-stehovani.cz\/"},{"@type":"ListItem","position":2,"name":"Slu\u017eby"}]},{"@type":"WebSite","@id":"https:\/\/jumbo-stehovani.cz\/#website","url":"https:\/\/jumbo-stehovani.cz\/","name":"Jumbo St\u011bhov\u00e1n\u00ed","description":"","publisher":{"@id":"https:\/\/jumbo-stehovani.cz\/#organization"},"potentialAction":[{"@type":"SearchAction","target":{"@type":"EntryPoint","urlTemplate":"https:\/\/jumbo-stehovani.cz\/?s={search_term_string}"},"query-input":{"@type":"PropertyValueSpecification","valueRequired":true,"valueName":"search_term_string"}}],"inLanguage":"en-GB"},{"@type":"Organization","@id":"https:\/\/jumbo-stehovani.cz\/#organization","name":"Jumbo St\u011bhov\u00e1n\u00ed","url":"https:\/\/jumbo-stehovani.cz\/","logo":{"@type":"ImageObject","inLanguage":"en-GB","@id":"https:\/\/jumbo-stehovani.cz\/#\/schema\/logo\/image\/","url":"https:\/\/jumbo-stehovani.cz\/wp-content\/uploads\/2025\/09\/menu-logo.png","contentUrl":"https:\/\/jumbo-stehovani.cz\/wp-content\/uploads\/2025\/09\/menu-logo.png","width":90,"height":47,"caption":"Jumbo St\u011bhov\u00e1n\u00ed"},"image":{"@id":"https:\/\/jumbo-stehovani.cz\/#\/schema\/logo\/image\/"}}]}},"_links":{"self":[{"href":"https:\/\/jumbo-stehovani.cz\/en\/wp-json\/wp\/v2\/pages\/15","targetHints":{"allow":["GET"]}}],"collection":[{"href":"https:\/\/jumbo-stehovani.cz\/en\/wp-json\/wp\/v2\/pages"}],"about":[{"href":"https:\/\/jumbo-stehovani.cz\/en\/wp-json\/wp\/v2\/types\/page"}],"author":[{"embeddable":true,"href":"https:\/\/jumbo-stehovani.cz\/en\/wp-json\/wp\/v2\/users\/1"}],"replies":[{"embeddable":true,"href":"https:\/\/jumbo-stehovani.cz\/en\/wp-json\/wp\/v2\/comments?post=15"}],"version-history":[{"count":7,"href":"https:\/\/jumbo-stehovani.cz\/en\/wp-json\/wp\/v2\/pages\/15\/revisions"}],"predecessor-version":[{"id":301,"href":"https:\/\/jumbo-stehovani.cz\/en\/wp-json\/wp\/v2\/pages\/15\/revisions\/301"}],"wp:featuredmedia":[{"embeddable":true,"href":"https:\/\/jumbo-stehovani.cz\/en\/wp-json\/wp\/v2\/media\/14"}],"wp:attachment":[{"href":"https:\/\/jumbo-stehovani.cz\/en\/wp-json\/wp\/v2\/media?parent=15"}],"curies":[{"name":"wp","href":"https:\/\/api.w.org\/{rel}","templated":true}]}}