{"id":13,"date":"2016-06-16T14:06:10","date_gmt":"2016-06-16T14:06:10","guid":{"rendered":"http:\/\/jumbo-stehovani.cz\/domu\/"},"modified":"2025-09-27T17:27:35","modified_gmt":"2025-09-27T17:27:35","slug":"domu","status":"publish","type":"page","link":"https:\/\/jumbo-stehovani.cz\/en\/","title":{"rendered":"Dom\u016f"},"content":{"rendered":"<div id=\"top\" class=\"flexcontent\">\n<div id=\"slideshow\" class=\"grid2\">{loadposition slider}<\/div>\n<div id=\"contacts\" class=\"grid2\">\n<div class=\"wrapper-people\">\n<h5>Quick <span class=\"red\">contacts<\/span><\/h5>\n<div id=\"people\">\n<div><img loading=\"lazy\" decoding=\"async\" class=\"size-full wp-image-4\" src=\"http:\/\/jumbo-stehovani.cz\/wp-content\/uploads\/2016\/06\/2.png\" alt=\"\" width=\"85\" height=\"119\">\n<div class=\"name\"><span class=\"red\">Ota Bart\u016fn\u011bk<\/span><\/div>\n<div class=\"position\">Technical and<br>budget consultations<\/div>\n<div class=\"time\">Call 24\/7<\/div>\n<div class=\"phone\">+420 602 323 173<\/div>\n<div class=\"email\"><a href=\"mailto:ota@jumbo-stehovani.cz\">ota@jumbo-stehovani.cz<\/a><\/div>\n<\/div>\n<div><img loading=\"lazy\" decoding=\"async\" class=\"size-full wp-image-5\" src=\"http:\/\/jumbo-stehovani.cz\/wp-content\/uploads\/2016\/06\/dusan_drdaj.png\" alt=\"\" width=\"84\" height=\"119\">\n<div class=\"name\"><span class=\"red\">Du\u0161an Drdaj<\/span><\/div>\n<div class=\"position\">Technical and<br>budget consultations<\/div>\n<div class=\"time\">Call 24\/7<\/div>\n<div class=\"phone\">+420 602 356 800<\/div>\n<div class=\"email\"><a href=\"mailto:dusan@jumbo-stehovani.cz\">dusan@jumbo-stehovani.cz<\/a><\/div>\n<\/div>\n<div><img loading=\"lazy\" decoding=\"async\" class=\"size-full wp-image-6\" src=\"http:\/\/jumbo-stehovani.cz\/wp-content\/uploads\/2016\/06\/jana_horova.png\" alt=\"\" width=\"84\" height=\"119\">\n<div class=\"name\"><span class=\"red\">Office<\/span><\/div>\n<div class=\"position\">Information and<br>orders<\/div>\n<div class=\"time\">Mo - Fri: 8:00 - 18:00<\/div>\n<div class=\"phone\">+420 603 421 332<\/div>\n<div class=\"email\"><a href=\"mailto:dusan@jumbo-stehovani.cz\">dusan@jumbo-stehovani.cz<\/a><\/div>\n<\/div>\n<\/div>\n<div class=\"line\">&nbsp;<\/div>\n<p>Or you can use our form to receive more information: <a class=\"button\" href=\"\/en\/poptavka\/\" hreflang=\"cs\">Contact us<\/a><\/p>\n<\/div>\n<\/div>\n<\/div>\n\n\n\n<p class=\"big\"><strong>Only with us you understand<\/strong>, that the whole moving operation from residential areas to over a several hundred-ton equipment and machinery can go smoothly and with no problem. <span class=\"red\"><strong>We take care of everything for you.<\/strong><\/span><\/p>\n\n\n\n<div class=\"bg\">\n<h2>Moving <span class=\"red\">services<\/span> offer<\/h2>\n<div id=\"prace\" class=\"flexcontent\"><a href=\"\/en\/sluzby\/stehovani-tezkych-bremen\/\" hreflang=\"cs\"><img decoding=\"async\" src=\"http:\/\/jumbo-stehovani.cz\/wp-content\/uploads\/2016\/06\/1.png\" alt=\"\"><span class=\"title\">Moving heavy loads<\/span><\/a> <a href=\"\/en\/sluzby\/stehovani-stroju\/\" hreflang=\"cs\"><img decoding=\"async\" src=\"http:\/\/jumbo-stehovani.cz\/wp-content\/themes\/JumboStehovani\/img\/prace-ikony\/2.png\" alt=\"\"><span class=\"title\">Moving machines<\/span><\/a> <a href=\"\/en\/sluzby\/stehovani-pro-firmy\/\" hreflang=\"cs\"><img decoding=\"async\" src=\"http:\/\/jumbo-stehovani.cz\/wp-content\/uploads\/2016\/06\/3.png\" alt=\"\"><span class=\"title\">Moving for companies<\/span><\/a> <a href=\"\/en\/sluzby\/stehovani-bytu\/\" hreflang=\"cs\"><img decoding=\"async\" src=\"http:\/\/jumbo-stehovani.cz\/wp-content\/uploads\/2016\/06\/4.png\" alt=\"\"><span class=\"title\">Moving apartments<\/span><\/a> <a href=\"\/en\/sluzby\/stehovani-firem-a-kancelari\/\" hreflang=\"cs\"><img decoding=\"async\" src=\"http:\/\/jumbo-stehovani.cz\/wp-content\/uploads\/2016\/06\/5.png\" alt=\"\"><span class=\"title\">Moving companies<\/span><\/a> <a href=\"\/en\/sluzby\/stehovaci-sluzby-profesionalne\/\" hreflang=\"cs\"><img decoding=\"async\" src=\"http:\/\/jumbo-stehovani.cz\/wp-content\/uploads\/2016\/06\/6.png\" alt=\"\"><span class=\"title\">Moving services<\/span><\/a><\/div>\n<p><a class=\"button\" href=\"\/en\/sluzby\/\" hreflang=\"cs\">Show all services<\/a><\/p>\n<\/div>\n\n\n\n<h2 class=\"wp-block-heading\">Why to choose <span class=\"red\">Jumbo<\/span><\/h2>\n\n\n\n<div id=\"duvody\" class=\"flexcontent\">\n<div class=\"grid4\"><img decoding=\"async\" src=\"http:\/\/jumbo-stehovani.cz\/wp-content\/themes\/JumboStehovani\/img\/duvody-ikony\/1.png\" alt=\"\">\n<h3>Professional approach<\/h3>\n<p>Jumbo stehovani provides the entire moving process professionally from planning and schedule to actual implementation. Our professionals and high-tech equipment are at your disposal. We also provide moving apartments and houses in Prague and the Czech Republic. If you use our services in Prague location, you will definitely be satisfied with our speed. We will load everything, deliver to the destination of your choice, and deploy. We guarantee a personal approach and comprehensive services to your satisfaction.<\/p>\n<\/div>\n<div class=\"grid4\"><img decoding=\"async\" src=\"http:\/\/jumbo-stehovani.cz\/wp-content\/themes\/JumboStehovani\/img\/duvody-ikony\/2.png\" alt=\"\">\n<h3>Detailed plan<\/h3>\n<p>We create a moving plan tailored to client and location. We will provide all the necessary documentation, dismantling and disconnecting of moved objects, packing, loading, handling, all carried out with maximum caution, safe transport and new construction at the destination. High weight and oversize objects are no problem for us. We use special handling, lifting and supporting technology. It often happens that moving companies have little experience with a higher load board, but most people know where to go - to the Jumbo stehovani.<\/p>\n<\/div>\n<div class=\"grid4\"><img decoding=\"async\" src=\"http:\/\/jumbo-stehovani.cz\/wp-content\/themes\/JumboStehovani\/img\/duvody-ikony\/3.png\" alt=\"\">\n<h3>Related services<\/h3>\n<p>We recommend to order our services and experts 10 to 14 days in advance, especially if you plan on moving on weekends or holidays. We will advise you on what to remember, what mistakes to avoid and help you with the packaging. We prepare and pack all the things for moving, including personal ones. You need not worry even about small and valuable items. We transport safely even antiques and art objects. We have rich and long experience in our field.<\/p>\n<\/div>\n<div class=\"grid4\"><img decoding=\"async\" src=\"http:\/\/jumbo-stehovani.cz\/wp-content\/themes\/JumboStehovani\/img\/duvody-ikony\/4.png\" alt=\"\">\n<h3>Experiences \/ quality<\/h3>\n<p>We will ensure the smooth moving process, and we are able to flexibly respond to possible complications. Our highly qualified staff is very experienced, professional, and diligent in their work. Their activities is not just to take and move. They must be able to operate special equipment, demontage and constraction of various devices and at the same time realize that they are constantly in direct contact with the client and all should be done to his complete satisfaction.<\/p>\n<\/div>\n<\/div>\n\n\n\n<div class=\"bg doprava\">\n<h2>Domestic and international <span class=\"red\">transport<\/span><\/h2>\n<div id=\"doprava\" class=\"flexcontent\">\n<div class=\"grid2\">\n<ul>\n<li>Zaji\u0161\u0165ujeme p\u0159esun <strong>b\u0159emene do v\u00e1hy 300 tun<\/strong><\/li>\n<li>St\u011bhujeme po cel\u00e9 <strong>\u010cR a Evrop\u011b<\/strong><\/li>\n<li>V p\u0159\u00edpad\u011b pot\u0159eby je mo\u017en\u00e9 zajistit slu\u017eby <strong>v\u010detn\u011b sobot a ned\u011bl\u00ed<\/strong>, i pr\u00e1ce na v\u00edce pracovi\u0161t\u00edch sou\u010dasn\u011b<\/li>\n<li>Dopravu prov\u00e1d\u00edme vozidly <strong>IVECO DAILY<\/strong> a <strong>FIAT SCUDO<\/strong><\/li>\n<li>Jsme vybaveni <strong>obalovou technikou<\/strong> na p\u0159epravu k\u0159ehk\u00e9ho a cenn\u00e9ho n\u00e1kladu<\/li>\n<li>Zaji\u0161\u0165ujeme kompletn\u00ed <strong>demont\u00e1\u017e a mont\u00e1\u017e n\u00e1bytku<\/strong>, zabalen\u00ed osobn\u00edch v\u011bc\u00ed p\u0159ed vyst\u011bhov\u00e1n\u00edmv<\/li>\n<li>Jsme <strong>poji\u0161t\u011bni proti po\u0161kozen\u00ed p\u0159epravn\u00edho n\u00e1kladu<\/strong> (15 mil. K\u010d) a ru\u010d\u00edme za bez\u00fahonnost pracovn\u00edk\u016f prov\u00e1d\u011bj\u00edc\u00edch tyto pr\u00e1ce<\/li>\n<li>V p\u0159\u00edpad\u011b likvidace nepot\u0159ebn\u00e9ho n\u00e1bytku vyu\u017e\u00edv\u00e1me skl\u00e1dek, p\u0159\u00edpadn\u011b sb\u011brn\u00fdch dvor\u016f.<\/li>\n<li>Demont\u00e1\u017ee a mont\u00e1\u017ee n\u00e1bytku u st\u011bhov\u00e1n\u00ed byt\u016f a rodinn\u00fdch dom\u016f<\/li>\n<li><strong>Pl\u00e1nov\u00e1n\u00ed trasy<\/strong><\/li>\n<li>Expresn\u00ed autodoprava<\/li>\n<li><strong>St\u011bhov\u00e1n\u00ed na kl\u00ed\u010d<\/strong> \u2013 od zabalen\u00ed po vybalen\u00ed<\/li>\n<li>Vykl\u00edzen\u00ed s likvidac\u00ed nepot\u0159ebn\u00e9ho n\u00e1bytku&nbsp;<\/li>\n<li>\u00daklidov\u00e9 pr\u00e1ce po st\u011bhov\u00e1n\u00ed<\/li>\n<\/ul>\n<\/div>\n<div class=\"grid2\">&nbsp;<\/div>\n<\/div>\n<\/div>\n\n\n\n<h2 class=\"wp-block-heading\">About <span class=\"red\">Jumbo st\u011bhov\u00e1n\u00ed<\/span><\/h2>\n\n\n\n<div id=\"novinky\" class=\"flexcontent\">\n<div class=\"grid2\">{loadposition homepage-novinky}\n<div class=\"line\">&nbsp;<\/div>\n<div id=\"archiv\"><a href=\"index.php?option=com_content&amp;Itemid=176\" hreflang=\"cs\">Zobrazit archiv<\/a>\n<div><!--?php $model = JModelLegacy::getInstance('Articles', 'ContentModel'); $model-&gt;setState('filter.category_id', 8); $articles = $model-&gt;getItems(); $count = count($articles);&lt;br ?--> if($count == 0 || $count &gt; 4){<br>$word = &#8222;\u010dl\u00e1nk\u016f&#8220;;<br>} elseif($count == 1) {<br>$word = &#8222;\u010dl\u00e1nek&#8220;;<br>} else {<br>$word = &#8222;\u010dl\u00e1nky&#8220;;<br>}<br>echo $count.&#8220; &#8222;.$word;<br>?&gt;<\/div>\n<\/div>\n<\/div>\n<div class=\"grid2\"><img decoding=\"async\" class=\"red-bottom\" src=\"http:\/\/jumbo-stehovani.cz\/wp-content\/uploads\/2016\/06\/homepage-about.png\" alt=\"\">\n<p>Jumbo stehovani provides moving heavy loads and machinery (weights up to 300 tons, including montages and demontages of machinery), moving appartments and houses, company offices and companies, moving banks and offices, warehouses and shops, as well as moving basements and attics. We move all over the country and abroad.\n\nOur company is specialized in this field and we own both a technical and professional staff and machinery.\n\nWe will move not only in Prague but throughout the Czech Republic and in Europe, including customs clearance. We can work even with the most demanding requirements of our clients. We are specialist in moving heavy loads and moving heavy machinery. Moving is a breeze for us. Machines are arranged, analyzed, delivered and montaged by us. We provide transfer of loads of weight to 300 tons. Then we focus on household moving, moving companies and moving in Prague. Everything is solved individually according to customer's needs, whether it is business or private person.<\/p>\n<p>Our company is specialized in this field and we own both a technical and professional staff and machinery.<\/p>\n<p>We will move not only in Prague but throughout the Czech Republic and in Europe, including customs clearance. We can work even with the most demanding requirements of our clients. We are specialist in moving heavy loads and moving heavy machinery. Moving is a breeze for us. Machines are arranged, analyzed, delivered and montaged by us. We provide transfer of loads of weight to 300 tons. Then we focus on household moving, moving companies and moving in Prague. Everything is solved individually according to customer's needs, whether it is business or private person.<\/p>\n<\/div>\n<\/div>","protected":false},"excerpt":{"rendered":"<p>{loadposition slider} Rychl\u00e9 kontakty Ota Bart\u016fn\u011bk Technick\u00e9 acenov\u00e9 konzultace Volat 24h denn\u011b +420 602 323 173 ota@jumbo-stehovani.cz Du\u0161an Drdaj Technick\u00e9 acenov\u00e9 konzultace Volat 24h denn\u011b +420 602 356 800 dusan@jumbo-stehovani.cz Kancel\u00e1\u0159 Informace aobjedn\u00e1vky Po &#8211; So: 8:00 &#8211; 18:00 +420 603 421 332 dusan@jumbo-stehovani.cz &nbsp; Nebo vyu\u017eijte n\u00e1\u0161 popt\u00e1vkov\u00fd formul\u00e1\u0159: Popt\u00e1vkov\u00fd formul\u00e1\u0159 Teprve s n\u00e1mi [&hellip;]<\/p>","protected":false},"author":1,"featured_media":4,"parent":0,"menu_order":35,"comment_status":"closed","ping_status":"closed","template":"","meta":{"ngg_post_thumbnail":0,"footnotes":""},"class_list":["post-13","page","type-page","status-publish","hentry"],"yoast_head":"<!-- This site is optimized with the Yoast SEO plugin v26.0 - https:\/\/yoast.com\/wordpress\/plugins\/seo\/ -->\n<title>Dom\u016f - Jumbo St\u011bhov\u00e1n\u00ed<\/title>\n<meta name=\"robots\" content=\"index, follow, max-snippet:-1, max-image-preview:large, max-video-preview:-1\" \/>\n<link rel=\"canonical\" href=\"https:\/\/jumbo-stehovani.cz\/en\/\" \/>\n<meta property=\"og:locale\" content=\"en_GB\" \/>\n<meta property=\"og:type\" content=\"article\" \/>\n<meta property=\"og:title\" content=\"Dom\u016f - Jumbo St\u011bhov\u00e1n\u00ed\" \/>\n<meta property=\"og:description\" content=\"{loadposition slider} Rychl\u00e9 kontakty Ota Bart\u016fn\u011bk Technick\u00e9 acenov\u00e9 konzultace Volat 24h denn\u011b +420 602 323 173 ota@jumbo-stehovani.cz Du\u0161an Drdaj Technick\u00e9 acenov\u00e9 konzultace Volat 24h denn\u011b +420 602 356 800 dusan@jumbo-stehovani.cz Kancel\u00e1\u0159 Informace aobjedn\u00e1vky Po &#8211; So: 8:00 &#8211; 18:00 +420 603 421 332 dusan@jumbo-stehovani.cz &nbsp; Nebo vyu\u017eijte n\u00e1\u0161 popt\u00e1vkov\u00fd formul\u00e1\u0159: Popt\u00e1vkov\u00fd formul\u00e1\u0159 Teprve s n\u00e1mi [&hellip;]\" \/>\n<meta property=\"og:url\" content=\"https:\/\/jumbo-stehovani.cz\/en\/\" \/>\n<meta property=\"og:site_name\" content=\"Jumbo St\u011bhov\u00e1n\u00ed\" \/>\n<meta property=\"article:modified_time\" content=\"2025-09-27T17:27:35+00:00\" \/>\n<meta property=\"og:image\" content=\"https:\/\/jumbo-stehovani.cz\/wp-content\/uploads\/2016\/06\/2.png\" \/>\n\t<meta property=\"og:image:width\" content=\"85\" \/>\n\t<meta property=\"og:image:height\" content=\"119\" \/>\n\t<meta property=\"og:image:type\" content=\"image\/png\" \/>\n<meta name=\"twitter:card\" content=\"summary_large_image\" \/>\n<meta name=\"twitter:label1\" content=\"Estimated reading time\" \/>\n\t<meta name=\"twitter:data1\" content=\"5 minutes\" \/>\n<script type=\"application\/ld+json\" class=\"yoast-schema-graph\">{\"@context\":\"https:\/\/schema.org\",\"@graph\":[{\"@type\":\"WebPage\",\"@id\":\"https:\/\/jumbo-stehovani.cz\/\",\"url\":\"https:\/\/jumbo-stehovani.cz\/\",\"name\":\"Dom\u016f - Jumbo St\u011bhov\u00e1n\u00ed\",\"isPartOf\":{\"@id\":\"https:\/\/jumbo-stehovani.cz\/#website\"},\"primaryImageOfPage\":{\"@id\":\"https:\/\/jumbo-stehovani.cz\/#primaryimage\"},\"image\":{\"@id\":\"https:\/\/jumbo-stehovani.cz\/#primaryimage\"},\"thumbnailUrl\":\"https:\/\/jumbo-stehovani.cz\/wp-content\/uploads\/2016\/06\/2.png\",\"datePublished\":\"2016-06-16T14:06:10+00:00\",\"dateModified\":\"2025-09-27T17:27:35+00:00\",\"breadcrumb\":{\"@id\":\"https:\/\/jumbo-stehovani.cz\/#breadcrumb\"},\"inLanguage\":\"en-GB\",\"potentialAction\":[{\"@type\":\"ReadAction\",\"target\":[\"https:\/\/jumbo-stehovani.cz\/\"]}]},{\"@type\":\"ImageObject\",\"inLanguage\":\"en-GB\",\"@id\":\"https:\/\/jumbo-stehovani.cz\/#primaryimage\",\"url\":\"https:\/\/jumbo-stehovani.cz\/wp-content\/uploads\/2016\/06\/2.png\",\"contentUrl\":\"https:\/\/jumbo-stehovani.cz\/wp-content\/uploads\/2016\/06\/2.png\",\"width\":85,\"height\":119},{\"@type\":\"BreadcrumbList\",\"@id\":\"https:\/\/jumbo-stehovani.cz\/#breadcrumb\",\"itemListElement\":[{\"@type\":\"ListItem\",\"position\":1,\"name\":\"Dom\u016f\",\"item\":\"https:\/\/jumbo-stehovani.cz\/\"},{\"@type\":\"ListItem\",\"position\":2,\"name\":\"Dom\u016f\"}]},{\"@type\":\"WebSite\",\"@id\":\"https:\/\/jumbo-stehovani.cz\/#website\",\"url\":\"https:\/\/jumbo-stehovani.cz\/\",\"name\":\"Jumbo St\u011bhov\u00e1n\u00ed\",\"description\":\"\",\"publisher\":{\"@id\":\"https:\/\/jumbo-stehovani.cz\/#organization\"},\"potentialAction\":[{\"@type\":\"SearchAction\",\"target\":{\"@type\":\"EntryPoint\",\"urlTemplate\":\"https:\/\/jumbo-stehovani.cz\/?s={search_term_string}\"},\"query-input\":{\"@type\":\"PropertyValueSpecification\",\"valueRequired\":true,\"valueName\":\"search_term_string\"}}],\"inLanguage\":\"en-GB\"},{\"@type\":\"Organization\",\"@id\":\"https:\/\/jumbo-stehovani.cz\/#organization\",\"name\":\"Jumbo St\u011bhov\u00e1n\u00ed\",\"url\":\"https:\/\/jumbo-stehovani.cz\/\",\"logo\":{\"@type\":\"ImageObject\",\"inLanguage\":\"en-GB\",\"@id\":\"https:\/\/jumbo-stehovani.cz\/#\/schema\/logo\/image\/\",\"url\":\"https:\/\/jumbo-stehovani.cz\/wp-content\/uploads\/2025\/09\/menu-logo.png\",\"contentUrl\":\"https:\/\/jumbo-stehovani.cz\/wp-content\/uploads\/2025\/09\/menu-logo.png\",\"width\":90,\"height\":47,\"caption\":\"Jumbo St\u011bhov\u00e1n\u00ed\"},\"image\":{\"@id\":\"https:\/\/jumbo-stehovani.cz\/#\/schema\/logo\/image\/\"}}]}<\/script>\n<!-- \/ Yoast SEO plugin. -->","yoast_head_json":{"title":"Dom\u016f - Jumbo St\u011bhov\u00e1n\u00ed","robots":{"index":"index","follow":"follow","max-snippet":"max-snippet:-1","max-image-preview":"max-image-preview:large","max-video-preview":"max-video-preview:-1"},"canonical":"https:\/\/jumbo-stehovani.cz\/en\/","og_locale":"en_GB","og_type":"article","og_title":"Dom\u016f - Jumbo St\u011bhov\u00e1n\u00ed","og_description":"{loadposition slider} Rychl\u00e9 kontakty Ota Bart\u016fn\u011bk Technick\u00e9 acenov\u00e9 konzultace Volat 24h denn\u011b +420 602 323 173 ota@jumbo-stehovani.cz Du\u0161an Drdaj Technick\u00e9 acenov\u00e9 konzultace Volat 24h denn\u011b +420 602 356 800 dusan@jumbo-stehovani.cz Kancel\u00e1\u0159 Informace aobjedn\u00e1vky Po &#8211; So: 8:00 &#8211; 18:00 +420 603 421 332 dusan@jumbo-stehovani.cz &nbsp; Nebo vyu\u017eijte n\u00e1\u0161 popt\u00e1vkov\u00fd formul\u00e1\u0159: Popt\u00e1vkov\u00fd formul\u00e1\u0159 Teprve s n\u00e1mi [&hellip;]","og_url":"https:\/\/jumbo-stehovani.cz\/en\/","og_site_name":"Jumbo St\u011bhov\u00e1n\u00ed","article_modified_time":"2025-09-27T17:27:35+00:00","og_image":[{"width":85,"height":119,"url":"https:\/\/jumbo-stehovani.cz\/wp-content\/uploads\/2016\/06\/2.png","type":"image\/png"}],"twitter_card":"summary_large_image","twitter_misc":{"Estimated reading time":"5 minutes"},"schema":{"@context":"https:\/\/schema.org","@graph":[{"@type":"WebPage","@id":"https:\/\/jumbo-stehovani.cz\/","url":"https:\/\/jumbo-stehovani.cz\/","name":"Dom\u016f - Jumbo St\u011bhov\u00e1n\u00ed","isPartOf":{"@id":"https:\/\/jumbo-stehovani.cz\/#website"},"primaryImageOfPage":{"@id":"https:\/\/jumbo-stehovani.cz\/#primaryimage"},"image":{"@id":"https:\/\/jumbo-stehovani.cz\/#primaryimage"},"thumbnailUrl":"https:\/\/jumbo-stehovani.cz\/wp-content\/uploads\/2016\/06\/2.png","datePublished":"2016-06-16T14:06:10+00:00","dateModified":"2025-09-27T17:27:35+00:00","breadcrumb":{"@id":"https:\/\/jumbo-stehovani.cz\/#breadcrumb"},"inLanguage":"en-GB","potentialAction":[{"@type":"ReadAction","target":["https:\/\/jumbo-stehovani.cz\/"]}]},{"@type":"ImageObject","inLanguage":"en-GB","@id":"https:\/\/jumbo-stehovani.cz\/#primaryimage","url":"https:\/\/jumbo-stehovani.cz\/wp-content\/uploads\/2016\/06\/2.png","contentUrl":"https:\/\/jumbo-stehovani.cz\/wp-content\/uploads\/2016\/06\/2.png","width":85,"height":119},{"@type":"BreadcrumbList","@id":"https:\/\/jumbo-stehovani.cz\/#breadcrumb","itemListElement":[{"@type":"ListItem","position":1,"name":"Dom\u016f","item":"https:\/\/jumbo-stehovani.cz\/"},{"@type":"ListItem","position":2,"name":"Dom\u016f"}]},{"@type":"WebSite","@id":"https:\/\/jumbo-stehovani.cz\/#website","url":"https:\/\/jumbo-stehovani.cz\/","name":"Jumbo St\u011bhov\u00e1n\u00ed","description":"","publisher":{"@id":"https:\/\/jumbo-stehovani.cz\/#organization"},"potentialAction":[{"@type":"SearchAction","target":{"@type":"EntryPoint","urlTemplate":"https:\/\/jumbo-stehovani.cz\/?s={search_term_string}"},"query-input":{"@type":"PropertyValueSpecification","valueRequired":true,"valueName":"search_term_string"}}],"inLanguage":"en-GB"},{"@type":"Organization","@id":"https:\/\/jumbo-stehovani.cz\/#organization","name":"Jumbo St\u011bhov\u00e1n\u00ed","url":"https:\/\/jumbo-stehovani.cz\/","logo":{"@type":"ImageObject","inLanguage":"en-GB","@id":"https:\/\/jumbo-stehovani.cz\/#\/schema\/logo\/image\/","url":"https:\/\/jumbo-stehovani.cz\/wp-content\/uploads\/2025\/09\/menu-logo.png","contentUrl":"https:\/\/jumbo-stehovani.cz\/wp-content\/uploads\/2025\/09\/menu-logo.png","width":90,"height":47,"caption":"Jumbo St\u011bhov\u00e1n\u00ed"},"image":{"@id":"https:\/\/jumbo-stehovani.cz\/#\/schema\/logo\/image\/"}}]}},"_links":{"self":[{"href":"https:\/\/jumbo-stehovani.cz\/en\/wp-json\/wp\/v2\/pages\/13","targetHints":{"allow":["GET"]}}],"collection":[{"href":"https:\/\/jumbo-stehovani.cz\/en\/wp-json\/wp\/v2\/pages"}],"about":[{"href":"https:\/\/jumbo-stehovani.cz\/en\/wp-json\/wp\/v2\/types\/page"}],"author":[{"embeddable":true,"href":"https:\/\/jumbo-stehovani.cz\/en\/wp-json\/wp\/v2\/users\/1"}],"replies":[{"embeddable":true,"href":"https:\/\/jumbo-stehovani.cz\/en\/wp-json\/wp\/v2\/comments?post=13"}],"version-history":[{"count":12,"href":"https:\/\/jumbo-stehovani.cz\/en\/wp-json\/wp\/v2\/pages\/13\/revisions"}],"predecessor-version":[{"id":440,"href":"https:\/\/jumbo-stehovani.cz\/en\/wp-json\/wp\/v2\/pages\/13\/revisions\/440"}],"wp:featuredmedia":[{"embeddable":true,"href":"https:\/\/jumbo-stehovani.cz\/en\/wp-json\/wp\/v2\/media\/4"}],"wp:attachment":[{"href":"https:\/\/jumbo-stehovani.cz\/en\/wp-json\/wp\/v2\/media?parent=13"}],"curies":[{"name":"wp","href":"https:\/\/api.w.org\/{rel}","templated":true}]}}